{"id":4078,"date":"2021-01-26T07:43:32","date_gmt":"2021-01-26T07:43:32","guid":{"rendered":"https:\/\/www.tecnoperfil.com.br\/es\/?page_id=4078"},"modified":"2024-03-13T14:11:08","modified_gmt":"2024-03-13T17:11:08","slug":"perfiles-para-mostradores-y-islas","status":"publish","type":"page","link":"https:\/\/www.tecnoperfil.com.br\/es\/perfiles-para-mostradores-y-islas\/","title":{"rendered":"PERFILES PARA MOSTRADORES Y ISLAS"},"content":{"rendered":"\t\t<div data-elementor-type=\"wp-page\" data-elementor-id=\"4078\" class=\"elementor elementor-4078\">\n\t\t\t\t\t\t<div class=\"elementor-inner\">\n\t\t\t\t<div class=\"elementor-section-wrap\">\n\t\t\t\t\t\t\t\t\t<section class=\"elementor-section elementor-top-section elementor-element elementor-element-18a74965 elementor-section-boxed elementor-section-height-default elementor-section-height-default\" data-id=\"18a74965\" data-element_type=\"section\">\n\t\t\t\t\t\t<div class=\"elementor-container elementor-column-gap-default\">\n\t\t\t\t\t\t\t<div class=\"elementor-row\">\n\t\t\t\t\t<div class=\"elementor-column elementor-col-100 elementor-top-column elementor-element elementor-element-5075f67c\" data-id=\"5075f67c\" data-element_type=\"column\">\n\t\t\t<div class=\"elementor-column-wrap elementor-element-populated\">\n\t\t\t\t\t\t\t<div class=\"elementor-widget-wrap\">\n\t\t\t\t\t\t<div class=\"elementor-element elementor-element-3876ce87 elementor-widget elementor-widget-heading\" data-id=\"3876ce87\" data-element_type=\"widget\" data-widget_type=\"heading.default\">\n\t\t\t\t<div class=\"elementor-widget-container\">\n\t\t\t<h1 class=\"elementor-heading-title elementor-size-default\">PERFILES PARA L\u00cdNEA FITNESS<\/h1>\t\t<\/div>\n\t\t\t\t<\/div>\n\t\t\t\t\t\t<\/div>\n\t\t\t\t\t<\/div>\n\t\t<\/div>\n\t\t\t\t\t\t\t\t<\/div>\n\t\t\t\t\t<\/div>\n\t\t<\/section>\n\t\t\t\t<section class=\"elementor-section elementor-top-section elementor-element elementor-element-16ba8161 elementor-section-boxed elementor-section-height-default elementor-section-height-default\" data-id=\"16ba8161\" data-element_type=\"section\">\n\t\t\t\t\t\t<div class=\"elementor-container elementor-column-gap-default\">\n\t\t\t\t\t\t\t<div class=\"elementor-row\">\n\t\t\t\t\t<div class=\"elementor-column elementor-col-100 elementor-top-column elementor-element elementor-element-6d8dd787\" data-id=\"6d8dd787\" data-element_type=\"column\">\n\t\t\t<div class=\"elementor-column-wrap elementor-element-populated\">\n\t\t\t\t\t\t\t<div class=\"elementor-widget-wrap\">\n\t\t\t\t\t\t<section class=\"elementor-section elementor-inner-section elementor-element elementor-element-4a15def7 elementor-section-full_width elementor-section-height-default elementor-section-height-default\" data-id=\"4a15def7\" data-element_type=\"section\">\n\t\t\t\t\t\t<div class=\"elementor-container elementor-column-gap-default\">\n\t\t\t\t\t\t\t<div class=\"elementor-row\">\n\t\t\t\t\t<div class=\"elementor-column elementor-col-33 elementor-inner-column elementor-element elementor-element-7b76d1eb animated-fast elementor-invisible\" data-id=\"7b76d1eb\" data-element_type=\"column\" data-settings=\"{&quot;animation&quot;:&quot;fadeInUp&quot;}\">\n\t\t\t<div class=\"elementor-column-wrap elementor-element-populated\">\n\t\t\t\t\t\t\t<div class=\"elementor-widget-wrap\">\n\t\t\t\t\t\t<div class=\"elementor-element elementor-element-f00067b elementor-position-top elementor-vertical-align-top elementor-widget elementor-widget-image-box\" data-id=\"f00067b\" data-element_type=\"widget\" data-widget_type=\"image-box.default\">\n\t\t\t\t<div class=\"elementor-widget-container\">\n\t\t\t<div class=\"elementor-image-box-wrapper\"><figure class=\"elementor-image-box-img\"><a href=\"https:\/\/www.tecnoperfil.com.br\/es\/perfiles-para-check-out-en-pvc-tec-178\/\"><img decoding=\"async\" width=\"800\" height=\"764\" src=\"https:\/\/www.tecnoperfil.com.br\/es\/wp-content\/uploads\/2020\/10\/PERFIS-PARA-CHECK-OUT-EM-PVC-TEC-178.jpg\" class=\"elementor-animation-float attachment-full size-full wp-image-626\" alt=\"PERFIS PARA CHECK OUT EM PVC - TEC 178\" loading=\"lazy\" srcset=\"https:\/\/www.tecnoperfil.com.br\/es\/wp-content\/uploads\/2020\/10\/PERFIS-PARA-CHECK-OUT-EM-PVC-TEC-178.jpg 800w, https:\/\/www.tecnoperfil.com.br\/es\/wp-content\/uploads\/2020\/10\/PERFIS-PARA-CHECK-OUT-EM-PVC-TEC-178-300x287.jpg 300w, https:\/\/www.tecnoperfil.com.br\/es\/wp-content\/uploads\/2020\/10\/PERFIS-PARA-CHECK-OUT-EM-PVC-TEC-178-768x733.jpg 768w\" sizes=\"(max-width: 800px) 100vw, 800px\" \/><\/a><\/figure><div class=\"elementor-image-box-content\"><h3 class=\"elementor-image-box-title\"><a href=\"https:\/\/www.tecnoperfil.com.br\/es\/perfiles-para-check-out-en-pvc-tec-178\/\">PERFILES PARA CHECK OUT EN PVC \u2013 TEC 178<\/a><\/h3><\/div><\/div>\t\t<\/div>\n\t\t\t\t<\/div>\n\t\t\t\t<div class=\"elementor-element elementor-element-4e31b854 elementor-align-center elementor-mobile-align-center elementor-widget elementor-widget-button\" data-id=\"4e31b854\" data-element_type=\"widget\" data-widget_type=\"button.default\">\n\t\t\t\t<div class=\"elementor-widget-container\">\n\t\t\t\t\t<div class=\"elementor-button-wrapper\">\n\t\t\t<a href=\"https:\/\/www.tecnoperfil.com.br\/es\/perfiles-para-check-out-en-pvc-tec-178\/\" class=\"elementor-button-link elementor-button elementor-size-sm\" role=\"button\">\n\t\t\t\t\t\t<span class=\"elementor-button-content-wrapper\">\n\t\t\t\t\t\t<span class=\"elementor-button-text\">SEPA M\u00c1S<\/span>\n\t\t<\/span>\n\t\t\t\t\t<\/a>\n\t\t<\/div>\n\t\t\t\t<\/div>\n\t\t\t\t<\/div>\n\t\t\t\t\t\t<\/div>\n\t\t\t\t\t<\/div>\n\t\t<\/div>\n\t\t\t\t<div class=\"elementor-column elementor-col-33 elementor-inner-column elementor-element elementor-element-214f435d animated-fast elementor-invisible\" data-id=\"214f435d\" data-element_type=\"column\" data-settings=\"{&quot;animation&quot;:&quot;fadeInUp&quot;}\">\n\t\t\t<div class=\"elementor-column-wrap elementor-element-populated\">\n\t\t\t\t\t\t\t<div class=\"elementor-widget-wrap\">\n\t\t\t\t\t\t<div class=\"elementor-element elementor-element-7279df3b elementor-position-top elementor-vertical-align-top elementor-widget elementor-widget-image-box\" data-id=\"7279df3b\" data-element_type=\"widget\" data-widget_type=\"image-box.default\">\n\t\t\t\t<div class=\"elementor-widget-container\">\n\t\t\t<div class=\"elementor-image-box-wrapper\"><figure class=\"elementor-image-box-img\"><a href=\"https:\/\/www.tecnoperfil.com.br\/es\/protector-de-pared-guarda-camillas-en-pvc-tec-267\/\"><img decoding=\"async\" width=\"800\" height=\"764\" src=\"https:\/\/www.tecnoperfil.com.br\/es\/wp-content\/uploads\/2020\/10\/PERFIS-PARA-BALCOES-E-ILHAS-EM-PVC-TEC-267.jpg\" class=\"elementor-animation-float attachment-full size-full wp-image-625\" alt=\"PERFIS PARA BALC\u00d5ES E ILHAS EM PVC - TEC 267\" loading=\"lazy\" srcset=\"https:\/\/www.tecnoperfil.com.br\/es\/wp-content\/uploads\/2020\/10\/PERFIS-PARA-BALCOES-E-ILHAS-EM-PVC-TEC-267.jpg 800w, https:\/\/www.tecnoperfil.com.br\/es\/wp-content\/uploads\/2020\/10\/PERFIS-PARA-BALCOES-E-ILHAS-EM-PVC-TEC-267-300x287.jpg 300w, https:\/\/www.tecnoperfil.com.br\/es\/wp-content\/uploads\/2020\/10\/PERFIS-PARA-BALCOES-E-ILHAS-EM-PVC-TEC-267-768x733.jpg 768w\" sizes=\"(max-width: 800px) 100vw, 800px\" \/><\/a><\/figure><div class=\"elementor-image-box-content\"><h3 class=\"elementor-image-box-title\"><a href=\"https:\/\/www.tecnoperfil.com.br\/es\/protector-de-pared-guarda-camillas-en-pvc-tec-267\/\">Perfil bumper \u2013 TEC 267<\/a><\/h3><\/div><\/div>\t\t<\/div>\n\t\t\t\t<\/div>\n\t\t\t\t<div class=\"elementor-element elementor-element-77ee69b4 elementor-align-center elementor-mobile-align-center elementor-widget elementor-widget-button\" data-id=\"77ee69b4\" data-element_type=\"widget\" data-widget_type=\"button.default\">\n\t\t\t\t<div class=\"elementor-widget-container\">\n\t\t\t\t\t<div class=\"elementor-button-wrapper\">\n\t\t\t<a href=\"https:\/\/www.tecnoperfil.com.br\/es\/protector-de-pared-guarda-camillas-en-pvc-tec-267\/\" class=\"elementor-button-link elementor-button elementor-size-sm\" role=\"button\">\n\t\t\t\t\t\t<span class=\"elementor-button-content-wrapper\">\n\t\t\t\t\t\t<span class=\"elementor-button-text\">SEPA M\u00c1S<\/span>\n\t\t<\/span>\n\t\t\t\t\t<\/a>\n\t\t<\/div>\n\t\t\t\t<\/div>\n\t\t\t\t<\/div>\n\t\t\t\t\t\t<\/div>\n\t\t\t\t\t<\/div>\n\t\t<\/div>\n\t\t\t\t<div class=\"elementor-column elementor-col-33 elementor-inner-column elementor-element elementor-element-62abefe1 animated-fast elementor-invisible\" data-id=\"62abefe1\" data-element_type=\"column\" data-settings=\"{&quot;animation&quot;:&quot;fadeInUp&quot;}\">\n\t\t\t<div class=\"elementor-column-wrap\">\n\t\t\t\t\t\t\t<div class=\"elementor-widget-wrap\">\n\t\t\t\t\t\t\t\t<\/div>\n\t\t\t\t\t<\/div>\n\t\t<\/div>\n\t\t\t\t\t\t\t\t<\/div>\n\t\t\t\t\t<\/div>\n\t\t<\/section>\n\t\t\t\t\t\t<\/div>\n\t\t\t\t\t<\/div>\n\t\t<\/div>\n\t\t\t\t\t\t\t\t<\/div>\n\t\t\t\t\t<\/div>\n\t\t<\/section>\n\t\t\t\t<section class=\"elementor-section elementor-top-section elementor-element elementor-element-ab0d57b elementor-section-boxed elementor-section-height-default elementor-section-height-default\" data-id=\"ab0d57b\" data-element_type=\"section\" data-settings=\"{&quot;background_background&quot;:&quot;classic&quot;}\">\n\t\t\t\t\t\t\t<div class=\"elementor-background-overlay\"><\/div>\n\t\t\t\t\t\t\t<div class=\"elementor-container elementor-column-gap-default\">\n\t\t\t\t\t\t\t<div class=\"elementor-row\">\n\t\t\t\t\t<div class=\"elementor-column elementor-col-100 elementor-top-column elementor-element elementor-element-a267445\" data-id=\"a267445\" data-element_type=\"column\">\n\t\t\t<div class=\"elementor-column-wrap elementor-element-populated\">\n\t\t\t\t\t\t\t<div class=\"elementor-widget-wrap\">\n\t\t\t\t\t\t<div class=\"elementor-element elementor-element-8a2cad0 elementor-widget elementor-widget-heading\" data-id=\"8a2cad0\" data-element_type=\"widget\" data-widget_type=\"heading.default\">\n\t\t\t\t<div class=\"elementor-widget-container\">\n\t\t\t<h2 class=\"elementor-heading-title elementor-size-default\">HABLA CON TECNOPERFIL<\/h2>\t\t<\/div>\n\t\t\t\t<\/div>\n\t\t\t\t<div class=\"elementor-element elementor-element-7db0d6a elementor-widget-divider--view-line elementor-widget elementor-widget-divider\" data-id=\"7db0d6a\" data-element_type=\"widget\" data-widget_type=\"divider.default\">\n\t\t\t\t<div class=\"elementor-widget-container\">\n\t\t\t\t\t<div class=\"elementor-divider\">\n\t\t\t<span class=\"elementor-divider-separator\">\n\t\t\t\t\t\t<\/span>\n\t\t<\/div>\n\t\t\t\t<\/div>\n\t\t\t\t<\/div>\n\t\t\t\t<div class=\"elementor-element elementor-element-e7a6d42 elementor-widget elementor-widget-text-editor\" data-id=\"e7a6d42\" data-element_type=\"widget\" data-widget_type=\"text-editor.default\">\n\t\t\t\t<div class=\"elementor-widget-container\">\n\t\t\t\t\t\t\t\t<div class=\"elementor-text-editor elementor-clearfix\">\n\t\t\t\tCuente con Tecnoperfil: complete el formulario y haga clic en enviar, nos comunicaremos con usted lo antes posible.\t\t\t\t\t<\/div>\n\t\t\t\t\t\t<\/div>\n\t\t\t\t<\/div>\n\t\t\t\t\t\t<\/div>\n\t\t\t\t\t<\/div>\n\t\t<\/div>\n\t\t\t\t\t\t\t\t<\/div>\n\t\t\t\t\t<\/div>\n\t\t<\/section>\n\t\t\t\t<section class=\"elementor-section elementor-inner-section elementor-element elementor-element-7a2738c animated-fast elementor-section-boxed elementor-section-height-default elementor-section-height-default elementor-invisible\" data-id=\"7a2738c\" data-element_type=\"section\" data-settings=\"{&quot;animation&quot;:&quot;fadeInUp&quot;}\">\n\t\t\t\t\t\t<div class=\"elementor-container elementor-column-gap-default\">\n\t\t\t\t\t\t\t<div class=\"elementor-row\">\n\t\t\t\t\t<div class=\"elementor-column elementor-col-33 elementor-inner-column elementor-element elementor-element-972f442\" data-id=\"972f442\" data-element_type=\"column\">\n\t\t\t<div class=\"elementor-column-wrap\">\n\t\t\t\t\t\t\t<div class=\"elementor-widget-wrap\">\n\t\t\t\t\t\t\t\t<\/div>\n\t\t\t\t\t<\/div>\n\t\t<\/div>\n\t\t\t\t<div class=\"elementor-column elementor-col-33 elementor-inner-column elementor-element elementor-element-e2e0ec1\" data-id=\"e2e0ec1\" data-element_type=\"column\" data-settings=\"{&quot;background_background&quot;:&quot;classic&quot;}\">\n\t\t\t<div class=\"elementor-column-wrap elementor-element-populated\">\n\t\t\t\t\t\t\t<div class=\"elementor-widget-wrap\">\n\t\t\t\t\t\t<div class=\"elementor-element elementor-element-2cf6eab elementor-widget elementor-widget-html\" data-id=\"2cf6eab\" data-element_type=\"widget\" data-widget_type=\"html.default\">\n\t\t\t\t<div class=\"elementor-widget-container\">\n\t\t\t<script data-b24-form=\"inline\/103\/kkhjdn\" data-skip-moving=\"true\">\n(function(w,d,u){\nvar s=d.createElement('script');s.async=true;s.src=u+'?'+(Date.now()\/180000|0);\nvar h=d.getElementsByTagName('script')[0];h.parentNode.insertBefore(s,h);\n})(window,document,'https:\/\/cdn.bitrix24.com.br\/b11949843\/crm\/form\/loader_103.js');\n<\/script>\t\t<\/div>\n\t\t\t\t<\/div>\n\t\t\t\t\t\t<\/div>\n\t\t\t\t\t<\/div>\n\t\t<\/div>\n\t\t\t\t<div class=\"elementor-column elementor-col-33 elementor-inner-column elementor-element elementor-element-065b499\" data-id=\"065b499\" data-element_type=\"column\">\n\t\t\t<div class=\"elementor-column-wrap\">\n\t\t\t\t\t\t\t<div class=\"elementor-widget-wrap\">\n\t\t\t\t\t\t\t\t<\/div>\n\t\t\t\t\t<\/div>\n\t\t<\/div>\n\t\t\t\t\t\t\t\t<\/div>\n\t\t\t\t\t<\/div>\n\t\t<\/section>\n\t\t\t\t<section class=\"elementor-section elementor-top-section elementor-element elementor-element-61b5e35f elementor-section-boxed elementor-section-height-default elementor-section-height-default\" data-id=\"61b5e35f\" data-element_type=\"section\" data-settings=\"{&quot;background_background&quot;:&quot;classic&quot;}\">\n\t\t\t\t\t\t<div class=\"elementor-container elementor-column-gap-default\">\n\t\t\t\t\t\t\t<div class=\"elementor-row\">\n\t\t\t\t\t<div class=\"elementor-column elementor-col-100 elementor-top-column elementor-element elementor-element-540ea3da\" data-id=\"540ea3da\" data-element_type=\"column\">\n\t\t\t<div class=\"elementor-column-wrap\">\n\t\t\t\t\t\t\t<div class=\"elementor-widget-wrap\">\n\t\t\t\t\t\t\t\t<\/div>\n\t\t\t\t\t<\/div>\n\t\t<\/div>\n\t\t\t\t\t\t\t\t<\/div>\n\t\t\t\t\t<\/div>\n\t\t<\/section>\n\t\t\t\t\t\t\t\t\t<\/div>\n\t\t\t<\/div>\n\t\t\t\t\t<\/div>\n\t\t","protected":false},"excerpt":{"rendered":"<p>PERFILES PARA L\u00cdNEA FITNESS PERFILES PARA CHECK OUT EN PVC \u2013 TEC 178 SEPA M\u00c1S Perfil bumper \u2013 TEC 267 SEPA M\u00c1S HABLA CON TECNOPERFIL Cuente con Tecnoperfil: complete el formulario y haga clic en enviar, nos comunicaremos con usted lo antes posible.<\/p>\n","protected":false},"author":1,"featured_media":0,"parent":0,"menu_order":0,"comment_status":"closed","ping_status":"closed","template":"","meta":[],"yoast_head":"<!-- This site is optimized with the Yoast SEO plugin v20.8 - https:\/\/yoast.com\/wordpress\/plugins\/seo\/ -->\n<title>Perfis para Mostradores y Islas | Tecnoperfil<\/title>\n<meta name=\"description\" content=\"Visite el sitio web de Tecnoperfil e inf\u00f3rmese. Tenemos una gran variedad de productos con la mejor calidad. Haga clic aqu\u00ed.\" \/>\n<meta name=\"robots\" content=\"index, follow, max-snippet:-1, max-image-preview:large, max-video-preview:-1\" \/>\n<link rel=\"canonical\" href=\"https:\/\/www.tecnoperfil.com.br\/es\/perfiles-para-mostradores-y-islas\/\" \/>\n<meta property=\"og:locale\" content=\"es_ES\" \/>\n<meta property=\"og:type\" content=\"article\" \/>\n<meta property=\"og:title\" content=\"Perfis para Mostradores y Islas | Tecnoperfil\" \/>\n<meta property=\"og:description\" content=\"Visite el sitio web de Tecnoperfil e inf\u00f3rmese. Tenemos una gran variedad de productos con la mejor calidad. Haga clic aqu\u00ed.\" \/>\n<meta property=\"og:url\" content=\"https:\/\/www.tecnoperfil.com.br\/es\/perfiles-para-mostradores-y-islas\/\" \/>\n<meta property=\"og:site_name\" content=\"Tecnoperfil | Perfiles de Pl\u00e1stico y PVC\" \/>\n<meta property=\"article:publisher\" content=\"https:\/\/www.facebook.com\/tecnoperfilplasticos\/\" \/>\n<meta property=\"article:modified_time\" content=\"2024-03-13T17:11:08+00:00\" \/>\n<meta property=\"og:image\" content=\"https:\/\/www.tecnoperfil.com.br\/es\/wp-content\/uploads\/2020\/10\/PERFIS-PARA-CHECK-OUT-EM-PVC-TEC-178.jpg\" \/>\n<meta name=\"twitter:card\" content=\"summary_large_image\" \/>\n<meta name=\"twitter:label1\" content=\"Tiempo de lectura\" \/>\n\t<meta name=\"twitter:data1\" content=\"2 minutos\" \/>\n<script type=\"application\/ld+json\" class=\"yoast-schema-graph\">{\"@context\":\"https:\/\/schema.org\",\"@graph\":[{\"@type\":\"WebPage\",\"@id\":\"https:\/\/www.tecnoperfil.com.br\/es\/perfiles-para-mostradores-y-islas\/\",\"url\":\"https:\/\/www.tecnoperfil.com.br\/es\/perfiles-para-mostradores-y-islas\/\",\"name\":\"Perfis para Mostradores y Islas | Tecnoperfil\",\"isPartOf\":{\"@id\":\"https:\/\/www.tecnoperfil.com.br\/es\/#website\"},\"datePublished\":\"2021-01-26T07:43:32+00:00\",\"dateModified\":\"2024-03-13T17:11:08+00:00\",\"description\":\"Visite el sitio web de Tecnoperfil e inf\u00f3rmese. Tenemos una gran variedad de productos con la mejor calidad. Haga clic aqu\u00ed.\",\"breadcrumb\":{\"@id\":\"https:\/\/www.tecnoperfil.com.br\/es\/perfiles-para-mostradores-y-islas\/#breadcrumb\"},\"inLanguage\":\"es\",\"potentialAction\":[{\"@type\":\"ReadAction\",\"target\":[\"https:\/\/www.tecnoperfil.com.br\/es\/perfiles-para-mostradores-y-islas\/\"]}]},{\"@type\":\"BreadcrumbList\",\"@id\":\"https:\/\/www.tecnoperfil.com.br\/es\/perfiles-para-mostradores-y-islas\/#breadcrumb\",\"itemListElement\":[{\"@type\":\"ListItem\",\"position\":1,\"name\":\"Portada\",\"item\":\"https:\/\/www.tecnoperfil.com.br\/es\/\"},{\"@type\":\"ListItem\",\"position\":2,\"name\":\"PERFILES PARA MOSTRADORES Y ISLAS\"}]},{\"@type\":\"WebSite\",\"@id\":\"https:\/\/www.tecnoperfil.com.br\/es\/#website\",\"url\":\"https:\/\/www.tecnoperfil.com.br\/es\/\",\"name\":\"Tecnoperfil | Perfiles de Pl\u00e1stico y PVC\",\"description\":\"Protectores de paredes, cantoneras, porta precios, desag\u00fces lineales, placas de moldeo, cielorrasos y perfiles y accesorios para hidropon\u00eda.\",\"potentialAction\":[{\"@type\":\"SearchAction\",\"target\":{\"@type\":\"EntryPoint\",\"urlTemplate\":\"https:\/\/www.tecnoperfil.com.br\/es\/?s={search_term_string}\"},\"query-input\":\"required name=search_term_string\"}],\"inLanguage\":\"es\"}]}<\/script>\n<!-- \/ Yoast SEO plugin. -->","yoast_head_json":{"title":"Perfis para Mostradores y Islas | Tecnoperfil","description":"Visite el sitio web de Tecnoperfil e inf\u00f3rmese. Tenemos una gran variedad de productos con la mejor calidad. Haga clic aqu\u00ed.","robots":{"index":"index","follow":"follow","max-snippet":"max-snippet:-1","max-image-preview":"max-image-preview:large","max-video-preview":"max-video-preview:-1"},"canonical":"https:\/\/www.tecnoperfil.com.br\/es\/perfiles-para-mostradores-y-islas\/","og_locale":"es_ES","og_type":"article","og_title":"Perfis para Mostradores y Islas | Tecnoperfil","og_description":"Visite el sitio web de Tecnoperfil e inf\u00f3rmese. Tenemos una gran variedad de productos con la mejor calidad. Haga clic aqu\u00ed.","og_url":"https:\/\/www.tecnoperfil.com.br\/es\/perfiles-para-mostradores-y-islas\/","og_site_name":"Tecnoperfil | Perfiles de Pl\u00e1stico y PVC","article_publisher":"https:\/\/www.facebook.com\/tecnoperfilplasticos\/","article_modified_time":"2024-03-13T17:11:08+00:00","og_image":[{"url":"https:\/\/www.tecnoperfil.com.br\/es\/wp-content\/uploads\/2020\/10\/PERFIS-PARA-CHECK-OUT-EM-PVC-TEC-178.jpg"}],"twitter_card":"summary_large_image","twitter_misc":{"Tiempo de lectura":"2 minutos"},"schema":{"@context":"https:\/\/schema.org","@graph":[{"@type":"WebPage","@id":"https:\/\/www.tecnoperfil.com.br\/es\/perfiles-para-mostradores-y-islas\/","url":"https:\/\/www.tecnoperfil.com.br\/es\/perfiles-para-mostradores-y-islas\/","name":"Perfis para Mostradores y Islas | Tecnoperfil","isPartOf":{"@id":"https:\/\/www.tecnoperfil.com.br\/es\/#website"},"datePublished":"2021-01-26T07:43:32+00:00","dateModified":"2024-03-13T17:11:08+00:00","description":"Visite el sitio web de Tecnoperfil e inf\u00f3rmese. Tenemos una gran variedad de productos con la mejor calidad. Haga clic aqu\u00ed.","breadcrumb":{"@id":"https:\/\/www.tecnoperfil.com.br\/es\/perfiles-para-mostradores-y-islas\/#breadcrumb"},"inLanguage":"es","potentialAction":[{"@type":"ReadAction","target":["https:\/\/www.tecnoperfil.com.br\/es\/perfiles-para-mostradores-y-islas\/"]}]},{"@type":"BreadcrumbList","@id":"https:\/\/www.tecnoperfil.com.br\/es\/perfiles-para-mostradores-y-islas\/#breadcrumb","itemListElement":[{"@type":"ListItem","position":1,"name":"Portada","item":"https:\/\/www.tecnoperfil.com.br\/es\/"},{"@type":"ListItem","position":2,"name":"PERFILES PARA MOSTRADORES Y ISLAS"}]},{"@type":"WebSite","@id":"https:\/\/www.tecnoperfil.com.br\/es\/#website","url":"https:\/\/www.tecnoperfil.com.br\/es\/","name":"Tecnoperfil | Perfiles de Pl\u00e1stico y PVC","description":"Protectores de paredes, cantoneras, porta precios, desag\u00fces lineales, placas de moldeo, cielorrasos y perfiles y accesorios para hidropon\u00eda.","potentialAction":[{"@type":"SearchAction","target":{"@type":"EntryPoint","urlTemplate":"https:\/\/www.tecnoperfil.com.br\/es\/?s={search_term_string}"},"query-input":"required name=search_term_string"}],"inLanguage":"es"}]}},"_links":{"self":[{"href":"https:\/\/www.tecnoperfil.com.br\/es\/wp-json\/wp\/v2\/pages\/4078"}],"collection":[{"href":"https:\/\/www.tecnoperfil.com.br\/es\/wp-json\/wp\/v2\/pages"}],"about":[{"href":"https:\/\/www.tecnoperfil.com.br\/es\/wp-json\/wp\/v2\/types\/page"}],"author":[{"embeddable":true,"href":"https:\/\/www.tecnoperfil.com.br\/es\/wp-json\/wp\/v2\/users\/1"}],"replies":[{"embeddable":true,"href":"https:\/\/www.tecnoperfil.com.br\/es\/wp-json\/wp\/v2\/comments?post=4078"}],"version-history":[{"count":23,"href":"https:\/\/www.tecnoperfil.com.br\/es\/wp-json\/wp\/v2\/pages\/4078\/revisions"}],"predecessor-version":[{"id":8809,"href":"https:\/\/www.tecnoperfil.com.br\/es\/wp-json\/wp\/v2\/pages\/4078\/revisions\/8809"}],"wp:attachment":[{"href":"https:\/\/www.tecnoperfil.com.br\/es\/wp-json\/wp\/v2\/media?parent=4078"}],"curies":[{"name":"wp","href":"https:\/\/api.w.org\/{rel}","templated":true}]}}