{"id":2771,"date":"2020-12-18T21:14:02","date_gmt":"2020-12-18T21:14:02","guid":{"rendered":"https:\/\/www.tecnoperfil.com.br\/es\/?page_id=2771"},"modified":"2024-03-05T10:11:53","modified_gmt":"2024-03-05T13:11:53","slug":"construccion-civil","status":"publish","type":"page","link":"https:\/\/www.tecnoperfil.com.br\/es\/construccion-civil\/","title":{"rendered":"CONSTRUCCI\u00d3N CIVIL"},"content":{"rendered":"\t\t<div data-elementor-type=\"wp-page\" data-elementor-id=\"2771\" class=\"elementor elementor-2771\">\n\t\t\t\t\t\t<div class=\"elementor-inner\">\n\t\t\t\t<div class=\"elementor-section-wrap\">\n\t\t\t\t\t\t\t\t\t<section class=\"elementor-section elementor-top-section elementor-element elementor-element-41e6d5d5 elementor-section-boxed elementor-section-height-default elementor-section-height-default\" data-id=\"41e6d5d5\" data-element_type=\"section\">\n\t\t\t\t\t\t<div class=\"elementor-container elementor-column-gap-default\">\n\t\t\t\t\t\t\t<div class=\"elementor-row\">\n\t\t\t\t\t<div class=\"elementor-column elementor-col-100 elementor-top-column elementor-element elementor-element-730ca93e\" data-id=\"730ca93e\" data-element_type=\"column\">\n\t\t\t<div class=\"elementor-column-wrap elementor-element-populated\">\n\t\t\t\t\t\t\t<div class=\"elementor-widget-wrap\">\n\t\t\t\t\t\t<div class=\"elementor-element elementor-element-55a8c63a elementor-widget elementor-widget-heading\" data-id=\"55a8c63a\" data-element_type=\"widget\" data-widget_type=\"heading.default\">\n\t\t\t\t<div class=\"elementor-widget-container\">\n\t\t\t<h1 class=\"elementor-heading-title elementor-size-default\">CONSTRUCCI\u00d3N CIVIL<\/h1>\t\t<\/div>\n\t\t\t\t<\/div>\n\t\t\t\t<div class=\"elementor-element elementor-element-667ce7d5 elementor-widget elementor-widget-text-editor\" data-id=\"667ce7d5\" data-element_type=\"widget\" data-widget_type=\"text-editor.default\">\n\t\t\t\t<div class=\"elementor-widget-container\">\n\t\t\t\t\t\t\t\t<div class=\"elementor-text-editor elementor-clearfix\">\n\t\t\t\t<p><span style=\"font-weight: 400;\">Disponemos de una amplia gama de productos para Construcci\u00f3n Civil. Entre los principales productos se encuentran los protectores de pared, pasamanos y guarda camillas Vinylshock, cantoneras, perfiles de acabamiento para revestimientos cer\u00e1micos, placas de revestimiento, cielorrasos, entre otros. <\/span><\/p>\n<p>\u00a1Acceda y conozca!<\/p>\t\t\t\t\t<\/div>\n\t\t\t\t\t\t<\/div>\n\t\t\t\t<\/div>\n\t\t\t\t<div class=\"elementor-element elementor-element-516f277 elementor-widget-divider--view-line elementor-widget elementor-widget-divider\" data-id=\"516f277\" data-element_type=\"widget\" data-widget_type=\"divider.default\">\n\t\t\t\t<div class=\"elementor-widget-container\">\n\t\t\t\t\t<div class=\"elementor-divider\">\n\t\t\t<span class=\"elementor-divider-separator\">\n\t\t\t\t\t\t<\/span>\n\t\t<\/div>\n\t\t\t\t<\/div>\n\t\t\t\t<\/div>\n\t\t\t\t\t\t<\/div>\n\t\t\t\t\t<\/div>\n\t\t<\/div>\n\t\t\t\t\t\t\t\t<\/div>\n\t\t\t\t\t<\/div>\n\t\t<\/section>\n\t\t\t\t<section class=\"elementor-section elementor-top-section elementor-element elementor-element-5bb2b900 elementor-section-boxed elementor-section-height-default elementor-section-height-default\" data-id=\"5bb2b900\" data-element_type=\"section\">\n\t\t\t\t\t\t<div class=\"elementor-container elementor-column-gap-default\">\n\t\t\t\t\t\t\t<div class=\"elementor-row\">\n\t\t\t\t\t<div class=\"elementor-column elementor-col-33 elementor-top-column elementor-element elementor-element-77c6964b\" data-id=\"77c6964b\" data-element_type=\"column\" data-settings=\"{&quot;background_background&quot;:&quot;classic&quot;}\">\n\t\t\t<div class=\"elementor-column-wrap elementor-element-populated\">\n\t\t\t\t\t\t\t<div class=\"elementor-widget-wrap\">\n\t\t\t\t\t\t<div class=\"elementor-element elementor-element-dacaf90 elementor-cta--skin-cover elementor-cta--valign-middle elementor-animated-content elementor-bg-transform elementor-bg-transform-zoom-in elementor-widget elementor-widget-call-to-action\" data-id=\"dacaf90\" data-element_type=\"widget\" data-widget_type=\"call-to-action.default\">\n\t\t\t\t<div class=\"elementor-widget-container\">\n\t\t\t\t\t<a class=\"elementor-cta\" href=\"https:\/\/www.tecnoperfil.com.br\/es\/construccion-civil-edificacion\/\">\n\t\t\t\t\t<div class=\"elementor-cta__bg-wrapper\">\n\t\t\t\t<div class=\"elementor-cta__bg elementor-bg\" style=\"background-image: url(https:\/\/www.tecnoperfil.com.br\/es\/wp-content\/uploads\/2020\/11\/hospitalar.jpg);\" role=\"img\" aria-label=\"hospitalar\"><\/div>\n\t\t\t\t<div class=\"elementor-cta__bg-overlay\"><\/div>\n\t\t\t<\/div>\n\t\t\t\t\t\t\t<div class=\"elementor-cta__content\">\n\t\t\t\t\n\t\t\t\t<h2 class=\"elementor-cta__title elementor-cta__content-item elementor-content-item elementor-animated-item--grow\">EDIFICACI\u00d3N<\/h2>\n\t\t\t\t\n\t\t\t\t\t\t\t<\/div>\n\t\t\t\t\t\t<\/a>\n\t\t\t\t<\/div>\n\t\t\t\t<\/div>\n\t\t\t\t\t\t<\/div>\n\t\t\t\t\t<\/div>\n\t\t<\/div>\n\t\t\t\t<div class=\"elementor-column elementor-col-33 elementor-top-column elementor-element elementor-element-cb4a3b7\" data-id=\"cb4a3b7\" data-element_type=\"column\" data-settings=\"{&quot;background_background&quot;:&quot;classic&quot;}\">\n\t\t\t<div class=\"elementor-column-wrap\">\n\t\t\t\t\t\t\t<div class=\"elementor-widget-wrap\">\n\t\t\t\t\t\t\t\t<\/div>\n\t\t\t\t\t<\/div>\n\t\t<\/div>\n\t\t\t\t<div class=\"elementor-column elementor-col-33 elementor-top-column elementor-element elementor-element-21e04a14\" data-id=\"21e04a14\" data-element_type=\"column\" data-settings=\"{&quot;background_background&quot;:&quot;classic&quot;}\">\n\t\t\t<div class=\"elementor-column-wrap elementor-element-populated\">\n\t\t\t\t\t\t\t<div class=\"elementor-widget-wrap\">\n\t\t\t\t\t\t<div class=\"elementor-element elementor-element-593d1692 elementor-cta--skin-cover elementor-cta--valign-middle elementor-animated-content elementor-bg-transform elementor-bg-transform-zoom-in elementor-widget elementor-widget-call-to-action\" data-id=\"593d1692\" data-element_type=\"widget\" data-widget_type=\"call-to-action.default\">\n\t\t\t\t<div class=\"elementor-widget-container\">\n\t\t\t\t\t<a class=\"elementor-cta\" href=\"https:\/\/www.tecnoperfil.com.br\/es\/construccion-civil-minorista\/\">\n\t\t\t\t\t<div class=\"elementor-cta__bg-wrapper\">\n\t\t\t\t<div class=\"elementor-cta__bg elementor-bg\" style=\"background-image: url(https:\/\/www.tecnoperfil.com.br\/es\/wp-content\/uploads\/2020\/11\/supermercados.jpg);\" role=\"img\" aria-label=\"supermercados\"><\/div>\n\t\t\t\t<div class=\"elementor-cta__bg-overlay\"><\/div>\n\t\t\t<\/div>\n\t\t\t\t\t\t\t<div class=\"elementor-cta__content\">\n\t\t\t\t\n\t\t\t\t<h2 class=\"elementor-cta__title elementor-cta__content-item elementor-content-item elementor-animated-item--grow\">MINORISTA<\/h2>\n\t\t\t\t\n\t\t\t\t\t\t\t<\/div>\n\t\t\t\t\t\t<\/a>\n\t\t\t\t<\/div>\n\t\t\t\t<\/div>\n\t\t\t\t\t\t<\/div>\n\t\t\t\t\t<\/div>\n\t\t<\/div>\n\t\t\t\t\t\t\t\t<\/div>\n\t\t\t\t\t<\/div>\n\t\t<\/section>\n\t\t\t\t<section class=\"elementor-section elementor-top-section elementor-element elementor-element-521342b8 elementor-section-boxed elementor-section-height-default elementor-section-height-default\" data-id=\"521342b8\" data-element_type=\"section\" data-settings=\"{&quot;background_background&quot;:&quot;classic&quot;}\">\n\t\t\t\t\t\t<div class=\"elementor-container elementor-column-gap-default\">\n\t\t\t\t\t\t\t<div class=\"elementor-row\">\n\t\t\t\t\t<div class=\"elementor-column elementor-col-100 elementor-top-column elementor-element elementor-element-74800719\" data-id=\"74800719\" data-element_type=\"column\">\n\t\t\t<div class=\"elementor-column-wrap elementor-element-populated\">\n\t\t\t\t\t\t\t<div class=\"elementor-widget-wrap\">\n\t\t\t\t\t\t<div class=\"elementor-element elementor-element-6daaf947 elementor-widget elementor-widget-spacer\" data-id=\"6daaf947\" data-element_type=\"widget\" data-widget_type=\"spacer.default\">\n\t\t\t\t<div class=\"elementor-widget-container\">\n\t\t\t\t\t<div class=\"elementor-spacer\">\n\t\t\t<div class=\"elementor-spacer-inner\"><\/div>\n\t\t<\/div>\n\t\t\t\t<\/div>\n\t\t\t\t<\/div>\n\t\t\t\t\t\t<\/div>\n\t\t\t\t\t<\/div>\n\t\t<\/div>\n\t\t\t\t\t\t\t\t<\/div>\n\t\t\t\t\t<\/div>\n\t\t<\/section>\n\t\t\t\t\t\t\t\t\t<\/div>\n\t\t\t<\/div>\n\t\t\t\t\t<\/div>\n\t\t","protected":false},"excerpt":{"rendered":"<p>CONSTRUCCI\u00d3N CIVIL Disponemos de una amplia gama de productos para Construcci\u00f3n Civil. Entre los principales productos se encuentran los protectores de pared, pasamanos y guarda camillas Vinylshock, cantoneras, perfiles de acabamiento para revestimientos cer\u00e1micos, placas de revestimiento, cielorrasos, entre otros. \u00a1Acceda y conozca! EDIFICACI\u00d3N MINORISTA<\/p>\n","protected":false},"author":1,"featured_media":0,"parent":0,"menu_order":0,"comment_status":"closed","ping_status":"closed","template":"","meta":[],"yoast_head":"<!-- This site is optimized with the Yoast SEO plugin v20.8 - https:\/\/yoast.com\/wordpress\/plugins\/seo\/ -->\n<title>Construcci\u00f3n Civil | Mantenimiento | Tecnoperfil<\/title>\n<meta name=\"description\" content=\"Descubra los mejores materiales de construcci\u00f3n. Varios modelos de hormig\u00f3n y otros materiales. Visita la web y consulta m\u00e1s opciones.\" \/>\n<meta name=\"robots\" content=\"index, follow, max-snippet:-1, max-image-preview:large, max-video-preview:-1\" \/>\n<link rel=\"canonical\" href=\"https:\/\/www.tecnoperfil.com.br\/es\/construccion-civil\/\" \/>\n<meta property=\"og:locale\" content=\"es_ES\" \/>\n<meta property=\"og:type\" content=\"article\" \/>\n<meta property=\"og:title\" content=\"Construcci\u00f3n Civil | Mantenimiento | Tecnoperfil\" \/>\n<meta property=\"og:description\" content=\"Descubra los mejores materiales de construcci\u00f3n. Varios modelos de hormig\u00f3n y otros materiales. Visita la web y consulta m\u00e1s opciones.\" \/>\n<meta property=\"og:url\" content=\"https:\/\/www.tecnoperfil.com.br\/es\/construccion-civil\/\" \/>\n<meta property=\"og:site_name\" content=\"Tecnoperfil | Perfiles de Pl\u00e1stico y PVC\" \/>\n<meta property=\"article:publisher\" content=\"https:\/\/www.facebook.com\/tecnoperfilplasticos\/\" \/>\n<meta property=\"article:modified_time\" content=\"2024-03-05T13:11:53+00:00\" \/>\n<meta name=\"twitter:card\" content=\"summary_large_image\" \/>\n<meta name=\"twitter:label1\" content=\"Tiempo de lectura\" \/>\n\t<meta name=\"twitter:data1\" content=\"1 minuto\" \/>\n<script type=\"application\/ld+json\" class=\"yoast-schema-graph\">{\"@context\":\"https:\/\/schema.org\",\"@graph\":[{\"@type\":\"WebPage\",\"@id\":\"https:\/\/www.tecnoperfil.com.br\/es\/construccion-civil\/\",\"url\":\"https:\/\/www.tecnoperfil.com.br\/es\/construccion-civil\/\",\"name\":\"Construcci\u00f3n Civil | Mantenimiento | Tecnoperfil\",\"isPartOf\":{\"@id\":\"https:\/\/www.tecnoperfil.com.br\/es\/#website\"},\"datePublished\":\"2020-12-18T21:14:02+00:00\",\"dateModified\":\"2024-03-05T13:11:53+00:00\",\"description\":\"Descubra los mejores materiales de construcci\u00f3n. Varios modelos de hormig\u00f3n y otros materiales. Visita la web y consulta m\u00e1s opciones.\",\"breadcrumb\":{\"@id\":\"https:\/\/www.tecnoperfil.com.br\/es\/construccion-civil\/#breadcrumb\"},\"inLanguage\":\"es\",\"potentialAction\":[{\"@type\":\"ReadAction\",\"target\":[\"https:\/\/www.tecnoperfil.com.br\/es\/construccion-civil\/\"]}]},{\"@type\":\"BreadcrumbList\",\"@id\":\"https:\/\/www.tecnoperfil.com.br\/es\/construccion-civil\/#breadcrumb\",\"itemListElement\":[{\"@type\":\"ListItem\",\"position\":1,\"name\":\"Portada\",\"item\":\"https:\/\/www.tecnoperfil.com.br\/es\/\"},{\"@type\":\"ListItem\",\"position\":2,\"name\":\"CONSTRUCCI\u00d3N CIVIL\"}]},{\"@type\":\"WebSite\",\"@id\":\"https:\/\/www.tecnoperfil.com.br\/es\/#website\",\"url\":\"https:\/\/www.tecnoperfil.com.br\/es\/\",\"name\":\"Tecnoperfil | Perfiles de Pl\u00e1stico y PVC\",\"description\":\"Protectores de paredes, cantoneras, porta precios, desag\u00fces lineales, placas de moldeo, cielorrasos y perfiles y accesorios para hidropon\u00eda.\",\"potentialAction\":[{\"@type\":\"SearchAction\",\"target\":{\"@type\":\"EntryPoint\",\"urlTemplate\":\"https:\/\/www.tecnoperfil.com.br\/es\/?s={search_term_string}\"},\"query-input\":\"required name=search_term_string\"}],\"inLanguage\":\"es\"}]}<\/script>\n<!-- \/ Yoast SEO plugin. -->","yoast_head_json":{"title":"Construcci\u00f3n Civil | Mantenimiento | Tecnoperfil","description":"Descubra los mejores materiales de construcci\u00f3n. Varios modelos de hormig\u00f3n y otros materiales. Visita la web y consulta m\u00e1s opciones.","robots":{"index":"index","follow":"follow","max-snippet":"max-snippet:-1","max-image-preview":"max-image-preview:large","max-video-preview":"max-video-preview:-1"},"canonical":"https:\/\/www.tecnoperfil.com.br\/es\/construccion-civil\/","og_locale":"es_ES","og_type":"article","og_title":"Construcci\u00f3n Civil | Mantenimiento | Tecnoperfil","og_description":"Descubra los mejores materiales de construcci\u00f3n. Varios modelos de hormig\u00f3n y otros materiales. Visita la web y consulta m\u00e1s opciones.","og_url":"https:\/\/www.tecnoperfil.com.br\/es\/construccion-civil\/","og_site_name":"Tecnoperfil | Perfiles de Pl\u00e1stico y PVC","article_publisher":"https:\/\/www.facebook.com\/tecnoperfilplasticos\/","article_modified_time":"2024-03-05T13:11:53+00:00","twitter_card":"summary_large_image","twitter_misc":{"Tiempo de lectura":"1 minuto"},"schema":{"@context":"https:\/\/schema.org","@graph":[{"@type":"WebPage","@id":"https:\/\/www.tecnoperfil.com.br\/es\/construccion-civil\/","url":"https:\/\/www.tecnoperfil.com.br\/es\/construccion-civil\/","name":"Construcci\u00f3n Civil | Mantenimiento | Tecnoperfil","isPartOf":{"@id":"https:\/\/www.tecnoperfil.com.br\/es\/#website"},"datePublished":"2020-12-18T21:14:02+00:00","dateModified":"2024-03-05T13:11:53+00:00","description":"Descubra los mejores materiales de construcci\u00f3n. Varios modelos de hormig\u00f3n y otros materiales. Visita la web y consulta m\u00e1s opciones.","breadcrumb":{"@id":"https:\/\/www.tecnoperfil.com.br\/es\/construccion-civil\/#breadcrumb"},"inLanguage":"es","potentialAction":[{"@type":"ReadAction","target":["https:\/\/www.tecnoperfil.com.br\/es\/construccion-civil\/"]}]},{"@type":"BreadcrumbList","@id":"https:\/\/www.tecnoperfil.com.br\/es\/construccion-civil\/#breadcrumb","itemListElement":[{"@type":"ListItem","position":1,"name":"Portada","item":"https:\/\/www.tecnoperfil.com.br\/es\/"},{"@type":"ListItem","position":2,"name":"CONSTRUCCI\u00d3N CIVIL"}]},{"@type":"WebSite","@id":"https:\/\/www.tecnoperfil.com.br\/es\/#website","url":"https:\/\/www.tecnoperfil.com.br\/es\/","name":"Tecnoperfil | Perfiles de Pl\u00e1stico y PVC","description":"Protectores de paredes, cantoneras, porta precios, desag\u00fces lineales, placas de moldeo, cielorrasos y perfiles y accesorios para hidropon\u00eda.","potentialAction":[{"@type":"SearchAction","target":{"@type":"EntryPoint","urlTemplate":"https:\/\/www.tecnoperfil.com.br\/es\/?s={search_term_string}"},"query-input":"required name=search_term_string"}],"inLanguage":"es"}]}},"_links":{"self":[{"href":"https:\/\/www.tecnoperfil.com.br\/es\/wp-json\/wp\/v2\/pages\/2771"}],"collection":[{"href":"https:\/\/www.tecnoperfil.com.br\/es\/wp-json\/wp\/v2\/pages"}],"about":[{"href":"https:\/\/www.tecnoperfil.com.br\/es\/wp-json\/wp\/v2\/types\/page"}],"author":[{"embeddable":true,"href":"https:\/\/www.tecnoperfil.com.br\/es\/wp-json\/wp\/v2\/users\/1"}],"replies":[{"embeddable":true,"href":"https:\/\/www.tecnoperfil.com.br\/es\/wp-json\/wp\/v2\/comments?post=2771"}],"version-history":[{"count":33,"href":"https:\/\/www.tecnoperfil.com.br\/es\/wp-json\/wp\/v2\/pages\/2771\/revisions"}],"predecessor-version":[{"id":8353,"href":"https:\/\/www.tecnoperfil.com.br\/es\/wp-json\/wp\/v2\/pages\/2771\/revisions\/8353"}],"wp:attachment":[{"href":"https:\/\/www.tecnoperfil.com.br\/es\/wp-json\/wp\/v2\/media?parent=2771"}],"curies":[{"name":"wp","href":"https:\/\/api.w.org\/{rel}","templated":true}]}}