{"id":2286,"date":"2020-12-16T03:59:59","date_gmt":"2020-12-16T03:59:59","guid":{"rendered":"https:\/\/www.tecnoperfil.com.br\/es\/?page_id=2286"},"modified":"2024-11-01T13:59:09","modified_gmt":"2024-11-01T16:59:09","slug":"exportacion","status":"publish","type":"page","link":"https:\/\/www.tecnoperfil.com.br\/es\/exportacion\/","title":{"rendered":"EXPORTA\u00c7\u00c3O"},"content":{"rendered":"\t\t<div data-elementor-type=\"wp-page\" data-elementor-id=\"2286\" class=\"elementor elementor-2286\">\n\t\t\t\t\t\t<div class=\"elementor-inner\">\n\t\t\t\t<div class=\"elementor-section-wrap\">\n\t\t\t\t\t\t\t\t\t<section class=\"elementor-section elementor-top-section elementor-element elementor-element-f4a9cf4 elementor-section-full_width elementor-section-height-default elementor-section-height-default\" data-id=\"f4a9cf4\" data-element_type=\"section\" data-settings=\"{&quot;background_background&quot;:&quot;classic&quot;}\">\n\t\t\t\t\t\t<div class=\"elementor-container elementor-column-gap-default\">\n\t\t\t\t\t\t\t<div class=\"elementor-row\">\n\t\t\t\t\t<div class=\"elementor-column elementor-col-100 elementor-top-column elementor-element elementor-element-ac37094\" data-id=\"ac37094\" data-element_type=\"column\">\n\t\t\t<div class=\"elementor-column-wrap elementor-element-populated\">\n\t\t\t\t\t\t\t<div class=\"elementor-widget-wrap\">\n\t\t\t\t\t\t<div class=\"elementor-element elementor-element-f7e2f40 elementor-widget elementor-widget-spacer\" data-id=\"f7e2f40\" data-element_type=\"widget\" data-widget_type=\"spacer.default\">\n\t\t\t\t<div class=\"elementor-widget-container\">\n\t\t\t\t\t<div class=\"elementor-spacer\">\n\t\t\t<div class=\"elementor-spacer-inner\"><\/div>\n\t\t<\/div>\n\t\t\t\t<\/div>\n\t\t\t\t<\/div>\n\t\t\t\t\t\t<\/div>\n\t\t\t\t\t<\/div>\n\t\t<\/div>\n\t\t\t\t\t\t\t\t<\/div>\n\t\t\t\t\t<\/div>\n\t\t<\/section>\n\t\t\t\t<section class=\"elementor-section elementor-top-section elementor-element elementor-element-12d60005 elementor-section-boxed elementor-section-height-default elementor-section-height-default\" data-id=\"12d60005\" data-element_type=\"section\">\n\t\t\t\t\t\t<div class=\"elementor-container elementor-column-gap-default\">\n\t\t\t\t\t\t\t<div class=\"elementor-row\">\n\t\t\t\t\t<div class=\"elementor-column elementor-col-100 elementor-top-column elementor-element elementor-element-2bcc8de\" data-id=\"2bcc8de\" data-element_type=\"column\">\n\t\t\t<div class=\"elementor-column-wrap elementor-element-populated\">\n\t\t\t\t\t\t\t<div class=\"elementor-widget-wrap\">\n\t\t\t\t\t\t<div class=\"elementor-element elementor-element-fe03ebc elementor-widget elementor-widget-heading\" data-id=\"fe03ebc\" data-element_type=\"widget\" data-widget_type=\"heading.default\">\n\t\t\t\t<div class=\"elementor-widget-container\">\n\t\t\t<h1 class=\"elementor-heading-title elementor-size-default\">EXPORTACI\u00d3N<\/h1>\t\t<\/div>\n\t\t\t\t<\/div>\n\t\t\t\t<div class=\"elementor-element elementor-element-1026127e elementor-widget-divider--view-line elementor-widget elementor-widget-divider\" data-id=\"1026127e\" data-element_type=\"widget\" data-widget_type=\"divider.default\">\n\t\t\t\t<div class=\"elementor-widget-container\">\n\t\t\t\t\t<div class=\"elementor-divider\">\n\t\t\t<span class=\"elementor-divider-separator\">\n\t\t\t\t\t\t<\/span>\n\t\t<\/div>\n\t\t\t\t<\/div>\n\t\t\t\t<\/div>\n\t\t\t\t<div class=\"elementor-element elementor-element-764bc8c elementor-widget elementor-widget-text-editor\" data-id=\"764bc8c\" data-element_type=\"widget\" data-widget_type=\"text-editor.default\">\n\t\t\t\t<div class=\"elementor-widget-container\">\n\t\t\t\t\t\t\t\t<div class=\"elementor-text-editor elementor-clearfix\">\n\t\t\t\t<p><b><i>Tecnoperfil: Hace tres d\u00e9cadas transformando el pl\u00e1stico en soluciones<\/i><\/b><\/p>\t\t\t\t\t<\/div>\n\t\t\t\t\t\t<\/div>\n\t\t\t\t<\/div>\n\t\t\t\t<div class=\"elementor-element elementor-element-7f8f3e elementor-widget elementor-widget-text-editor\" data-id=\"7f8f3e\" data-element_type=\"widget\" data-widget_type=\"text-editor.default\">\n\t\t\t\t<div class=\"elementor-widget-container\">\n\t\t\t\t\t\t\t\t<div class=\"elementor-text-editor elementor-clearfix\">\n\t\t\t\t<p>Fundada en 1994, la empresa brasile\u00f1a Tecnoperfil Pl\u00e1sticos nace con el objetivo de presentar al mercado innovaci\u00f3n y alta calidad en perfiles pl\u00e1sticos, utilizando especialmente PVC. Con tres d\u00e9cadas de experiencia, la empresa desarrolla soluciones para construcci\u00f3n civil, industrias, servicios y cultivo hidrop\u00f3nico.<\/p><p>Entre los principales productos en l\u00ednea de Tecnoperfil se encuentran los protectores de pared, pasamanos y guarda camillas Vinylshock, cantoneras, perfiles de acabamiento para baldosas cer\u00e1micas, perfiles para refrigeraci\u00f3n, porta precios, rieles para etiquetas electr\u00f3nicas, perfiles de check-out y productos para hidropon\u00eda Hortivinyl. La empresa tambi\u00e9n desarrolla perfiles t\u00e9cnicos personalizados seg\u00fan las necesidades de los clientes.<\/p>\t\t\t\t\t<\/div>\n\t\t\t\t\t\t<\/div>\n\t\t\t\t<\/div>\n\t\t\t\t<div class=\"elementor-element elementor-element-221211f elementor-widget elementor-widget-text-editor\" data-id=\"221211f\" data-element_type=\"widget\" data-widget_type=\"text-editor.default\">\n\t\t\t\t<div class=\"elementor-widget-container\">\n\t\t\t\t\t\t\t\t<div class=\"elementor-text-editor elementor-clearfix\">\n\t\t\t\t<p>De Brasil al mundo<\/p>\t\t\t\t\t<\/div>\n\t\t\t\t\t\t<\/div>\n\t\t\t\t<\/div>\n\t\t\t\t<div class=\"elementor-element elementor-element-93804b6 elementor-widget elementor-widget-text-editor\" data-id=\"93804b6\" data-element_type=\"widget\" data-widget_type=\"text-editor.default\">\n\t\t\t\t<div class=\"elementor-widget-container\">\n\t\t\t\t\t\t\t\t<div class=\"elementor-text-editor elementor-clearfix\">\n\t\t\t\t<p>Adem\u00e1s de su presencia ya consolidada en el mercado brasile\u00f1o, la compa\u00f1\u00eda tambi\u00e9n atiende al mercado externo, principalmente a los pa\u00edses de Am\u00e9rica Latina. Actualmente, tambi\u00e9n comienza a atender el mercado africano.<\/p><p>Ubicado en la ciudad de Joinville, estado de Santa Catarina, Tecnoperfil se encuentra en una regi\u00f3n que se beneficia log\u00edsticamente. Con tres puertos mar\u00edtimos y una excelente infraestructura vial y aeroportuaria, la regi\u00f3n es apta para la exportaci\u00f3n por tierra, aire y mar.<br \/>Produciendo con tecnolog\u00eda altamente especializada, Tecnoperfil utiliza materias primas utilizadas en todo el mundo y son factibles para ser 100% recicladas. Su Sistema de Gesti\u00f3n de la Calidad (SGC) est\u00e1 certificado bajo la Norma NBR &#8211; ISO 9001, versi\u00f3n 2015. Para Tecnoperfil, esto representa un compromiso con la mejora continua de sus procesos y productos, basado en la garant\u00eda de un excelente servicio al consumidor.<\/p>\t\t\t\t\t<\/div>\n\t\t\t\t\t\t<\/div>\n\t\t\t\t<\/div>\n\t\t\t\t<div class=\"elementor-element elementor-element-c587de2 elementor-widget elementor-widget-text-editor\" data-id=\"c587de2\" data-element_type=\"widget\" data-widget_type=\"text-editor.default\">\n\t\t\t\t<div class=\"elementor-widget-container\">\n\t\t\t\t\t\t\t\t<div class=\"elementor-text-editor elementor-clearfix\">\n\t\t\t\tLl\u00e1menos por whatsapp y conozca nuestro sector exportador \t\t\t\t\t<\/div>\n\t\t\t\t\t\t<\/div>\n\t\t\t\t<\/div>\n\t\t\t\t<div class=\"elementor-element elementor-element-2ac2190 elementor-widget elementor-widget-spacer\" data-id=\"2ac2190\" data-element_type=\"widget\" data-widget_type=\"spacer.default\">\n\t\t\t\t<div class=\"elementor-widget-container\">\n\t\t\t\t\t<div class=\"elementor-spacer\">\n\t\t\t<div class=\"elementor-spacer-inner\"><\/div>\n\t\t<\/div>\n\t\t\t\t<\/div>\n\t\t\t\t<\/div>\n\t\t\t\t\t\t<\/div>\n\t\t\t\t\t<\/div>\n\t\t<\/div>\n\t\t\t\t\t\t\t\t<\/div>\n\t\t\t\t\t<\/div>\n\t\t<\/section>\n\t\t\t\t\t\t\t\t\t<\/div>\n\t\t\t<\/div>\n\t\t\t\t\t<\/div>\n\t\t","protected":false},"excerpt":{"rendered":"<p>EXPORTACI\u00d3N Tecnoperfil: Hace tres d\u00e9cadas transformando el pl\u00e1stico en soluciones Fundada en 1994, la empresa brasile\u00f1a Tecnoperfil Pl\u00e1sticos nace con el objetivo de presentar al mercado innovaci\u00f3n y alta calidad en perfiles pl\u00e1sticos, utilizando especialmente PVC. Con tres d\u00e9cadas de experiencia, la empresa desarrolla soluciones para construcci\u00f3n civil, industrias, servicios y cultivo hidrop\u00f3nico. Entre los [&hellip;]<\/p>\n","protected":false},"author":1,"featured_media":0,"parent":0,"menu_order":0,"comment_status":"closed","ping_status":"closed","template":"","meta":[],"yoast_head":"<!-- This site is optimized with the Yoast SEO plugin v20.8 - https:\/\/yoast.com\/wordpress\/plugins\/seo\/ -->\n<title>Exportaci\u00f3n | Perfiles de pl\u00e1stico y PVC | Tecnoperfil<\/title>\n<meta name=\"description\" content=\"Adem\u00e1s de sus operaciones en el mercado brasile\u00f1o, la empresa tambi\u00e9n atiende a mercados extranjeros, principalmente pa\u00edses latinoamericanos.\" \/>\n<meta name=\"robots\" content=\"index, follow, max-snippet:-1, max-image-preview:large, max-video-preview:-1\" \/>\n<link rel=\"canonical\" href=\"https:\/\/www.tecnoperfil.com.br\/es\/exportacion\/\" \/>\n<meta property=\"og:locale\" content=\"es_ES\" \/>\n<meta property=\"og:type\" content=\"article\" \/>\n<meta property=\"og:title\" content=\"Exportaci\u00f3n | Perfiles de pl\u00e1stico y PVC | Tecnoperfil\" \/>\n<meta property=\"og:description\" content=\"Adem\u00e1s de sus operaciones en el mercado brasile\u00f1o, la empresa tambi\u00e9n atiende a mercados extranjeros, principalmente pa\u00edses latinoamericanos.\" \/>\n<meta property=\"og:url\" content=\"https:\/\/www.tecnoperfil.com.br\/es\/exportacion\/\" \/>\n<meta property=\"og:site_name\" content=\"Tecnoperfil | Perfiles de Pl\u00e1stico y PVC\" \/>\n<meta property=\"article:publisher\" content=\"https:\/\/www.facebook.com\/tecnoperfilplasticos\/\" \/>\n<meta property=\"article:modified_time\" content=\"2024-11-01T16:59:09+00:00\" \/>\n<meta name=\"twitter:card\" content=\"summary_large_image\" \/>\n<meta name=\"twitter:label1\" content=\"Tiempo de lectura\" \/>\n\t<meta name=\"twitter:data1\" content=\"2 minutos\" \/>\n<script type=\"application\/ld+json\" class=\"yoast-schema-graph\">{\"@context\":\"https:\/\/schema.org\",\"@graph\":[{\"@type\":\"WebPage\",\"@id\":\"https:\/\/www.tecnoperfil.com.br\/es\/exportacion\/\",\"url\":\"https:\/\/www.tecnoperfil.com.br\/es\/exportacion\/\",\"name\":\"Exportaci\u00f3n | Perfiles de pl\u00e1stico y PVC | Tecnoperfil\",\"isPartOf\":{\"@id\":\"https:\/\/www.tecnoperfil.com.br\/es\/#website\"},\"datePublished\":\"2020-12-16T03:59:59+00:00\",\"dateModified\":\"2024-11-01T16:59:09+00:00\",\"description\":\"Adem\u00e1s de sus operaciones en el mercado brasile\u00f1o, la empresa tambi\u00e9n atiende a mercados extranjeros, principalmente pa\u00edses latinoamericanos.\",\"breadcrumb\":{\"@id\":\"https:\/\/www.tecnoperfil.com.br\/es\/exportacion\/#breadcrumb\"},\"inLanguage\":\"es\",\"potentialAction\":[{\"@type\":\"ReadAction\",\"target\":[\"https:\/\/www.tecnoperfil.com.br\/es\/exportacion\/\"]}]},{\"@type\":\"BreadcrumbList\",\"@id\":\"https:\/\/www.tecnoperfil.com.br\/es\/exportacion\/#breadcrumb\",\"itemListElement\":[{\"@type\":\"ListItem\",\"position\":1,\"name\":\"Portada\",\"item\":\"https:\/\/www.tecnoperfil.com.br\/es\/\"},{\"@type\":\"ListItem\",\"position\":2,\"name\":\"EXPORTA\u00c7\u00c3O\"}]},{\"@type\":\"WebSite\",\"@id\":\"https:\/\/www.tecnoperfil.com.br\/es\/#website\",\"url\":\"https:\/\/www.tecnoperfil.com.br\/es\/\",\"name\":\"Tecnoperfil | Perfiles de Pl\u00e1stico y PVC\",\"description\":\"Protectores de paredes, cantoneras, porta precios, desag\u00fces lineales, placas de moldeo, cielorrasos y perfiles y accesorios para hidropon\u00eda.\",\"potentialAction\":[{\"@type\":\"SearchAction\",\"target\":{\"@type\":\"EntryPoint\",\"urlTemplate\":\"https:\/\/www.tecnoperfil.com.br\/es\/?s={search_term_string}\"},\"query-input\":\"required name=search_term_string\"}],\"inLanguage\":\"es\"}]}<\/script>\n<!-- \/ Yoast SEO plugin. -->","yoast_head_json":{"title":"Exportaci\u00f3n | Perfiles de pl\u00e1stico y PVC | Tecnoperfil","description":"Adem\u00e1s de sus operaciones en el mercado brasile\u00f1o, la empresa tambi\u00e9n atiende a mercados extranjeros, principalmente pa\u00edses latinoamericanos.","robots":{"index":"index","follow":"follow","max-snippet":"max-snippet:-1","max-image-preview":"max-image-preview:large","max-video-preview":"max-video-preview:-1"},"canonical":"https:\/\/www.tecnoperfil.com.br\/es\/exportacion\/","og_locale":"es_ES","og_type":"article","og_title":"Exportaci\u00f3n | Perfiles de pl\u00e1stico y PVC | Tecnoperfil","og_description":"Adem\u00e1s de sus operaciones en el mercado brasile\u00f1o, la empresa tambi\u00e9n atiende a mercados extranjeros, principalmente pa\u00edses latinoamericanos.","og_url":"https:\/\/www.tecnoperfil.com.br\/es\/exportacion\/","og_site_name":"Tecnoperfil | Perfiles de Pl\u00e1stico y PVC","article_publisher":"https:\/\/www.facebook.com\/tecnoperfilplasticos\/","article_modified_time":"2024-11-01T16:59:09+00:00","twitter_card":"summary_large_image","twitter_misc":{"Tiempo de lectura":"2 minutos"},"schema":{"@context":"https:\/\/schema.org","@graph":[{"@type":"WebPage","@id":"https:\/\/www.tecnoperfil.com.br\/es\/exportacion\/","url":"https:\/\/www.tecnoperfil.com.br\/es\/exportacion\/","name":"Exportaci\u00f3n | Perfiles de pl\u00e1stico y PVC | Tecnoperfil","isPartOf":{"@id":"https:\/\/www.tecnoperfil.com.br\/es\/#website"},"datePublished":"2020-12-16T03:59:59+00:00","dateModified":"2024-11-01T16:59:09+00:00","description":"Adem\u00e1s de sus operaciones en el mercado brasile\u00f1o, la empresa tambi\u00e9n atiende a mercados extranjeros, principalmente pa\u00edses latinoamericanos.","breadcrumb":{"@id":"https:\/\/www.tecnoperfil.com.br\/es\/exportacion\/#breadcrumb"},"inLanguage":"es","potentialAction":[{"@type":"ReadAction","target":["https:\/\/www.tecnoperfil.com.br\/es\/exportacion\/"]}]},{"@type":"BreadcrumbList","@id":"https:\/\/www.tecnoperfil.com.br\/es\/exportacion\/#breadcrumb","itemListElement":[{"@type":"ListItem","position":1,"name":"Portada","item":"https:\/\/www.tecnoperfil.com.br\/es\/"},{"@type":"ListItem","position":2,"name":"EXPORTA\u00c7\u00c3O"}]},{"@type":"WebSite","@id":"https:\/\/www.tecnoperfil.com.br\/es\/#website","url":"https:\/\/www.tecnoperfil.com.br\/es\/","name":"Tecnoperfil | Perfiles de Pl\u00e1stico y PVC","description":"Protectores de paredes, cantoneras, porta precios, desag\u00fces lineales, placas de moldeo, cielorrasos y perfiles y accesorios para hidropon\u00eda.","potentialAction":[{"@type":"SearchAction","target":{"@type":"EntryPoint","urlTemplate":"https:\/\/www.tecnoperfil.com.br\/es\/?s={search_term_string}"},"query-input":"required name=search_term_string"}],"inLanguage":"es"}]}},"_links":{"self":[{"href":"https:\/\/www.tecnoperfil.com.br\/es\/wp-json\/wp\/v2\/pages\/2286"}],"collection":[{"href":"https:\/\/www.tecnoperfil.com.br\/es\/wp-json\/wp\/v2\/pages"}],"about":[{"href":"https:\/\/www.tecnoperfil.com.br\/es\/wp-json\/wp\/v2\/types\/page"}],"author":[{"embeddable":true,"href":"https:\/\/www.tecnoperfil.com.br\/es\/wp-json\/wp\/v2\/users\/1"}],"replies":[{"embeddable":true,"href":"https:\/\/www.tecnoperfil.com.br\/es\/wp-json\/wp\/v2\/comments?post=2286"}],"version-history":[{"count":41,"href":"https:\/\/www.tecnoperfil.com.br\/es\/wp-json\/wp\/v2\/pages\/2286\/revisions"}],"predecessor-version":[{"id":9759,"href":"https:\/\/www.tecnoperfil.com.br\/es\/wp-json\/wp\/v2\/pages\/2286\/revisions\/9759"}],"wp:attachment":[{"href":"https:\/\/www.tecnoperfil.com.br\/es\/wp-json\/wp\/v2\/media?parent=2286"}],"curies":[{"name":"wp","href":"https:\/\/api.w.org\/{rel}","templated":true}]}}