{"id":1534,"date":"2020-10-29T06:00:08","date_gmt":"2020-10-29T06:00:08","guid":{"rendered":"https:\/\/www.tecnoperfil.com.br\/es\/?page_id=1534"},"modified":"2024-03-05T16:23:56","modified_gmt":"2024-03-05T19:23:56","slug":"enmienda-en-pvc-tec-237c","status":"publish","type":"page","link":"https:\/\/www.tecnoperfil.com.br\/es\/enmienda-en-pvc-tec-237c\/","title":{"rendered":"ENMIENDA EN PVC \u2013 TEC 237C &#8211; TECNOFORRO"},"content":{"rendered":"\t\t<div data-elementor-type=\"wp-page\" data-elementor-id=\"1534\" class=\"elementor elementor-1534\">\n\t\t\t\t\t\t<div class=\"elementor-inner\">\n\t\t\t\t<div class=\"elementor-section-wrap\">\n\t\t\t\t\t\t\t\t\t<section class=\"elementor-section elementor-top-section elementor-element elementor-element-ac716a3 elementor-section-boxed elementor-section-height-default elementor-section-height-default\" data-id=\"ac716a3\" data-element_type=\"section\">\n\t\t\t\t\t\t<div class=\"elementor-container elementor-column-gap-default\">\n\t\t\t\t\t\t\t<div class=\"elementor-row\">\n\t\t\t\t\t<div class=\"elementor-column elementor-col-100 elementor-top-column elementor-element elementor-element-441a452d\" data-id=\"441a452d\" data-element_type=\"column\">\n\t\t\t<div class=\"elementor-column-wrap elementor-element-populated\">\n\t\t\t\t\t\t\t<div class=\"elementor-widget-wrap\">\n\t\t\t\t\t\t<div class=\"elementor-element elementor-element-497fcb01 elementor-widget elementor-widget-heading\" data-id=\"497fcb01\" data-element_type=\"widget\" data-widget_type=\"heading.default\">\n\t\t\t\t<div class=\"elementor-widget-container\">\n\t\t\t<h2 class=\"elementor-heading-title elementor-size-default\">ENMIENDA EN PVC \u2013 TEC 237C - TECNOFORRO<\/h2>\t\t<\/div>\n\t\t\t\t<\/div>\n\t\t\t\t<div class=\"elementor-element elementor-element-daacc08 elementor-widget-divider--view-line elementor-widget elementor-widget-divider\" data-id=\"daacc08\" data-element_type=\"widget\" data-widget_type=\"divider.default\">\n\t\t\t\t<div class=\"elementor-widget-container\">\n\t\t\t\t\t<div class=\"elementor-divider\">\n\t\t\t<span class=\"elementor-divider-separator\">\n\t\t\t\t\t\t<\/span>\n\t\t<\/div>\n\t\t\t\t<\/div>\n\t\t\t\t<\/div>\n\t\t\t\t\t\t<\/div>\n\t\t\t\t\t<\/div>\n\t\t<\/div>\n\t\t\t\t\t\t\t\t<\/div>\n\t\t\t\t\t<\/div>\n\t\t<\/section>\n\t\t\t\t<section class=\"elementor-section elementor-top-section elementor-element elementor-element-7a25b452 elementor-section-boxed elementor-section-height-default elementor-section-height-default\" data-id=\"7a25b452\" data-element_type=\"section\">\n\t\t\t\t\t\t<div class=\"elementor-container elementor-column-gap-default\">\n\t\t\t\t\t\t\t<div class=\"elementor-row\">\n\t\t\t\t\t<div class=\"elementor-column elementor-col-50 elementor-top-column elementor-element elementor-element-42479e42\" data-id=\"42479e42\" data-element_type=\"column\">\n\t\t\t<div class=\"elementor-column-wrap elementor-element-populated\">\n\t\t\t\t\t\t\t<div class=\"elementor-widget-wrap\">\n\t\t\t\t\t\t<div class=\"elementor-element elementor-element-65fe9c63 elementor-arrows-position-inside elementor-pagination-position-outside elementor-widget elementor-widget-image-carousel\" data-id=\"65fe9c63\" data-element_type=\"widget\" data-settings=\"{&quot;slides_to_show&quot;:&quot;1&quot;,&quot;navigation&quot;:&quot;both&quot;,&quot;autoplay&quot;:&quot;yes&quot;,&quot;pause_on_hover&quot;:&quot;yes&quot;,&quot;pause_on_interaction&quot;:&quot;yes&quot;,&quot;autoplay_speed&quot;:5000,&quot;infinite&quot;:&quot;yes&quot;,&quot;effect&quot;:&quot;slide&quot;,&quot;speed&quot;:500}\" data-widget_type=\"image-carousel.default\">\n\t\t\t\t<div class=\"elementor-widget-container\">\n\t\t\t\t\t<div class=\"elementor-image-carousel-wrapper swiper-container\" dir=\"ltr\">\n\t\t\t<div class=\"elementor-image-carousel swiper-wrapper\">\n\t\t\t\t\t\t\t\t<div class=\"swiper-slide\"><figure class=\"swiper-slide-inner\"><img decoding=\"async\" class=\"swiper-slide-image\" src=\"https:\/\/www.tecnoperfil.com.br\/es\/wp-content\/uploads\/2020\/10\/tec237c-555x555-1.jpg\" alt=\"tec237c-555x555\" \/><\/figure><\/div>\t\t\t<\/div>\n\t\t\t\t\t<\/div>\n\t\t\t\t<\/div>\n\t\t\t\t<\/div>\n\t\t\t\t\t\t<\/div>\n\t\t\t\t\t<\/div>\n\t\t<\/div>\n\t\t\t\t<div class=\"elementor-column elementor-col-50 elementor-top-column elementor-element elementor-element-7e6029c4\" data-id=\"7e6029c4\" data-element_type=\"column\">\n\t\t\t<div class=\"elementor-column-wrap elementor-element-populated\">\n\t\t\t\t\t\t\t<div class=\"elementor-widget-wrap\">\n\t\t\t\t\t\t<div class=\"elementor-element elementor-element-1936a9e3 elementor-widget elementor-widget-heading\" data-id=\"1936a9e3\" data-element_type=\"widget\" data-widget_type=\"heading.default\">\n\t\t\t\t<div class=\"elementor-widget-container\">\n\t\t\t<h2 class=\"elementor-heading-title elementor-size-default\">Para la instalaci\u00f3n de Cielorrasos Tecnoperfil<\/h2>\t\t<\/div>\n\t\t\t\t<\/div>\n\t\t\t\t<div class=\"elementor-element elementor-element-15c50a9b elementor-widget elementor-widget-text-editor\" data-id=\"15c50a9b\" data-element_type=\"widget\" data-widget_type=\"text-editor.default\">\n\t\t\t\t<div class=\"elementor-widget-container\">\n\t\t\t\t\t\t\t\t<div class=\"elementor-text-editor elementor-clearfix\">\n\t\t\t\t<p>Para la instalaci\u00f3n de Cielorrasos Tecnoperfil<br>\nLa Enmienda de PVC TEC 237C se utiliza en el montaje de las molduras de los Cielorrasos Tecnoperfil, proporcionando facilidad en la instalaci\u00f3n y acabado de las molduras.<br>\nFabricado en PVC ign\u00edfugo, cumple con la norma NBR-14285 de ABNT. Producto exclusivo para uso interno.&nbsp;<\/p>\t\t\t\t\t<\/div>\n\t\t\t\t\t\t<\/div>\n\t\t\t\t<\/div>\n\t\t\t\t<section class=\"elementor-section elementor-inner-section elementor-element elementor-element-28697149 elementor-section-boxed elementor-section-height-default elementor-section-height-default\" data-id=\"28697149\" data-element_type=\"section\">\n\t\t\t\t\t\t<div class=\"elementor-container elementor-column-gap-default\">\n\t\t\t\t\t\t\t<div class=\"elementor-row\">\n\t\t\t\t\t<div class=\"elementor-column elementor-col-33 elementor-inner-column elementor-element elementor-element-5731c9cd\" data-id=\"5731c9cd\" data-element_type=\"column\">\n\t\t\t<div class=\"elementor-column-wrap elementor-element-populated\">\n\t\t\t\t\t\t\t<div class=\"elementor-widget-wrap\">\n\t\t\t\t\t\t<div class=\"elementor-element elementor-element-5128ddcf elementor-align-left elementor-mobile-align-center elementor-widget elementor-widget-button\" data-id=\"5128ddcf\" data-element_type=\"widget\" data-widget_type=\"button.default\">\n\t\t\t\t<div class=\"elementor-widget-container\">\n\t\t\t\t\t<div class=\"elementor-button-wrapper\">\n\t\t\t<a href=\"\/downloads\" class=\"elementor-button-link elementor-button elementor-size-sm\" role=\"button\">\n\t\t\t\t\t\t<span class=\"elementor-button-content-wrapper\">\n\t\t\t\t\t\t\t<span class=\"elementor-button-icon elementor-align-icon-right\">\n\t\t\t\t<i aria-hidden=\"true\" class=\"fas fa-arrow-down\"><\/i>\t\t\t<\/span>\n\t\t\t\t\t\t<span class=\"elementor-button-text\">VER CATALOGO<\/span>\n\t\t<\/span>\n\t\t\t\t\t<\/a>\n\t\t<\/div>\n\t\t\t\t<\/div>\n\t\t\t\t<\/div>\n\t\t\t\t\t\t<\/div>\n\t\t\t\t\t<\/div>\n\t\t<\/div>\n\t\t\t\t<div class=\"elementor-column elementor-col-33 elementor-inner-column elementor-element elementor-element-4f801b37\" data-id=\"4f801b37\" data-element_type=\"column\">\n\t\t\t<div class=\"elementor-column-wrap elementor-element-populated\">\n\t\t\t\t\t\t\t<div class=\"elementor-widget-wrap\">\n\t\t\t\t\t\t<div class=\"elementor-element elementor-element-5595036f elementor-align-left elementor-mobile-align-center elementor-widget elementor-widget-button\" data-id=\"5595036f\" data-element_type=\"widget\" data-widget_type=\"button.default\">\n\t\t\t\t<div class=\"elementor-widget-container\">\n\t\t\t\t\t<div class=\"elementor-button-wrapper\">\n\t\t\t<a href=\"https:\/\/www.tecnoperfil.com.br\/es\/contato\/\" class=\"elementor-button-link elementor-button elementor-size-sm\" role=\"button\">\n\t\t\t\t\t\t<span class=\"elementor-button-content-wrapper\">\n\t\t\t\t\t\t\t<span class=\"elementor-button-icon elementor-align-icon-right\">\n\t\t\t\t<i aria-hidden=\"true\" class=\"fas fa-phone\"><\/i>\t\t\t<\/span>\n\t\t\t\t\t\t<span class=\"elementor-button-text\">PRESUPUESTOS<\/span>\n\t\t<\/span>\n\t\t\t\t\t<\/a>\n\t\t<\/div>\n\t\t\t\t<\/div>\n\t\t\t\t<\/div>\n\t\t\t\t\t\t<\/div>\n\t\t\t\t\t<\/div>\n\t\t<\/div>\n\t\t\t\t<div class=\"elementor-column elementor-col-33 elementor-inner-column elementor-element elementor-element-29985d47\" data-id=\"29985d47\" data-element_type=\"column\">\n\t\t\t<div class=\"elementor-column-wrap\">\n\t\t\t\t\t\t\t<div class=\"elementor-widget-wrap\">\n\t\t\t\t\t\t\t\t<\/div>\n\t\t\t\t\t<\/div>\n\t\t<\/div>\n\t\t\t\t\t\t\t\t<\/div>\n\t\t\t\t\t<\/div>\n\t\t<\/section>\n\t\t\t\t\t\t<\/div>\n\t\t\t\t\t<\/div>\n\t\t<\/div>\n\t\t\t\t\t\t\t\t<\/div>\n\t\t\t\t\t<\/div>\n\t\t<\/section>\n\t\t\t\t<section class=\"elementor-section elementor-top-section elementor-element elementor-element-6ab900a9 elementor-section-boxed elementor-section-height-default elementor-section-height-default\" data-id=\"6ab900a9\" data-element_type=\"section\">\n\t\t\t\t\t\t<div class=\"elementor-container elementor-column-gap-default\">\n\t\t\t\t\t\t\t<div class=\"elementor-row\">\n\t\t\t\t\t<div class=\"elementor-column elementor-col-100 elementor-top-column elementor-element elementor-element-8dc6f90\" data-id=\"8dc6f90\" data-element_type=\"column\">\n\t\t\t<div class=\"elementor-column-wrap elementor-element-populated\">\n\t\t\t\t\t\t\t<div class=\"elementor-widget-wrap\">\n\t\t\t\t\t\t<section class=\"elementor-section elementor-inner-section elementor-element elementor-element-1feb7aec elementor-section-boxed elementor-section-height-default elementor-section-height-default\" data-id=\"1feb7aec\" data-element_type=\"section\">\n\t\t\t\t\t\t<div class=\"elementor-container elementor-column-gap-default\">\n\t\t\t\t\t\t\t<div class=\"elementor-row\">\n\t\t\t\t\t<div class=\"elementor-column elementor-col-100 elementor-inner-column elementor-element elementor-element-5ac780a1\" data-id=\"5ac780a1\" data-element_type=\"column\">\n\t\t\t<div class=\"elementor-column-wrap elementor-element-populated\">\n\t\t\t\t\t\t\t<div class=\"elementor-widget-wrap\">\n\t\t\t\t\t\t<div class=\"elementor-element elementor-element-1963f0dc elementor-tabs-view-horizontal elementor-widget elementor-widget-tabs\" data-id=\"1963f0dc\" data-element_type=\"widget\" data-widget_type=\"tabs.default\">\n\t\t\t\t<div class=\"elementor-widget-container\">\n\t\t\t\t\t<div class=\"elementor-tabs\">\n\t\t\t<div class=\"elementor-tabs-wrapper\" role=\"tablist\" >\n\t\t\t\t\t\t\t\t\t<div id=\"elementor-tab-title-4251\" class=\"elementor-tab-title elementor-tab-desktop-title\" aria-selected=\"true\" data-tab=\"1\" role=\"tab\" tabindex=\"0\" aria-controls=\"elementor-tab-content-4251\" aria-expanded=\"false\">CARACTERISTICAS<\/div>\n\t\t\t\t\t\t\t\t\t<div id=\"elementor-tab-title-4252\" class=\"elementor-tab-title elementor-tab-desktop-title\" aria-selected=\"false\" data-tab=\"2\" role=\"tab\" tabindex=\"-1\" aria-controls=\"elementor-tab-content-4252\" aria-expanded=\"false\">COLORES<\/div>\n\t\t\t\t\t\t\t<\/div>\n\t\t\t<div class=\"elementor-tabs-content-wrapper\" role=\"tablist\" aria-orientation=\"vertical\">\n\t\t\t\t\t\t\t\t\t<div class=\"elementor-tab-title elementor-tab-mobile-title\" aria-selected=\"true\" data-tab=\"1\" role=\"tab\" tabindex=\"0\" aria-controls=\"elementor-tab-content-4251\" aria-expanded=\"false\">CARACTERISTICAS<\/div>\n\t\t\t\t\t<div id=\"elementor-tab-content-4251\" class=\"elementor-tab-content elementor-clearfix\" data-tab=\"1\" role=\"tabpanel\" aria-labelledby=\"elementor-tab-title-4251\" tabindex=\"0\" hidden=\"false\">Disponible en dimensi\u00f3n 18 x 26 mm<\/div>\n\t\t\t\t\t\t\t\t\t<div class=\"elementor-tab-title elementor-tab-mobile-title\" aria-selected=\"false\" data-tab=\"2\" role=\"tab\" tabindex=\"-1\" aria-controls=\"elementor-tab-content-4252\" aria-expanded=\"false\">COLORES<\/div>\n\t\t\t\t\t<div id=\"elementor-tab-content-4252\" class=\"elementor-tab-content elementor-clearfix\" data-tab=\"2\" role=\"tabpanel\" aria-labelledby=\"elementor-tab-title-4252\" tabindex=\"0\" hidden=\"hidden\">Blanco nieve, blanco hielo y marfil.<\/div>\n\t\t\t\t\t\t\t<\/div>\n\t\t<\/div>\n\t\t\t\t<\/div>\n\t\t\t\t<\/div>\n\t\t\t\t\t\t<\/div>\n\t\t\t\t\t<\/div>\n\t\t<\/div>\n\t\t\t\t\t\t\t\t<\/div>\n\t\t\t\t\t<\/div>\n\t\t<\/section>\n\t\t\t\t\t\t<\/div>\n\t\t\t\t\t<\/div>\n\t\t<\/div>\n\t\t\t\t\t\t\t\t<\/div>\n\t\t\t\t\t<\/div>\n\t\t<\/section>\n\t\t\t\t<section class=\"elementor-section elementor-top-section elementor-element elementor-element-7e9b3f6 elementor-section-boxed elementor-section-height-default elementor-section-height-default\" data-id=\"7e9b3f6\" data-element_type=\"section\" data-settings=\"{&quot;background_background&quot;:&quot;classic&quot;}\">\n\t\t\t\t\t\t\t<div class=\"elementor-background-overlay\"><\/div>\n\t\t\t\t\t\t\t<div class=\"elementor-container elementor-column-gap-default\">\n\t\t\t\t\t\t\t<div class=\"elementor-row\">\n\t\t\t\t\t<div class=\"elementor-column elementor-col-100 elementor-top-column elementor-element elementor-element-fc80719\" data-id=\"fc80719\" data-element_type=\"column\">\n\t\t\t<div class=\"elementor-column-wrap elementor-element-populated\">\n\t\t\t\t\t\t\t<div class=\"elementor-widget-wrap\">\n\t\t\t\t\t\t<div class=\"elementor-element elementor-element-e3f5ca7 elementor-widget elementor-widget-heading\" data-id=\"e3f5ca7\" data-element_type=\"widget\" data-widget_type=\"heading.default\">\n\t\t\t\t<div class=\"elementor-widget-container\">\n\t\t\t<h2 class=\"elementor-heading-title elementor-size-default\">HABLA CON TECNOPERFIL<\/h2>\t\t<\/div>\n\t\t\t\t<\/div>\n\t\t\t\t<div class=\"elementor-element elementor-element-589d434 elementor-widget-divider--view-line elementor-widget elementor-widget-divider\" data-id=\"589d434\" data-element_type=\"widget\" data-widget_type=\"divider.default\">\n\t\t\t\t<div class=\"elementor-widget-container\">\n\t\t\t\t\t<div class=\"elementor-divider\">\n\t\t\t<span class=\"elementor-divider-separator\">\n\t\t\t\t\t\t<\/span>\n\t\t<\/div>\n\t\t\t\t<\/div>\n\t\t\t\t<\/div>\n\t\t\t\t<div class=\"elementor-element elementor-element-4f4d20e elementor-widget elementor-widget-text-editor\" data-id=\"4f4d20e\" data-element_type=\"widget\" data-widget_type=\"text-editor.default\">\n\t\t\t\t<div class=\"elementor-widget-container\">\n\t\t\t\t\t\t\t\t<div class=\"elementor-text-editor elementor-clearfix\">\n\t\t\t\tCuente con Tecnoperfil: complete el formulario y haga clic en enviar, nos comunicaremos con usted lo antes posible.\t\t\t\t\t<\/div>\n\t\t\t\t\t\t<\/div>\n\t\t\t\t<\/div>\n\t\t\t\t<section class=\"elementor-section elementor-inner-section elementor-element elementor-element-180a4a7 elementor-section-boxed elementor-section-height-default elementor-section-height-default\" data-id=\"180a4a7\" data-element_type=\"section\">\n\t\t\t\t\t\t<div class=\"elementor-container elementor-column-gap-default\">\n\t\t\t\t\t\t\t<div class=\"elementor-row\">\n\t\t\t\t\t<div class=\"elementor-column elementor-col-33 elementor-inner-column elementor-element elementor-element-33046a3\" data-id=\"33046a3\" data-element_type=\"column\">\n\t\t\t<div class=\"elementor-column-wrap\">\n\t\t\t\t\t\t\t<div class=\"elementor-widget-wrap\">\n\t\t\t\t\t\t\t\t<\/div>\n\t\t\t\t\t<\/div>\n\t\t<\/div>\n\t\t\t\t<div class=\"elementor-column elementor-col-33 elementor-inner-column elementor-element elementor-element-5964da6\" data-id=\"5964da6\" data-element_type=\"column\" data-settings=\"{&quot;background_background&quot;:&quot;classic&quot;}\">\n\t\t\t<div class=\"elementor-column-wrap elementor-element-populated\">\n\t\t\t\t\t\t\t<div class=\"elementor-widget-wrap\">\n\t\t\t\t\t\t<div class=\"elementor-element elementor-element-a4a4a77 elementor-widget elementor-widget-html\" data-id=\"a4a4a77\" data-element_type=\"widget\" data-widget_type=\"html.default\">\n\t\t\t\t<div class=\"elementor-widget-container\">\n\t\t\t<script data-b24-form=\"inline\/103\/kkhjdn\" data-skip-moving=\"true\">\n(function(w,d,u){\nvar s=d.createElement('script');s.async=true;s.src=u+'?'+(Date.now()\/180000|0);\nvar h=d.getElementsByTagName('script')[0];h.parentNode.insertBefore(s,h);\n})(window,document,'https:\/\/cdn.bitrix24.com.br\/b11949843\/crm\/form\/loader_103.js');\n<\/script>\t\t<\/div>\n\t\t\t\t<\/div>\n\t\t\t\t\t\t<\/div>\n\t\t\t\t\t<\/div>\n\t\t<\/div>\n\t\t\t\t<div class=\"elementor-column elementor-col-33 elementor-inner-column elementor-element elementor-element-e865d3f\" data-id=\"e865d3f\" data-element_type=\"column\">\n\t\t\t<div class=\"elementor-column-wrap\">\n\t\t\t\t\t\t\t<div class=\"elementor-widget-wrap\">\n\t\t\t\t\t\t\t\t<\/div>\n\t\t\t\t\t<\/div>\n\t\t<\/div>\n\t\t\t\t\t\t\t\t<\/div>\n\t\t\t\t\t<\/div>\n\t\t<\/section>\n\t\t\t\t\t\t<\/div>\n\t\t\t\t\t<\/div>\n\t\t<\/div>\n\t\t\t\t\t\t\t\t<\/div>\n\t\t\t\t\t<\/div>\n\t\t<\/section>\n\t\t\t\t\t\t\t\t\t<\/div>\n\t\t\t<\/div>\n\t\t\t\t\t<\/div>\n\t\t","protected":false},"excerpt":{"rendered":"<p>ENMIENDA EN PVC \u2013 TEC 237C &#8211; TECNOFORRO Para la instalaci\u00f3n de Cielorrasos Tecnoperfil Para la instalaci\u00f3n de Cielorrasos Tecnoperfil La Enmienda de PVC TEC 237C se utiliza en el montaje de las molduras de los Cielorrasos Tecnoperfil, proporcionando facilidad en la instalaci\u00f3n y acabado de las molduras. Fabricado en PVC ign\u00edfugo, cumple con la [&hellip;]<\/p>\n","protected":false},"author":1,"featured_media":0,"parent":0,"menu_order":0,"comment_status":"closed","ping_status":"closed","template":"","meta":[],"yoast_head":"<!-- This site is optimized with the Yoast SEO plugin v20.8 - https:\/\/yoast.com\/wordpress\/plugins\/seo\/ -->\n<title>Enmienda en PVC | TECNOFORRO | TEC 237C | Tecnoperfil<\/title>\n<meta name=\"description\" content=\"El enmienda de PVC TEC 237C se utiliza para ensamblar la moldura de techo, lo que facilita la instalaci\u00f3n y el acabado de las molduras.\" \/>\n<meta name=\"robots\" content=\"index, follow, max-snippet:-1, max-image-preview:large, max-video-preview:-1\" \/>\n<link rel=\"canonical\" href=\"https:\/\/www.tecnoperfil.com.br\/es\/enmienda-en-pvc-tec-237c\/\" \/>\n<meta property=\"og:locale\" content=\"es_ES\" \/>\n<meta property=\"og:type\" content=\"article\" \/>\n<meta property=\"og:title\" content=\"Enmienda en PVC | TECNOFORRO | TEC 237C | Tecnoperfil\" \/>\n<meta property=\"og:description\" content=\"El enmienda de PVC TEC 237C se utiliza para ensamblar la moldura de techo, lo que facilita la instalaci\u00f3n y el acabado de las molduras.\" \/>\n<meta property=\"og:url\" content=\"https:\/\/www.tecnoperfil.com.br\/es\/enmienda-en-pvc-tec-237c\/\" \/>\n<meta property=\"og:site_name\" content=\"Tecnoperfil | Perfiles de Pl\u00e1stico y PVC\" \/>\n<meta property=\"article:publisher\" content=\"https:\/\/www.facebook.com\/tecnoperfilplasticos\/\" \/>\n<meta property=\"article:modified_time\" content=\"2024-03-05T19:23:56+00:00\" \/>\n<meta property=\"og:image\" content=\"https:\/\/www.tecnoperfil.com.br\/es\/wp-content\/uploads\/2020\/10\/tec237c-555x555-1.jpg\" \/>\n<meta name=\"twitter:card\" content=\"summary_large_image\" \/>\n<meta name=\"twitter:label1\" content=\"Tiempo de lectura\" \/>\n\t<meta name=\"twitter:data1\" content=\"1 minuto\" \/>\n<script type=\"application\/ld+json\" class=\"yoast-schema-graph\">{\"@context\":\"https:\/\/schema.org\",\"@graph\":[{\"@type\":\"WebPage\",\"@id\":\"https:\/\/www.tecnoperfil.com.br\/es\/enmienda-en-pvc-tec-237c\/\",\"url\":\"https:\/\/www.tecnoperfil.com.br\/es\/enmienda-en-pvc-tec-237c\/\",\"name\":\"Enmienda en PVC | TECNOFORRO | TEC 237C | Tecnoperfil\",\"isPartOf\":{\"@id\":\"https:\/\/www.tecnoperfil.com.br\/es\/#website\"},\"datePublished\":\"2020-10-29T06:00:08+00:00\",\"dateModified\":\"2024-03-05T19:23:56+00:00\",\"description\":\"El enmienda de PVC TEC 237C se utiliza para ensamblar la moldura de techo, lo que facilita la instalaci\u00f3n y el acabado de las molduras.\",\"breadcrumb\":{\"@id\":\"https:\/\/www.tecnoperfil.com.br\/es\/enmienda-en-pvc-tec-237c\/#breadcrumb\"},\"inLanguage\":\"es\",\"potentialAction\":[{\"@type\":\"ReadAction\",\"target\":[\"https:\/\/www.tecnoperfil.com.br\/es\/enmienda-en-pvc-tec-237c\/\"]}]},{\"@type\":\"BreadcrumbList\",\"@id\":\"https:\/\/www.tecnoperfil.com.br\/es\/enmienda-en-pvc-tec-237c\/#breadcrumb\",\"itemListElement\":[{\"@type\":\"ListItem\",\"position\":1,\"name\":\"Portada\",\"item\":\"https:\/\/www.tecnoperfil.com.br\/es\/\"},{\"@type\":\"ListItem\",\"position\":2,\"name\":\"ENMIENDA EN PVC \u2013 TEC 237C &#8211; TECNOFORRO\"}]},{\"@type\":\"WebSite\",\"@id\":\"https:\/\/www.tecnoperfil.com.br\/es\/#website\",\"url\":\"https:\/\/www.tecnoperfil.com.br\/es\/\",\"name\":\"Tecnoperfil | Perfiles de Pl\u00e1stico y PVC\",\"description\":\"Protectores de paredes, cantoneras, porta precios, desag\u00fces lineales, placas de moldeo, cielorrasos y perfiles y accesorios para hidropon\u00eda.\",\"potentialAction\":[{\"@type\":\"SearchAction\",\"target\":{\"@type\":\"EntryPoint\",\"urlTemplate\":\"https:\/\/www.tecnoperfil.com.br\/es\/?s={search_term_string}\"},\"query-input\":\"required name=search_term_string\"}],\"inLanguage\":\"es\"}]}<\/script>\n<!-- \/ Yoast SEO plugin. -->","yoast_head_json":{"title":"Enmienda en PVC | TECNOFORRO | TEC 237C | Tecnoperfil","description":"El enmienda de PVC TEC 237C se utiliza para ensamblar la moldura de techo, lo que facilita la instalaci\u00f3n y el acabado de las molduras.","robots":{"index":"index","follow":"follow","max-snippet":"max-snippet:-1","max-image-preview":"max-image-preview:large","max-video-preview":"max-video-preview:-1"},"canonical":"https:\/\/www.tecnoperfil.com.br\/es\/enmienda-en-pvc-tec-237c\/","og_locale":"es_ES","og_type":"article","og_title":"Enmienda en PVC | TECNOFORRO | TEC 237C | Tecnoperfil","og_description":"El enmienda de PVC TEC 237C se utiliza para ensamblar la moldura de techo, lo que facilita la instalaci\u00f3n y el acabado de las molduras.","og_url":"https:\/\/www.tecnoperfil.com.br\/es\/enmienda-en-pvc-tec-237c\/","og_site_name":"Tecnoperfil | Perfiles de Pl\u00e1stico y PVC","article_publisher":"https:\/\/www.facebook.com\/tecnoperfilplasticos\/","article_modified_time":"2024-03-05T19:23:56+00:00","og_image":[{"url":"https:\/\/www.tecnoperfil.com.br\/es\/wp-content\/uploads\/2020\/10\/tec237c-555x555-1.jpg"}],"twitter_card":"summary_large_image","twitter_misc":{"Tiempo de lectura":"1 minuto"},"schema":{"@context":"https:\/\/schema.org","@graph":[{"@type":"WebPage","@id":"https:\/\/www.tecnoperfil.com.br\/es\/enmienda-en-pvc-tec-237c\/","url":"https:\/\/www.tecnoperfil.com.br\/es\/enmienda-en-pvc-tec-237c\/","name":"Enmienda en PVC | TECNOFORRO | TEC 237C | Tecnoperfil","isPartOf":{"@id":"https:\/\/www.tecnoperfil.com.br\/es\/#website"},"datePublished":"2020-10-29T06:00:08+00:00","dateModified":"2024-03-05T19:23:56+00:00","description":"El enmienda de PVC TEC 237C se utiliza para ensamblar la moldura de techo, lo que facilita la instalaci\u00f3n y el acabado de las molduras.","breadcrumb":{"@id":"https:\/\/www.tecnoperfil.com.br\/es\/enmienda-en-pvc-tec-237c\/#breadcrumb"},"inLanguage":"es","potentialAction":[{"@type":"ReadAction","target":["https:\/\/www.tecnoperfil.com.br\/es\/enmienda-en-pvc-tec-237c\/"]}]},{"@type":"BreadcrumbList","@id":"https:\/\/www.tecnoperfil.com.br\/es\/enmienda-en-pvc-tec-237c\/#breadcrumb","itemListElement":[{"@type":"ListItem","position":1,"name":"Portada","item":"https:\/\/www.tecnoperfil.com.br\/es\/"},{"@type":"ListItem","position":2,"name":"ENMIENDA EN PVC \u2013 TEC 237C &#8211; TECNOFORRO"}]},{"@type":"WebSite","@id":"https:\/\/www.tecnoperfil.com.br\/es\/#website","url":"https:\/\/www.tecnoperfil.com.br\/es\/","name":"Tecnoperfil | Perfiles de Pl\u00e1stico y PVC","description":"Protectores de paredes, cantoneras, porta precios, desag\u00fces lineales, placas de moldeo, cielorrasos y perfiles y accesorios para hidropon\u00eda.","potentialAction":[{"@type":"SearchAction","target":{"@type":"EntryPoint","urlTemplate":"https:\/\/www.tecnoperfil.com.br\/es\/?s={search_term_string}"},"query-input":"required name=search_term_string"}],"inLanguage":"es"}]}},"_links":{"self":[{"href":"https:\/\/www.tecnoperfil.com.br\/es\/wp-json\/wp\/v2\/pages\/1534"}],"collection":[{"href":"https:\/\/www.tecnoperfil.com.br\/es\/wp-json\/wp\/v2\/pages"}],"about":[{"href":"https:\/\/www.tecnoperfil.com.br\/es\/wp-json\/wp\/v2\/types\/page"}],"author":[{"embeddable":true,"href":"https:\/\/www.tecnoperfil.com.br\/es\/wp-json\/wp\/v2\/users\/1"}],"replies":[{"embeddable":true,"href":"https:\/\/www.tecnoperfil.com.br\/es\/wp-json\/wp\/v2\/comments?post=1534"}],"version-history":[{"count":31,"href":"https:\/\/www.tecnoperfil.com.br\/es\/wp-json\/wp\/v2\/pages\/1534\/revisions"}],"predecessor-version":[{"id":8523,"href":"https:\/\/www.tecnoperfil.com.br\/es\/wp-json\/wp\/v2\/pages\/1534\/revisions\/8523"}],"wp:attachment":[{"href":"https:\/\/www.tecnoperfil.com.br\/es\/wp-json\/wp\/v2\/media?parent=1534"}],"curies":[{"name":"wp","href":"https:\/\/api.w.org\/{rel}","templated":true}]}}