{"id":1514,"date":"2020-10-29T05:40:54","date_gmt":"2020-10-29T05:40:54","guid":{"rendered":"https:\/\/www.tecnoperfil.com.br\/es\/?page_id=1514"},"modified":"2024-03-13T13:31:26","modified_gmt":"2024-03-13T16:31:26","slug":"enmienda-multifuncional-en-pvc-tec-043","status":"publish","type":"page","link":"https:\/\/www.tecnoperfil.com.br\/es\/enmienda-multifuncional-en-pvc-tec-043\/","title":{"rendered":"ENMIENDA MULTIFUNCIONAL EN PVC &#8211; TEC 043"},"content":{"rendered":"\t\t<div data-elementor-type=\"wp-page\" data-elementor-id=\"1514\" class=\"elementor elementor-1514\">\n\t\t\t\t\t\t<div class=\"elementor-inner\">\n\t\t\t\t<div class=\"elementor-section-wrap\">\n\t\t\t\t\t\t\t\t\t<section class=\"elementor-section elementor-top-section elementor-element elementor-element-7d539bc4 elementor-section-boxed elementor-section-height-default elementor-section-height-default\" data-id=\"7d539bc4\" data-element_type=\"section\">\n\t\t\t\t\t\t<div class=\"elementor-container elementor-column-gap-default\">\n\t\t\t\t\t\t\t<div class=\"elementor-row\">\n\t\t\t\t\t<div class=\"elementor-column elementor-col-100 elementor-top-column elementor-element elementor-element-2c429f56\" data-id=\"2c429f56\" data-element_type=\"column\">\n\t\t\t<div class=\"elementor-column-wrap elementor-element-populated\">\n\t\t\t\t\t\t\t<div class=\"elementor-widget-wrap\">\n\t\t\t\t\t\t<div class=\"elementor-element elementor-element-1d1a3e64 elementor-widget elementor-widget-heading\" data-id=\"1d1a3e64\" data-element_type=\"widget\" data-widget_type=\"heading.default\">\n\t\t\t\t<div class=\"elementor-widget-container\">\n\t\t\t<h2 class=\"elementor-heading-title elementor-size-default\">ENMIENDA MULTIFUNCIONAL EN PVC - TEC 043<\/h2>\t\t<\/div>\n\t\t\t\t<\/div>\n\t\t\t\t<div class=\"elementor-element elementor-element-7affb5cb elementor-widget-divider--view-line elementor-widget elementor-widget-divider\" data-id=\"7affb5cb\" data-element_type=\"widget\" data-widget_type=\"divider.default\">\n\t\t\t\t<div class=\"elementor-widget-container\">\n\t\t\t\t\t<div class=\"elementor-divider\">\n\t\t\t<span class=\"elementor-divider-separator\">\n\t\t\t\t\t\t<\/span>\n\t\t<\/div>\n\t\t\t\t<\/div>\n\t\t\t\t<\/div>\n\t\t\t\t\t\t<\/div>\n\t\t\t\t\t<\/div>\n\t\t<\/div>\n\t\t\t\t\t\t\t\t<\/div>\n\t\t\t\t\t<\/div>\n\t\t<\/section>\n\t\t\t\t<section class=\"elementor-section elementor-top-section elementor-element elementor-element-12755e60 elementor-section-boxed elementor-section-height-default elementor-section-height-default\" data-id=\"12755e60\" data-element_type=\"section\">\n\t\t\t\t\t\t<div class=\"elementor-container elementor-column-gap-default\">\n\t\t\t\t\t\t\t<div class=\"elementor-row\">\n\t\t\t\t\t<div class=\"elementor-column elementor-col-50 elementor-top-column elementor-element elementor-element-55f42cd2\" data-id=\"55f42cd2\" data-element_type=\"column\">\n\t\t\t<div class=\"elementor-column-wrap elementor-element-populated\">\n\t\t\t\t\t\t\t<div class=\"elementor-widget-wrap\">\n\t\t\t\t\t\t<div class=\"elementor-element elementor-element-7c4dee66 elementor-arrows-position-inside elementor-pagination-position-outside elementor-widget elementor-widget-image-carousel\" data-id=\"7c4dee66\" data-element_type=\"widget\" data-settings=\"{&quot;slides_to_show&quot;:&quot;1&quot;,&quot;navigation&quot;:&quot;both&quot;,&quot;autoplay&quot;:&quot;yes&quot;,&quot;pause_on_hover&quot;:&quot;yes&quot;,&quot;pause_on_interaction&quot;:&quot;yes&quot;,&quot;autoplay_speed&quot;:5000,&quot;infinite&quot;:&quot;yes&quot;,&quot;effect&quot;:&quot;slide&quot;,&quot;speed&quot;:500}\" data-widget_type=\"image-carousel.default\">\n\t\t\t\t<div class=\"elementor-widget-container\">\n\t\t\t\t\t<div class=\"elementor-image-carousel-wrapper swiper-container\" dir=\"ltr\">\n\t\t\t<div class=\"elementor-image-carousel swiper-wrapper\">\n\t\t\t\t\t\t\t\t<div class=\"swiper-slide\"><figure class=\"swiper-slide-inner\"><img decoding=\"async\" class=\"swiper-slide-image\" src=\"https:\/\/www.tecnoperfil.com.br\/es\/wp-content\/uploads\/2020\/10\/tec043-555x555-1.jpg\" alt=\"tec043-555x555\" \/><\/figure><\/div>\t\t\t<\/div>\n\t\t\t\t\t<\/div>\n\t\t\t\t<\/div>\n\t\t\t\t<\/div>\n\t\t\t\t\t\t<\/div>\n\t\t\t\t\t<\/div>\n\t\t<\/div>\n\t\t\t\t<div class=\"elementor-column elementor-col-50 elementor-top-column elementor-element elementor-element-575f62ae\" data-id=\"575f62ae\" data-element_type=\"column\">\n\t\t\t<div class=\"elementor-column-wrap elementor-element-populated\">\n\t\t\t\t\t\t\t<div class=\"elementor-widget-wrap\">\n\t\t\t\t\t\t<div class=\"elementor-element elementor-element-129dbf4d elementor-widget elementor-widget-heading\" data-id=\"129dbf4d\" data-element_type=\"widget\" data-widget_type=\"heading.default\">\n\t\t\t\t<div class=\"elementor-widget-container\">\n\t\t\t<h2 class=\"elementor-heading-title elementor-size-default\">Para la instalaci\u00f3n de Cielorrasos Tecnoperfil<\/h2>\t\t<\/div>\n\t\t\t\t<\/div>\n\t\t\t\t<div class=\"elementor-element elementor-element-59fa1df1 elementor-widget elementor-widget-text-editor\" data-id=\"59fa1df1\" data-element_type=\"widget\" data-widget_type=\"text-editor.default\">\n\t\t\t\t<div class=\"elementor-widget-container\">\n\t\t\t\t\t\t\t\t<div class=\"elementor-text-editor elementor-clearfix\">\n\t\t\t\t<p>La Enmienda Multifuncional en PVC se utiliza en el montaje de Cielorrasos y Placas de Revestimientos de Tecnoperfil, proporcionando un acabado perfecto a la hora de instalar los productos. Este perfil se utiliza en situaciones que requieren \u00e1ngulos en el Cielorraso o en las placas de revestimiento.<br \/>Fabricado en PVC ign\u00edfugo, cumple con la norma ABNT NBR-14285 y los l\u00edmites de densidad \u00f3ptica de humo exigidos por los cuerpos de bomberos. Producto exclusivo para uso interno.\u00a0<\/p>\t\t\t\t\t<\/div>\n\t\t\t\t\t\t<\/div>\n\t\t\t\t<\/div>\n\t\t\t\t<section class=\"elementor-section elementor-inner-section elementor-element elementor-element-55146e90 elementor-section-boxed elementor-section-height-default elementor-section-height-default\" data-id=\"55146e90\" data-element_type=\"section\">\n\t\t\t\t\t\t<div class=\"elementor-container elementor-column-gap-default\">\n\t\t\t\t\t\t\t<div class=\"elementor-row\">\n\t\t\t\t\t<div class=\"elementor-column elementor-col-33 elementor-inner-column elementor-element elementor-element-1242d1f1\" data-id=\"1242d1f1\" data-element_type=\"column\">\n\t\t\t<div class=\"elementor-column-wrap elementor-element-populated\">\n\t\t\t\t\t\t\t<div class=\"elementor-widget-wrap\">\n\t\t\t\t\t\t<div class=\"elementor-element elementor-element-37965d30 elementor-align-left elementor-mobile-align-center elementor-widget elementor-widget-button\" data-id=\"37965d30\" data-element_type=\"widget\" data-widget_type=\"button.default\">\n\t\t\t\t<div class=\"elementor-widget-container\">\n\t\t\t\t\t<div class=\"elementor-button-wrapper\">\n\t\t\t<a href=\"\/downloads\" class=\"elementor-button-link elementor-button elementor-size-sm\" role=\"button\">\n\t\t\t\t\t\t<span class=\"elementor-button-content-wrapper\">\n\t\t\t\t\t\t\t<span class=\"elementor-button-icon elementor-align-icon-right\">\n\t\t\t\t<i aria-hidden=\"true\" class=\"fas fa-arrow-down\"><\/i>\t\t\t<\/span>\n\t\t\t\t\t\t<span class=\"elementor-button-text\">VER CATALOGO<\/span>\n\t\t<\/span>\n\t\t\t\t\t<\/a>\n\t\t<\/div>\n\t\t\t\t<\/div>\n\t\t\t\t<\/div>\n\t\t\t\t\t\t<\/div>\n\t\t\t\t\t<\/div>\n\t\t<\/div>\n\t\t\t\t<div class=\"elementor-column elementor-col-33 elementor-inner-column elementor-element elementor-element-6795dd01\" data-id=\"6795dd01\" data-element_type=\"column\">\n\t\t\t<div class=\"elementor-column-wrap elementor-element-populated\">\n\t\t\t\t\t\t\t<div class=\"elementor-widget-wrap\">\n\t\t\t\t\t\t<div class=\"elementor-element elementor-element-6fae6091 elementor-align-left elementor-mobile-align-center elementor-widget elementor-widget-button\" data-id=\"6fae6091\" data-element_type=\"widget\" data-widget_type=\"button.default\">\n\t\t\t\t<div class=\"elementor-widget-container\">\n\t\t\t\t\t<div class=\"elementor-button-wrapper\">\n\t\t\t<a href=\"https:\/\/www.tecnoperfil.com.br\/es\/contato\/\" class=\"elementor-button-link elementor-button elementor-size-sm\" role=\"button\">\n\t\t\t\t\t\t<span class=\"elementor-button-content-wrapper\">\n\t\t\t\t\t\t\t<span class=\"elementor-button-icon elementor-align-icon-right\">\n\t\t\t\t<i aria-hidden=\"true\" class=\"fas fa-phone\"><\/i>\t\t\t<\/span>\n\t\t\t\t\t\t<span class=\"elementor-button-text\">PRESUPUESTOS<\/span>\n\t\t<\/span>\n\t\t\t\t\t<\/a>\n\t\t<\/div>\n\t\t\t\t<\/div>\n\t\t\t\t<\/div>\n\t\t\t\t\t\t<\/div>\n\t\t\t\t\t<\/div>\n\t\t<\/div>\n\t\t\t\t<div class=\"elementor-column elementor-col-33 elementor-inner-column elementor-element elementor-element-32dccfb1\" data-id=\"32dccfb1\" data-element_type=\"column\">\n\t\t\t<div class=\"elementor-column-wrap\">\n\t\t\t\t\t\t\t<div class=\"elementor-widget-wrap\">\n\t\t\t\t\t\t\t\t<\/div>\n\t\t\t\t\t<\/div>\n\t\t<\/div>\n\t\t\t\t\t\t\t\t<\/div>\n\t\t\t\t\t<\/div>\n\t\t<\/section>\n\t\t\t\t\t\t<\/div>\n\t\t\t\t\t<\/div>\n\t\t<\/div>\n\t\t\t\t\t\t\t\t<\/div>\n\t\t\t\t\t<\/div>\n\t\t<\/section>\n\t\t\t\t<section class=\"elementor-section elementor-top-section elementor-element elementor-element-c0dad61 elementor-section-boxed elementor-section-height-default elementor-section-height-default\" data-id=\"c0dad61\" data-element_type=\"section\">\n\t\t\t\t\t\t<div class=\"elementor-container elementor-column-gap-default\">\n\t\t\t\t\t\t\t<div class=\"elementor-row\">\n\t\t\t\t\t<div class=\"elementor-column elementor-col-100 elementor-top-column elementor-element elementor-element-1e0a3337\" data-id=\"1e0a3337\" data-element_type=\"column\">\n\t\t\t<div class=\"elementor-column-wrap elementor-element-populated\">\n\t\t\t\t\t\t\t<div class=\"elementor-widget-wrap\">\n\t\t\t\t\t\t<section class=\"elementor-section elementor-inner-section elementor-element elementor-element-3026988b elementor-section-boxed elementor-section-height-default elementor-section-height-default\" data-id=\"3026988b\" data-element_type=\"section\">\n\t\t\t\t\t\t<div class=\"elementor-container elementor-column-gap-default\">\n\t\t\t\t\t\t\t<div class=\"elementor-row\">\n\t\t\t\t\t<div class=\"elementor-column elementor-col-100 elementor-inner-column elementor-element elementor-element-12ffa14c\" data-id=\"12ffa14c\" data-element_type=\"column\">\n\t\t\t<div class=\"elementor-column-wrap elementor-element-populated\">\n\t\t\t\t\t\t\t<div class=\"elementor-widget-wrap\">\n\t\t\t\t\t\t<div class=\"elementor-element elementor-element-2157ef85 elementor-tabs-view-horizontal elementor-widget elementor-widget-tabs\" data-id=\"2157ef85\" data-element_type=\"widget\" data-widget_type=\"tabs.default\">\n\t\t\t\t<div class=\"elementor-widget-container\">\n\t\t\t\t\t<div class=\"elementor-tabs\">\n\t\t\t<div class=\"elementor-tabs-wrapper\" role=\"tablist\" >\n\t\t\t\t\t\t\t\t\t<div id=\"elementor-tab-title-5591\" class=\"elementor-tab-title elementor-tab-desktop-title\" aria-selected=\"true\" data-tab=\"1\" role=\"tab\" tabindex=\"0\" aria-controls=\"elementor-tab-content-5591\" aria-expanded=\"false\">APLICACI\u00d3N<\/div>\n\t\t\t\t\t\t\t\t\t<div id=\"elementor-tab-title-5592\" class=\"elementor-tab-title elementor-tab-desktop-title\" aria-selected=\"false\" data-tab=\"2\" role=\"tab\" tabindex=\"-1\" aria-controls=\"elementor-tab-content-5592\" aria-expanded=\"false\">CARACTERISTICAS<\/div>\n\t\t\t\t\t\t\t\t\t<div id=\"elementor-tab-title-5593\" class=\"elementor-tab-title elementor-tab-desktop-title\" aria-selected=\"false\" data-tab=\"3\" role=\"tab\" tabindex=\"-1\" aria-controls=\"elementor-tab-content-5593\" aria-expanded=\"false\">COLORES<\/div>\n\t\t\t\t\t\t\t<\/div>\n\t\t\t<div class=\"elementor-tabs-content-wrapper\" role=\"tablist\" aria-orientation=\"vertical\">\n\t\t\t\t\t\t\t\t\t<div class=\"elementor-tab-title elementor-tab-mobile-title\" aria-selected=\"true\" data-tab=\"1\" role=\"tab\" tabindex=\"0\" aria-controls=\"elementor-tab-content-5591\" aria-expanded=\"false\">APLICACI\u00d3N<\/div>\n\t\t\t\t\t<div id=\"elementor-tab-content-5591\" class=\"elementor-tab-content elementor-clearfix\" data-tab=\"1\" role=\"tabpanel\" aria-labelledby=\"elementor-tab-title-5591\" tabindex=\"0\" hidden=\"false\"><p>Este perfil se utiliza en situaciones que requieran \u00e1ngulos en el Cielorraso o en las placas de revestimiento, permitiendo realizar el rebaje del Cielorraso en varias pendientes. En las placas de revestimiento, tambi\u00e9n permite cambios de \u00e1ngulo en las paredes.\u00a0<\/p><\/div>\n\t\t\t\t\t\t\t\t\t<div class=\"elementor-tab-title elementor-tab-mobile-title\" aria-selected=\"false\" data-tab=\"2\" role=\"tab\" tabindex=\"-1\" aria-controls=\"elementor-tab-content-5592\" aria-expanded=\"false\">CARACTERISTICAS<\/div>\n\t\t\t\t\t<div id=\"elementor-tab-content-5592\" class=\"elementor-tab-content elementor-clearfix\" data-tab=\"2\" role=\"tabpanel\" aria-labelledby=\"elementor-tab-title-5592\" tabindex=\"0\" hidden=\"hidden\"><p>Disponible en piezas de 6 m<br \/>Dimensiones: 85 x 11,6 mm<br \/>Peso: 310 g\/m.\u00a0<\/p><\/div>\n\t\t\t\t\t\t\t\t\t<div class=\"elementor-tab-title elementor-tab-mobile-title\" aria-selected=\"false\" data-tab=\"3\" role=\"tab\" tabindex=\"-1\" aria-controls=\"elementor-tab-content-5593\" aria-expanded=\"false\">COLORES<\/div>\n\t\t\t\t\t<div id=\"elementor-tab-content-5593\" class=\"elementor-tab-content elementor-clearfix\" data-tab=\"3\" role=\"tabpanel\" aria-labelledby=\"elementor-tab-title-5593\" tabindex=\"0\" hidden=\"hidden\">Blanco nieve, blanco hielo, marfil, negro y amarillo. <\/div>\n\t\t\t\t\t\t\t<\/div>\n\t\t<\/div>\n\t\t\t\t<\/div>\n\t\t\t\t<\/div>\n\t\t\t\t\t\t<\/div>\n\t\t\t\t\t<\/div>\n\t\t<\/div>\n\t\t\t\t\t\t\t\t<\/div>\n\t\t\t\t\t<\/div>\n\t\t<\/section>\n\t\t\t\t\t\t<\/div>\n\t\t\t\t\t<\/div>\n\t\t<\/div>\n\t\t\t\t\t\t\t\t<\/div>\n\t\t\t\t\t<\/div>\n\t\t<\/section>\n\t\t\t\t<section class=\"elementor-section elementor-top-section elementor-element elementor-element-233a2684 elementor-section-boxed elementor-section-height-default elementor-section-height-default\" data-id=\"233a2684\" data-element_type=\"section\" data-settings=\"{&quot;background_background&quot;:&quot;classic&quot;}\">\n\t\t\t\t\t\t\t<div class=\"elementor-background-overlay\"><\/div>\n\t\t\t\t\t\t\t<div class=\"elementor-container elementor-column-gap-default\">\n\t\t\t\t\t\t\t<div class=\"elementor-row\">\n\t\t\t\t\t<div class=\"elementor-column elementor-col-100 elementor-top-column elementor-element elementor-element-19e105e4\" data-id=\"19e105e4\" data-element_type=\"column\">\n\t\t\t<div class=\"elementor-column-wrap elementor-element-populated\">\n\t\t\t\t\t\t\t<div class=\"elementor-widget-wrap\">\n\t\t\t\t\t\t<div class=\"elementor-element elementor-element-683b052 elementor-widget elementor-widget-heading\" data-id=\"683b052\" data-element_type=\"widget\" data-widget_type=\"heading.default\">\n\t\t\t\t<div class=\"elementor-widget-container\">\n\t\t\t<h2 class=\"elementor-heading-title elementor-size-default\">HABLA CON TECNOPERFIL<\/h2>\t\t<\/div>\n\t\t\t\t<\/div>\n\t\t\t\t<div class=\"elementor-element elementor-element-2d10f8fa elementor-widget-divider--view-line elementor-widget elementor-widget-divider\" data-id=\"2d10f8fa\" data-element_type=\"widget\" data-widget_type=\"divider.default\">\n\t\t\t\t<div class=\"elementor-widget-container\">\n\t\t\t\t\t<div class=\"elementor-divider\">\n\t\t\t<span class=\"elementor-divider-separator\">\n\t\t\t\t\t\t<\/span>\n\t\t<\/div>\n\t\t\t\t<\/div>\n\t\t\t\t<\/div>\n\t\t\t\t<div class=\"elementor-element elementor-element-158ea2f4 elementor-widget elementor-widget-text-editor\" data-id=\"158ea2f4\" data-element_type=\"widget\" data-widget_type=\"text-editor.default\">\n\t\t\t\t<div class=\"elementor-widget-container\">\n\t\t\t\t\t\t\t\t<div class=\"elementor-text-editor elementor-clearfix\">\n\t\t\t\tCuente con Tecnoperfil: complete el formulario y haga clic en enviar, nos comunicaremos con usted lo antes posible.\t\t\t\t\t<\/div>\n\t\t\t\t\t\t<\/div>\n\t\t\t\t<\/div>\n\t\t\t\t<section class=\"elementor-section elementor-inner-section elementor-element elementor-element-79f4893 animated-fast elementor-section-boxed elementor-section-height-default elementor-section-height-default elementor-invisible\" data-id=\"79f4893\" data-element_type=\"section\" data-settings=\"{&quot;animation&quot;:&quot;fadeInUp&quot;}\">\n\t\t\t\t\t\t<div class=\"elementor-container elementor-column-gap-default\">\n\t\t\t\t\t\t\t<div class=\"elementor-row\">\n\t\t\t\t\t<div class=\"elementor-column elementor-col-33 elementor-inner-column elementor-element elementor-element-010e852\" data-id=\"010e852\" data-element_type=\"column\">\n\t\t\t<div class=\"elementor-column-wrap\">\n\t\t\t\t\t\t\t<div class=\"elementor-widget-wrap\">\n\t\t\t\t\t\t\t\t<\/div>\n\t\t\t\t\t<\/div>\n\t\t<\/div>\n\t\t\t\t<div class=\"elementor-column elementor-col-33 elementor-inner-column elementor-element elementor-element-55a0ae5\" data-id=\"55a0ae5\" data-element_type=\"column\" data-settings=\"{&quot;background_background&quot;:&quot;classic&quot;}\">\n\t\t\t<div class=\"elementor-column-wrap elementor-element-populated\">\n\t\t\t\t\t\t\t<div class=\"elementor-widget-wrap\">\n\t\t\t\t\t\t<div class=\"elementor-element elementor-element-7e2c625 elementor-widget elementor-widget-html\" data-id=\"7e2c625\" data-element_type=\"widget\" data-widget_type=\"html.default\">\n\t\t\t\t<div class=\"elementor-widget-container\">\n\t\t\t<script data-b24-form=\"inline\/103\/kkhjdn\" data-skip-moving=\"true\">\n(function(w,d,u){\nvar s=d.createElement('script');s.async=true;s.src=u+'?'+(Date.now()\/180000|0);\nvar h=d.getElementsByTagName('script')[0];h.parentNode.insertBefore(s,h);\n})(window,document,'https:\/\/cdn.bitrix24.com.br\/b11949843\/crm\/form\/loader_103.js');\n<\/script>\t\t<\/div>\n\t\t\t\t<\/div>\n\t\t\t\t\t\t<\/div>\n\t\t\t\t\t<\/div>\n\t\t<\/div>\n\t\t\t\t<div class=\"elementor-column elementor-col-33 elementor-inner-column elementor-element elementor-element-862b9d5\" data-id=\"862b9d5\" data-element_type=\"column\">\n\t\t\t<div class=\"elementor-column-wrap\">\n\t\t\t\t\t\t\t<div class=\"elementor-widget-wrap\">\n\t\t\t\t\t\t\t\t<\/div>\n\t\t\t\t\t<\/div>\n\t\t<\/div>\n\t\t\t\t\t\t\t\t<\/div>\n\t\t\t\t\t<\/div>\n\t\t<\/section>\n\t\t\t\t\t\t<\/div>\n\t\t\t\t\t<\/div>\n\t\t<\/div>\n\t\t\t\t\t\t\t\t<\/div>\n\t\t\t\t\t<\/div>\n\t\t<\/section>\n\t\t\t\t\t\t\t\t\t<\/div>\n\t\t\t<\/div>\n\t\t\t\t\t<\/div>\n\t\t","protected":false},"excerpt":{"rendered":"<p>ENMIENDA MULTIFUNCIONAL EN PVC &#8211; TEC 043 Para la instalaci\u00f3n de Cielorrasos Tecnoperfil La Enmienda Multifuncional en PVC se utiliza en el montaje de Cielorrasos y Placas de Revestimientos de Tecnoperfil, proporcionando un acabado perfecto a la hora de instalar los productos. Este perfil se utiliza en situaciones que requieren \u00e1ngulos en el Cielorraso o [&hellip;]<\/p>\n","protected":false},"author":1,"featured_media":0,"parent":0,"menu_order":0,"comment_status":"closed","ping_status":"closed","template":"","meta":[],"yoast_head":"<!-- This site is optimized with the Yoast SEO plugin v20.8 - https:\/\/yoast.com\/wordpress\/plugins\/seo\/ -->\n<title>Enmienda Multifuncional en PVC | TEC 043 | Tecnoperfil<\/title>\n<meta name=\"description\" content=\"El Empalme Multifuncional se utiliza para ensamblar techos y paneles, proporcionando un acabado perfecto al instalar los productos.\" \/>\n<meta name=\"robots\" content=\"index, follow, max-snippet:-1, max-image-preview:large, max-video-preview:-1\" \/>\n<link rel=\"canonical\" href=\"https:\/\/www.tecnoperfil.com.br\/es\/enmienda-multifuncional-en-pvc-tec-043\/\" \/>\n<meta property=\"og:locale\" content=\"es_ES\" \/>\n<meta property=\"og:type\" content=\"article\" \/>\n<meta property=\"og:title\" content=\"Enmienda Multifuncional en PVC | TEC 043 | Tecnoperfil\" \/>\n<meta property=\"og:description\" content=\"El Empalme Multifuncional se utiliza para ensamblar techos y paneles, proporcionando un acabado perfecto al instalar los productos.\" \/>\n<meta property=\"og:url\" content=\"https:\/\/www.tecnoperfil.com.br\/es\/enmienda-multifuncional-en-pvc-tec-043\/\" \/>\n<meta property=\"og:site_name\" content=\"Tecnoperfil | Perfiles de Pl\u00e1stico y PVC\" \/>\n<meta property=\"article:publisher\" content=\"https:\/\/www.facebook.com\/tecnoperfilplasticos\/\" \/>\n<meta property=\"article:modified_time\" content=\"2024-03-13T16:31:26+00:00\" \/>\n<meta property=\"og:image\" content=\"https:\/\/www.tecnoperfil.com.br\/es\/wp-content\/uploads\/2020\/10\/tec043-555x555-1.jpg\" \/>\n<meta name=\"twitter:card\" content=\"summary_large_image\" \/>\n<meta name=\"twitter:label1\" content=\"Tiempo de lectura\" \/>\n\t<meta name=\"twitter:data1\" content=\"2 minutos\" \/>\n<script type=\"application\/ld+json\" class=\"yoast-schema-graph\">{\"@context\":\"https:\/\/schema.org\",\"@graph\":[{\"@type\":\"WebPage\",\"@id\":\"https:\/\/www.tecnoperfil.com.br\/es\/enmienda-multifuncional-en-pvc-tec-043\/\",\"url\":\"https:\/\/www.tecnoperfil.com.br\/es\/enmienda-multifuncional-en-pvc-tec-043\/\",\"name\":\"Enmienda Multifuncional en PVC | TEC 043 | Tecnoperfil\",\"isPartOf\":{\"@id\":\"https:\/\/www.tecnoperfil.com.br\/es\/#website\"},\"datePublished\":\"2020-10-29T05:40:54+00:00\",\"dateModified\":\"2024-03-13T16:31:26+00:00\",\"description\":\"El Empalme Multifuncional se utiliza para ensamblar techos y paneles, proporcionando un acabado perfecto al instalar los productos.\",\"breadcrumb\":{\"@id\":\"https:\/\/www.tecnoperfil.com.br\/es\/enmienda-multifuncional-en-pvc-tec-043\/#breadcrumb\"},\"inLanguage\":\"es\",\"potentialAction\":[{\"@type\":\"ReadAction\",\"target\":[\"https:\/\/www.tecnoperfil.com.br\/es\/enmienda-multifuncional-en-pvc-tec-043\/\"]}]},{\"@type\":\"BreadcrumbList\",\"@id\":\"https:\/\/www.tecnoperfil.com.br\/es\/enmienda-multifuncional-en-pvc-tec-043\/#breadcrumb\",\"itemListElement\":[{\"@type\":\"ListItem\",\"position\":1,\"name\":\"Portada\",\"item\":\"https:\/\/www.tecnoperfil.com.br\/es\/\"},{\"@type\":\"ListItem\",\"position\":2,\"name\":\"ENMIENDA MULTIFUNCIONAL EN PVC &#8211; TEC 043\"}]},{\"@type\":\"WebSite\",\"@id\":\"https:\/\/www.tecnoperfil.com.br\/es\/#website\",\"url\":\"https:\/\/www.tecnoperfil.com.br\/es\/\",\"name\":\"Tecnoperfil | Perfiles de Pl\u00e1stico y PVC\",\"description\":\"Protectores de paredes, cantoneras, porta precios, desag\u00fces lineales, placas de moldeo, cielorrasos y perfiles y accesorios para hidropon\u00eda.\",\"potentialAction\":[{\"@type\":\"SearchAction\",\"target\":{\"@type\":\"EntryPoint\",\"urlTemplate\":\"https:\/\/www.tecnoperfil.com.br\/es\/?s={search_term_string}\"},\"query-input\":\"required name=search_term_string\"}],\"inLanguage\":\"es\"}]}<\/script>\n<!-- \/ Yoast SEO plugin. -->","yoast_head_json":{"title":"Enmienda Multifuncional en PVC | TEC 043 | Tecnoperfil","description":"El Empalme Multifuncional se utiliza para ensamblar techos y paneles, proporcionando un acabado perfecto al instalar los productos.","robots":{"index":"index","follow":"follow","max-snippet":"max-snippet:-1","max-image-preview":"max-image-preview:large","max-video-preview":"max-video-preview:-1"},"canonical":"https:\/\/www.tecnoperfil.com.br\/es\/enmienda-multifuncional-en-pvc-tec-043\/","og_locale":"es_ES","og_type":"article","og_title":"Enmienda Multifuncional en PVC | TEC 043 | Tecnoperfil","og_description":"El Empalme Multifuncional se utiliza para ensamblar techos y paneles, proporcionando un acabado perfecto al instalar los productos.","og_url":"https:\/\/www.tecnoperfil.com.br\/es\/enmienda-multifuncional-en-pvc-tec-043\/","og_site_name":"Tecnoperfil | Perfiles de Pl\u00e1stico y PVC","article_publisher":"https:\/\/www.facebook.com\/tecnoperfilplasticos\/","article_modified_time":"2024-03-13T16:31:26+00:00","og_image":[{"url":"https:\/\/www.tecnoperfil.com.br\/es\/wp-content\/uploads\/2020\/10\/tec043-555x555-1.jpg"}],"twitter_card":"summary_large_image","twitter_misc":{"Tiempo de lectura":"2 minutos"},"schema":{"@context":"https:\/\/schema.org","@graph":[{"@type":"WebPage","@id":"https:\/\/www.tecnoperfil.com.br\/es\/enmienda-multifuncional-en-pvc-tec-043\/","url":"https:\/\/www.tecnoperfil.com.br\/es\/enmienda-multifuncional-en-pvc-tec-043\/","name":"Enmienda Multifuncional en PVC | TEC 043 | Tecnoperfil","isPartOf":{"@id":"https:\/\/www.tecnoperfil.com.br\/es\/#website"},"datePublished":"2020-10-29T05:40:54+00:00","dateModified":"2024-03-13T16:31:26+00:00","description":"El Empalme Multifuncional se utiliza para ensamblar techos y paneles, proporcionando un acabado perfecto al instalar los productos.","breadcrumb":{"@id":"https:\/\/www.tecnoperfil.com.br\/es\/enmienda-multifuncional-en-pvc-tec-043\/#breadcrumb"},"inLanguage":"es","potentialAction":[{"@type":"ReadAction","target":["https:\/\/www.tecnoperfil.com.br\/es\/enmienda-multifuncional-en-pvc-tec-043\/"]}]},{"@type":"BreadcrumbList","@id":"https:\/\/www.tecnoperfil.com.br\/es\/enmienda-multifuncional-en-pvc-tec-043\/#breadcrumb","itemListElement":[{"@type":"ListItem","position":1,"name":"Portada","item":"https:\/\/www.tecnoperfil.com.br\/es\/"},{"@type":"ListItem","position":2,"name":"ENMIENDA MULTIFUNCIONAL EN PVC &#8211; TEC 043"}]},{"@type":"WebSite","@id":"https:\/\/www.tecnoperfil.com.br\/es\/#website","url":"https:\/\/www.tecnoperfil.com.br\/es\/","name":"Tecnoperfil | Perfiles de Pl\u00e1stico y PVC","description":"Protectores de paredes, cantoneras, porta precios, desag\u00fces lineales, placas de moldeo, cielorrasos y perfiles y accesorios para hidropon\u00eda.","potentialAction":[{"@type":"SearchAction","target":{"@type":"EntryPoint","urlTemplate":"https:\/\/www.tecnoperfil.com.br\/es\/?s={search_term_string}"},"query-input":"required name=search_term_string"}],"inLanguage":"es"}]}},"_links":{"self":[{"href":"https:\/\/www.tecnoperfil.com.br\/es\/wp-json\/wp\/v2\/pages\/1514"}],"collection":[{"href":"https:\/\/www.tecnoperfil.com.br\/es\/wp-json\/wp\/v2\/pages"}],"about":[{"href":"https:\/\/www.tecnoperfil.com.br\/es\/wp-json\/wp\/v2\/types\/page"}],"author":[{"embeddable":true,"href":"https:\/\/www.tecnoperfil.com.br\/es\/wp-json\/wp\/v2\/users\/1"}],"replies":[{"embeddable":true,"href":"https:\/\/www.tecnoperfil.com.br\/es\/wp-json\/wp\/v2\/comments?post=1514"}],"version-history":[{"count":24,"href":"https:\/\/www.tecnoperfil.com.br\/es\/wp-json\/wp\/v2\/pages\/1514\/revisions"}],"predecessor-version":[{"id":8668,"href":"https:\/\/www.tecnoperfil.com.br\/es\/wp-json\/wp\/v2\/pages\/1514\/revisions\/8668"}],"wp:attachment":[{"href":"https:\/\/www.tecnoperfil.com.br\/es\/wp-json\/wp\/v2\/media?parent=1514"}],"curies":[{"name":"wp","href":"https:\/\/api.w.org\/{rel}","templated":true}]}}