{"id":799,"date":"2020-10-26T01:52:39","date_gmt":"2020-10-26T01:52:39","guid":{"rendered":"https:\/\/www.tecnoperfil.com.br\/en\/?page_id=799"},"modified":"2024-03-13T16:03:50","modified_gmt":"2024-03-13T19:03:50","slug":"door-sealer","status":"publish","type":"page","link":"https:\/\/www.tecnoperfil.com.br\/en\/door-sealer\/","title":{"rendered":"DOOR SEALER"},"content":{"rendered":"\t\t<div data-elementor-type=\"wp-page\" data-elementor-id=\"799\" class=\"elementor elementor-799\">\n\t\t\t\t\t\t<div class=\"elementor-inner\">\n\t\t\t\t<div class=\"elementor-section-wrap\">\n\t\t\t\t\t\t\t\t\t<section class=\"elementor-section elementor-top-section elementor-element elementor-element-6b11da5b elementor-section-boxed elementor-section-height-default elementor-section-height-default\" data-id=\"6b11da5b\" data-element_type=\"section\" data-settings=\"{&quot;background_background&quot;:&quot;classic&quot;}\">\n\t\t\t\t\t\t\t<div class=\"elementor-background-overlay\"><\/div>\n\t\t\t\t\t\t\t<div class=\"elementor-container elementor-column-gap-default\">\n\t\t\t\t\t\t\t<div class=\"elementor-row\">\n\t\t\t\t\t<div class=\"elementor-column elementor-col-100 elementor-top-column elementor-element elementor-element-2fcd983b\" data-id=\"2fcd983b\" data-element_type=\"column\">\n\t\t\t<div class=\"elementor-column-wrap elementor-element-populated\">\n\t\t\t\t\t\t\t<div class=\"elementor-widget-wrap\">\n\t\t\t\t\t\t<div class=\"elementor-element elementor-element-6cf960bb elementor-widget elementor-widget-heading\" data-id=\"6cf960bb\" data-element_type=\"widget\" data-widget_type=\"heading.default\">\n\t\t\t\t<div class=\"elementor-widget-container\">\n\t\t\t<h1 class=\"elementor-heading-title elementor-size-default\">DOOR SEALER<\/h1>\t\t<\/div>\n\t\t\t\t<\/div>\n\t\t\t\t\t\t<\/div>\n\t\t\t\t\t<\/div>\n\t\t<\/div>\n\t\t\t\t\t\t\t\t<\/div>\n\t\t\t\t\t<\/div>\n\t\t<\/section>\n\t\t\t\t<section class=\"elementor-section elementor-top-section elementor-element elementor-element-1bee1823 elementor-section-boxed elementor-section-height-default elementor-section-height-default\" data-id=\"1bee1823\" data-element_type=\"section\">\n\t\t\t\t\t\t<div class=\"elementor-container elementor-column-gap-default\">\n\t\t\t\t\t\t\t<div class=\"elementor-row\">\n\t\t\t\t\t<div class=\"elementor-column elementor-col-100 elementor-top-column elementor-element elementor-element-46fd6431\" data-id=\"46fd6431\" data-element_type=\"column\">\n\t\t\t<div class=\"elementor-column-wrap elementor-element-populated\">\n\t\t\t\t\t\t\t<div class=\"elementor-widget-wrap\">\n\t\t\t\t\t\t<div class=\"elementor-element elementor-element-e9c17ce elementor-widget elementor-widget-text-editor\" data-id=\"e9c17ce\" data-element_type=\"widget\" data-widget_type=\"text-editor.default\">\n\t\t\t\t<div class=\"elementor-widget-container\">\n\t\t\t\t\t\t\t\t<div class=\"elementor-text-editor elementor-clearfix\">\n\t\t\t\tExcellent sealing for your environments\t\t\t\t\t<\/div>\n\t\t\t\t\t\t<\/div>\n\t\t\t\t<\/div>\n\t\t\t\t<div class=\"elementor-element elementor-element-89d8e7e elementor-widget elementor-widget-text-editor\" data-id=\"89d8e7e\" data-element_type=\"widget\" data-widget_type=\"text-editor.default\">\n\t\t\t\t<div class=\"elementor-widget-container\">\n\t\t\t\t\t\t\t\t<div class=\"elementor-text-editor elementor-clearfix\">\n\t\t\t\t<p>Tecnoperfil&#8217;s Door sealer line offers an excellent seal for your environments, making it difficult for wind, dust, light and insects to enter. It does not make noise when the door is opened or closed. It is very practical, adapts to mild floor imperfections and is very easy to install. Available in white, black and brown and in blade or brush.<\/p><p>They can be fixed with screws or double sided tape.\u00a0<\/p>\t\t\t\t\t<\/div>\n\t\t\t\t\t\t<\/div>\n\t\t\t\t<\/div>\n\t\t\t\t\t\t<\/div>\n\t\t\t\t\t<\/div>\n\t\t<\/div>\n\t\t\t\t\t\t\t\t<\/div>\n\t\t\t\t\t<\/div>\n\t\t<\/section>\n\t\t\t\t<section class=\"elementor-section elementor-top-section elementor-element elementor-element-577316f5 elementor-section-boxed elementor-section-height-default elementor-section-height-default\" data-id=\"577316f5\" data-element_type=\"section\">\n\t\t\t\t\t\t<div class=\"elementor-container elementor-column-gap-default\">\n\t\t\t\t\t\t\t<div class=\"elementor-row\">\n\t\t\t\t\t<div class=\"elementor-column elementor-col-100 elementor-top-column elementor-element elementor-element-5fc6dd34\" data-id=\"5fc6dd34\" data-element_type=\"column\">\n\t\t\t<div class=\"elementor-column-wrap elementor-element-populated\">\n\t\t\t\t\t\t\t<div class=\"elementor-widget-wrap\">\n\t\t\t\t\t\t<div class=\"elementor-element elementor-element-49e193b1 elementor-align-left elementor-mobile-align-center elementor-widget elementor-widget-button\" data-id=\"49e193b1\" data-element_type=\"widget\" data-widget_type=\"button.default\">\n\t\t\t\t<div class=\"elementor-widget-container\">\n\t\t\t\t\t<div class=\"elementor-button-wrapper\">\n\t\t\t<a href=\"https:\/\/www.tecnoperfil.com.br\/en\/downloads\/\" class=\"elementor-button-link elementor-button elementor-size-sm\" role=\"button\">\n\t\t\t\t\t\t<span class=\"elementor-button-content-wrapper\">\n\t\t\t\t\t\t\t<span class=\"elementor-button-icon elementor-align-icon-right\">\n\t\t\t\t<i aria-hidden=\"true\" class=\"fas fa-arrow-down\"><\/i>\t\t\t<\/span>\n\t\t\t\t\t\t<span class=\"elementor-button-text\">VIEW CATALOG<\/span>\n\t\t<\/span>\n\t\t\t\t\t<\/a>\n\t\t<\/div>\n\t\t\t\t<\/div>\n\t\t\t\t<\/div>\n\t\t\t\t<section class=\"elementor-section elementor-inner-section elementor-element elementor-element-607d5e0c elementor-section-full_width elementor-section-height-default elementor-section-height-default\" data-id=\"607d5e0c\" data-element_type=\"section\">\n\t\t\t\t\t\t<div class=\"elementor-container elementor-column-gap-default\">\n\t\t\t\t\t\t\t<div class=\"elementor-row\">\n\t\t\t\t\t<div class=\"elementor-column elementor-col-33 elementor-inner-column elementor-element elementor-element-71228f65 animated-fast elementor-invisible\" data-id=\"71228f65\" data-element_type=\"column\" data-settings=\"{&quot;animation&quot;:&quot;fadeInUp&quot;}\">\n\t\t\t<div class=\"elementor-column-wrap elementor-element-populated\">\n\t\t\t\t\t\t\t<div class=\"elementor-widget-wrap\">\n\t\t\t\t\t\t<div class=\"elementor-element elementor-element-6e3d2881 elementor-position-top elementor-vertical-align-top elementor-widget elementor-widget-image-box\" data-id=\"6e3d2881\" data-element_type=\"widget\" data-widget_type=\"image-box.default\">\n\t\t\t\t<div class=\"elementor-widget-container\">\n\t\t\t<div class=\"elementor-image-box-wrapper\"><figure class=\"elementor-image-box-img\"><a href=\"https:\/\/www.tecnoperfil.com.br\/en\/door-sealer-rigid-profile-with-brush\/\"><img decoding=\"async\" width=\"800\" height=\"764\" src=\"https:\/\/www.tecnoperfil.com.br\/en\/wp-content\/uploads\/2020\/10\/PERFIL-RI\u0301GIDO-COM-ESCOVA.jpg\" class=\"elementor-animation-float attachment-full size-full wp-image-801\" alt=\"PERFIL RI\u0301GIDO COM ESCOVA\" loading=\"lazy\" srcset=\"https:\/\/www.tecnoperfil.com.br\/en\/wp-content\/uploads\/2020\/10\/PERFIL-RI\u0301GIDO-COM-ESCOVA.jpg 800w, https:\/\/www.tecnoperfil.com.br\/en\/wp-content\/uploads\/2020\/10\/PERFIL-RI\u0301GIDO-COM-ESCOVA-300x287.jpg 300w, https:\/\/www.tecnoperfil.com.br\/en\/wp-content\/uploads\/2020\/10\/PERFIL-RI\u0301GIDO-COM-ESCOVA-768x733.jpg 768w\" sizes=\"(max-width: 800px) 100vw, 800px\" \/><\/a><\/figure><div class=\"elementor-image-box-content\"><h3 class=\"elementor-image-box-title\"><a href=\"https:\/\/www.tecnoperfil.com.br\/en\/door-sealer-rigid-profile-with-brush\/\">DOOR SEALER - RIGID PROFILE WITH BRUSH<\/a><\/h3><\/div><\/div>\t\t<\/div>\n\t\t\t\t<\/div>\n\t\t\t\t<div class=\"elementor-element elementor-element-6d8346ab elementor-align-center elementor-mobile-align-center elementor-widget elementor-widget-button\" data-id=\"6d8346ab\" data-element_type=\"widget\" data-widget_type=\"button.default\">\n\t\t\t\t<div class=\"elementor-widget-container\">\n\t\t\t\t\t<div class=\"elementor-button-wrapper\">\n\t\t\t<a href=\"https:\/\/www.tecnoperfil.com.br\/en\/door-sealer-rigid-profile-with-brush\/\" class=\"elementor-button-link elementor-button elementor-size-sm\" role=\"button\">\n\t\t\t\t\t\t<span class=\"elementor-button-content-wrapper\">\n\t\t\t\t\t\t<span class=\"elementor-button-text\">SEE MORE<\/span>\n\t\t<\/span>\n\t\t\t\t\t<\/a>\n\t\t<\/div>\n\t\t\t\t<\/div>\n\t\t\t\t<\/div>\n\t\t\t\t\t\t<\/div>\n\t\t\t\t\t<\/div>\n\t\t<\/div>\n\t\t\t\t<div class=\"elementor-column elementor-col-33 elementor-inner-column elementor-element elementor-element-1d807c81 animated-fast elementor-invisible\" data-id=\"1d807c81\" data-element_type=\"column\" data-settings=\"{&quot;animation&quot;:&quot;fadeInUp&quot;}\">\n\t\t\t<div class=\"elementor-column-wrap elementor-element-populated\">\n\t\t\t\t\t\t\t<div class=\"elementor-widget-wrap\">\n\t\t\t\t\t\t<div class=\"elementor-element elementor-element-6a5c016d elementor-position-top elementor-vertical-align-top elementor-widget elementor-widget-image-box\" data-id=\"6a5c016d\" data-element_type=\"widget\" data-widget_type=\"image-box.default\">\n\t\t\t\t<div class=\"elementor-widget-container\">\n\t\t\t<div class=\"elementor-image-box-wrapper\"><figure class=\"elementor-image-box-img\"><a href=\"https:\/\/www.tecnoperfil.com.br\/en\/door-sealer-rigid-profile-with-flexible-blade\/\"><img decoding=\"async\" width=\"980\" height=\"933\" src=\"https:\/\/www.tecnoperfil.com.br\/en\/wp-content\/uploads\/2020\/10\/VEDA-PORTA-PERFIL-RIGIDO-COM-LAMINA-FLEXIVEL.jpg\" class=\"elementor-animation-float attachment-full size-full wp-image-802\" alt=\"VEDA PORTA PERFIL R\u00cdGIDO COM L\u00c2MINA FLEX\u00cdVEL\" loading=\"lazy\" srcset=\"https:\/\/www.tecnoperfil.com.br\/en\/wp-content\/uploads\/2020\/10\/VEDA-PORTA-PERFIL-RIGIDO-COM-LAMINA-FLEXIVEL.jpg 980w, https:\/\/www.tecnoperfil.com.br\/en\/wp-content\/uploads\/2020\/10\/VEDA-PORTA-PERFIL-RIGIDO-COM-LAMINA-FLEXIVEL-300x286.jpg 300w, https:\/\/www.tecnoperfil.com.br\/en\/wp-content\/uploads\/2020\/10\/VEDA-PORTA-PERFIL-RIGIDO-COM-LAMINA-FLEXIVEL-768x731.jpg 768w\" sizes=\"(max-width: 980px) 100vw, 980px\" \/><\/a><\/figure><div class=\"elementor-image-box-content\"><h3 class=\"elementor-image-box-title\"><a href=\"https:\/\/www.tecnoperfil.com.br\/en\/door-sealer-rigid-profile-with-flexible-blade\/\">DOOR SEALER - RIGID PROFILE WITH FLEXIBLE BLADE<\/a><\/h3><\/div><\/div>\t\t<\/div>\n\t\t\t\t<\/div>\n\t\t\t\t<div class=\"elementor-element elementor-element-15103e61 elementor-align-center elementor-mobile-align-center elementor-widget elementor-widget-button\" data-id=\"15103e61\" data-element_type=\"widget\" data-widget_type=\"button.default\">\n\t\t\t\t<div class=\"elementor-widget-container\">\n\t\t\t\t\t<div class=\"elementor-button-wrapper\">\n\t\t\t<a href=\"https:\/\/www.tecnoperfil.com.br\/en\/door-sealer-rigid-profile-with-flexible-blade\/\" class=\"elementor-button-link elementor-button elementor-size-sm\" role=\"button\">\n\t\t\t\t\t\t<span class=\"elementor-button-content-wrapper\">\n\t\t\t\t\t\t<span class=\"elementor-button-text\">SEE MORE<\/span>\n\t\t<\/span>\n\t\t\t\t\t<\/a>\n\t\t<\/div>\n\t\t\t\t<\/div>\n\t\t\t\t<\/div>\n\t\t\t\t\t\t<\/div>\n\t\t\t\t\t<\/div>\n\t\t<\/div>\n\t\t\t\t<div class=\"elementor-column elementor-col-33 elementor-inner-column elementor-element elementor-element-1fb2e37f animated-fast elementor-invisible\" data-id=\"1fb2e37f\" data-element_type=\"column\" data-settings=\"{&quot;animation&quot;:&quot;fadeInUp&quot;}\">\n\t\t\t<div class=\"elementor-column-wrap\">\n\t\t\t\t\t\t\t<div class=\"elementor-widget-wrap\">\n\t\t\t\t\t\t\t\t<\/div>\n\t\t\t\t\t<\/div>\n\t\t<\/div>\n\t\t\t\t\t\t\t\t<\/div>\n\t\t\t\t\t<\/div>\n\t\t<\/section>\n\t\t\t\t\t\t<\/div>\n\t\t\t\t\t<\/div>\n\t\t<\/div>\n\t\t\t\t\t\t\t\t<\/div>\n\t\t\t\t\t<\/div>\n\t\t<\/section>\n\t\t\t\t<section class=\"elementor-section elementor-top-section elementor-element elementor-element-1eec30db elementor-section-boxed elementor-section-height-default elementor-section-height-default\" data-id=\"1eec30db\" data-element_type=\"section\" data-settings=\"{&quot;background_background&quot;:&quot;classic&quot;}\">\n\t\t\t\t\t\t\t<div class=\"elementor-background-overlay\"><\/div>\n\t\t\t\t\t\t\t<div class=\"elementor-container elementor-column-gap-default\">\n\t\t\t\t\t\t\t<div class=\"elementor-row\">\n\t\t\t\t\t<div class=\"elementor-column elementor-col-100 elementor-top-column elementor-element elementor-element-620884a7\" data-id=\"620884a7\" data-element_type=\"column\">\n\t\t\t<div class=\"elementor-column-wrap elementor-element-populated\">\n\t\t\t\t\t\t\t<div class=\"elementor-widget-wrap\">\n\t\t\t\t\t\t<div class=\"elementor-element elementor-element-3f42a39a elementor-widget elementor-widget-heading\" data-id=\"3f42a39a\" data-element_type=\"widget\" data-widget_type=\"heading.default\">\n\t\t\t\t<div class=\"elementor-widget-container\">\n\t\t\t<h2 class=\"elementor-heading-title elementor-size-default\">CONTACT US<\/h2>\t\t<\/div>\n\t\t\t\t<\/div>\n\t\t\t\t<div class=\"elementor-element elementor-element-666b8274 elementor-widget-divider--view-line elementor-widget elementor-widget-divider\" data-id=\"666b8274\" data-element_type=\"widget\" data-widget_type=\"divider.default\">\n\t\t\t\t<div class=\"elementor-widget-container\">\n\t\t\t\t\t<div class=\"elementor-divider\">\n\t\t\t<span class=\"elementor-divider-separator\">\n\t\t\t\t\t\t<\/span>\n\t\t<\/div>\n\t\t\t\t<\/div>\n\t\t\t\t<\/div>\n\t\t\t\t<div class=\"elementor-element elementor-element-5d1da6bb elementor-widget elementor-widget-text-editor\" data-id=\"5d1da6bb\" data-element_type=\"widget\" data-widget_type=\"text-editor.default\">\n\t\t\t\t<div class=\"elementor-widget-container\">\n\t\t\t\t\t\t\t\t<div class=\"elementor-text-editor elementor-clearfix\">\n\t\t\t\tContact us. We will be happy to help you.\t\t\t\t\t<\/div>\n\t\t\t\t\t\t<\/div>\n\t\t\t\t<\/div>\n\t\t\t\t<section class=\"elementor-section elementor-inner-section elementor-element elementor-element-2e7d68f animated-fast elementor-section-boxed elementor-section-height-default elementor-section-height-default elementor-invisible\" data-id=\"2e7d68f\" data-element_type=\"section\" data-settings=\"{&quot;animation&quot;:&quot;fadeInUp&quot;}\">\n\t\t\t\t\t\t<div class=\"elementor-container elementor-column-gap-default\">\n\t\t\t\t\t\t\t<div class=\"elementor-row\">\n\t\t\t\t\t<div class=\"elementor-column elementor-col-33 elementor-inner-column elementor-element elementor-element-97bc8d6\" data-id=\"97bc8d6\" data-element_type=\"column\">\n\t\t\t<div class=\"elementor-column-wrap\">\n\t\t\t\t\t\t\t<div class=\"elementor-widget-wrap\">\n\t\t\t\t\t\t\t\t<\/div>\n\t\t\t\t\t<\/div>\n\t\t<\/div>\n\t\t\t\t<div class=\"elementor-column elementor-col-33 elementor-inner-column elementor-element elementor-element-6075fdb\" data-id=\"6075fdb\" data-element_type=\"column\" data-settings=\"{&quot;background_background&quot;:&quot;classic&quot;}\">\n\t\t\t<div class=\"elementor-column-wrap elementor-element-populated\">\n\t\t\t\t\t\t\t<div class=\"elementor-widget-wrap\">\n\t\t\t\t\t\t<div class=\"elementor-element elementor-element-76c6e30 elementor-widget elementor-widget-html\" data-id=\"76c6e30\" data-element_type=\"widget\" data-widget_type=\"html.default\">\n\t\t\t\t<div class=\"elementor-widget-container\">\n\t\t\t<script data-b24-form=\"inline\/101\/y9rqem\" data-skip-moving=\"true\">\n(function(w,d,u){\nvar s=d.createElement('script');s.async=true;s.src=u+'?'+(Date.now()\/180000|0);\nvar h=d.getElementsByTagName('script')[0];h.parentNode.insertBefore(s,h);\n})(window,document,'https:\/\/cdn.bitrix24.com.br\/b11949843\/crm\/form\/loader_101.js');\n<\/script>\t\t<\/div>\n\t\t\t\t<\/div>\n\t\t\t\t\t\t<\/div>\n\t\t\t\t\t<\/div>\n\t\t<\/div>\n\t\t\t\t<div class=\"elementor-column elementor-col-33 elementor-inner-column elementor-element elementor-element-145ad80\" data-id=\"145ad80\" data-element_type=\"column\">\n\t\t\t<div class=\"elementor-column-wrap\">\n\t\t\t\t\t\t\t<div class=\"elementor-widget-wrap\">\n\t\t\t\t\t\t\t\t<\/div>\n\t\t\t\t\t<\/div>\n\t\t<\/div>\n\t\t\t\t\t\t\t\t<\/div>\n\t\t\t\t\t<\/div>\n\t\t<\/section>\n\t\t\t\t\t\t<\/div>\n\t\t\t\t\t<\/div>\n\t\t<\/div>\n\t\t\t\t\t\t\t\t<\/div>\n\t\t\t\t\t<\/div>\n\t\t<\/section>\n\t\t\t\t\t\t\t\t\t<\/div>\n\t\t\t<\/div>\n\t\t\t\t\t<\/div>\n\t\t","protected":false},"excerpt":{"rendered":"<p>DOOR SEALER Excellent sealing for your environments Tecnoperfil&#8217;s Door sealer line offers an excellent seal for your environments, making it difficult for wind, dust, light and insects to enter. It does not make noise when the door is opened or closed. It is very practical, adapts to mild floor imperfections and is very easy to [&hellip;]<\/p>\n","protected":false},"author":1,"featured_media":0,"parent":0,"menu_order":0,"comment_status":"closed","ping_status":"closed","template":"","meta":[],"yoast_head":"<!-- This site is optimized with the Yoast SEO plugin v20.8 - https:\/\/yoast.com\/wordpress\/plugins\/seo\/ -->\n<title>Door Sealer | Tecnoperfil<\/title>\n<meta name=\"description\" content=\"Check out the door seal options available in the Tecnoperfil range. Excellent seals for the environment. Available in various colors.\" \/>\n<meta name=\"robots\" content=\"index, follow, max-snippet:-1, max-image-preview:large, max-video-preview:-1\" \/>\n<link rel=\"canonical\" href=\"https:\/\/www.tecnoperfil.com.br\/en\/door-sealer\/\" \/>\n<meta property=\"og:locale\" content=\"en_US\" \/>\n<meta property=\"og:type\" content=\"article\" \/>\n<meta property=\"og:title\" content=\"Door Sealer | Tecnoperfil\" \/>\n<meta property=\"og:description\" content=\"Check out the door seal options available in the Tecnoperfil range. Excellent seals for the environment. Available in various colors.\" \/>\n<meta property=\"og:url\" content=\"https:\/\/www.tecnoperfil.com.br\/en\/door-sealer\/\" \/>\n<meta property=\"og:site_name\" content=\"Tecnoperfil | Perfis Pl\u00e1sticos e de PVC\" \/>\n<meta property=\"article:publisher\" content=\"https:\/\/www.facebook.com\/tecnoperfilplasticos\/\" \/>\n<meta property=\"article:modified_time\" content=\"2024-03-13T19:03:50+00:00\" \/>\n<meta property=\"og:image\" content=\"https:\/\/www.tecnoperfil.com.br\/en\/wp-content\/uploads\/2020\/10\/VEDA-PORTA-PERFIL-RIGIDO-COM-LAMINA-FLEXIVEL.jpg\" \/>\n<meta name=\"twitter:card\" content=\"summary_large_image\" \/>\n<meta name=\"twitter:label1\" content=\"Est. reading time\" \/>\n\t<meta name=\"twitter:data1\" content=\"2 minutes\" \/>\n<script type=\"application\/ld+json\" class=\"yoast-schema-graph\">{\"@context\":\"https:\/\/schema.org\",\"@graph\":[{\"@type\":\"WebPage\",\"@id\":\"https:\/\/www.tecnoperfil.com.br\/en\/door-sealer\/\",\"url\":\"https:\/\/www.tecnoperfil.com.br\/en\/door-sealer\/\",\"name\":\"Door Sealer | Tecnoperfil\",\"isPartOf\":{\"@id\":\"https:\/\/www.tecnoperfil.com.br\/en\/#website\"},\"datePublished\":\"2020-10-26T01:52:39+00:00\",\"dateModified\":\"2024-03-13T19:03:50+00:00\",\"description\":\"Check out the door seal options available in the Tecnoperfil range. Excellent seals for the environment. Available in various colors.\",\"breadcrumb\":{\"@id\":\"https:\/\/www.tecnoperfil.com.br\/en\/door-sealer\/#breadcrumb\"},\"inLanguage\":\"en-US\",\"potentialAction\":[{\"@type\":\"ReadAction\",\"target\":[\"https:\/\/www.tecnoperfil.com.br\/en\/door-sealer\/\"]}]},{\"@type\":\"BreadcrumbList\",\"@id\":\"https:\/\/www.tecnoperfil.com.br\/en\/door-sealer\/#breadcrumb\",\"itemListElement\":[{\"@type\":\"ListItem\",\"position\":1,\"name\":\"Home\",\"item\":\"https:\/\/www.tecnoperfil.com.br\/en\/\"},{\"@type\":\"ListItem\",\"position\":2,\"name\":\"DOOR SEALER\"}]},{\"@type\":\"WebSite\",\"@id\":\"https:\/\/www.tecnoperfil.com.br\/en\/#website\",\"url\":\"https:\/\/www.tecnoperfil.com.br\/en\/\",\"name\":\"Tecnoperfil | Perfis Pl\u00e1sticos e de PVC\",\"description\":\"Tecnoperfil Pl\u00e1sticos h\u00e1 25 anos produzindo solu\u00e7\u00f5es em PVC. Ampla Linha Para Ind\u00fastria, Varejo e Hidroponia. Entre conhe\u00e7a nossa linha de produtos.\",\"potentialAction\":[{\"@type\":\"SearchAction\",\"target\":{\"@type\":\"EntryPoint\",\"urlTemplate\":\"https:\/\/www.tecnoperfil.com.br\/en\/?s={search_term_string}\"},\"query-input\":\"required name=search_term_string\"}],\"inLanguage\":\"en-US\"}]}<\/script>\n<!-- \/ Yoast SEO plugin. -->","yoast_head_json":{"title":"Door Sealer | Tecnoperfil","description":"Check out the door seal options available in the Tecnoperfil range. Excellent seals for the environment. Available in various colors.","robots":{"index":"index","follow":"follow","max-snippet":"max-snippet:-1","max-image-preview":"max-image-preview:large","max-video-preview":"max-video-preview:-1"},"canonical":"https:\/\/www.tecnoperfil.com.br\/en\/door-sealer\/","og_locale":"en_US","og_type":"article","og_title":"Door Sealer | Tecnoperfil","og_description":"Check out the door seal options available in the Tecnoperfil range. Excellent seals for the environment. Available in various colors.","og_url":"https:\/\/www.tecnoperfil.com.br\/en\/door-sealer\/","og_site_name":"Tecnoperfil | Perfis Pl\u00e1sticos e de PVC","article_publisher":"https:\/\/www.facebook.com\/tecnoperfilplasticos\/","article_modified_time":"2024-03-13T19:03:50+00:00","og_image":[{"url":"https:\/\/www.tecnoperfil.com.br\/en\/wp-content\/uploads\/2020\/10\/VEDA-PORTA-PERFIL-RIGIDO-COM-LAMINA-FLEXIVEL.jpg"}],"twitter_card":"summary_large_image","twitter_misc":{"Est. reading time":"2 minutes"},"schema":{"@context":"https:\/\/schema.org","@graph":[{"@type":"WebPage","@id":"https:\/\/www.tecnoperfil.com.br\/en\/door-sealer\/","url":"https:\/\/www.tecnoperfil.com.br\/en\/door-sealer\/","name":"Door Sealer | Tecnoperfil","isPartOf":{"@id":"https:\/\/www.tecnoperfil.com.br\/en\/#website"},"datePublished":"2020-10-26T01:52:39+00:00","dateModified":"2024-03-13T19:03:50+00:00","description":"Check out the door seal options available in the Tecnoperfil range. Excellent seals for the environment. Available in various colors.","breadcrumb":{"@id":"https:\/\/www.tecnoperfil.com.br\/en\/door-sealer\/#breadcrumb"},"inLanguage":"en-US","potentialAction":[{"@type":"ReadAction","target":["https:\/\/www.tecnoperfil.com.br\/en\/door-sealer\/"]}]},{"@type":"BreadcrumbList","@id":"https:\/\/www.tecnoperfil.com.br\/en\/door-sealer\/#breadcrumb","itemListElement":[{"@type":"ListItem","position":1,"name":"Home","item":"https:\/\/www.tecnoperfil.com.br\/en\/"},{"@type":"ListItem","position":2,"name":"DOOR SEALER"}]},{"@type":"WebSite","@id":"https:\/\/www.tecnoperfil.com.br\/en\/#website","url":"https:\/\/www.tecnoperfil.com.br\/en\/","name":"Tecnoperfil | Perfis Pl\u00e1sticos e de PVC","description":"Tecnoperfil Pl\u00e1sticos h\u00e1 25 anos produzindo solu\u00e7\u00f5es em PVC. Ampla Linha Para Ind\u00fastria, Varejo e Hidroponia. Entre conhe\u00e7a nossa linha de produtos.","potentialAction":[{"@type":"SearchAction","target":{"@type":"EntryPoint","urlTemplate":"https:\/\/www.tecnoperfil.com.br\/en\/?s={search_term_string}"},"query-input":"required name=search_term_string"}],"inLanguage":"en-US"}]}},"_links":{"self":[{"href":"https:\/\/www.tecnoperfil.com.br\/en\/wp-json\/wp\/v2\/pages\/799"}],"collection":[{"href":"https:\/\/www.tecnoperfil.com.br\/en\/wp-json\/wp\/v2\/pages"}],"about":[{"href":"https:\/\/www.tecnoperfil.com.br\/en\/wp-json\/wp\/v2\/types\/page"}],"author":[{"embeddable":true,"href":"https:\/\/www.tecnoperfil.com.br\/en\/wp-json\/wp\/v2\/users\/1"}],"replies":[{"embeddable":true,"href":"https:\/\/www.tecnoperfil.com.br\/en\/wp-json\/wp\/v2\/comments?post=799"}],"version-history":[{"count":54,"href":"https:\/\/www.tecnoperfil.com.br\/en\/wp-json\/wp\/v2\/pages\/799\/revisions"}],"predecessor-version":[{"id":8171,"href":"https:\/\/www.tecnoperfil.com.br\/en\/wp-json\/wp\/v2\/pages\/799\/revisions\/8171"}],"wp:attachment":[{"href":"https:\/\/www.tecnoperfil.com.br\/en\/wp-json\/wp\/v2\/media?parent=799"}],"curies":[{"name":"wp","href":"https:\/\/api.w.org\/{rel}","templated":true}]}}