{"id":3860,"date":"2021-01-26T04:18:45","date_gmt":"2021-01-26T04:18:45","guid":{"rendered":"https:\/\/www.tecnoperfil.com.br\/en\/?page_id=3860"},"modified":"2024-03-13T16:12:02","modified_gmt":"2024-03-13T19:12:02","slug":"flexible-corner","status":"publish","type":"page","link":"https:\/\/www.tecnoperfil.com.br\/en\/flexible-corner\/","title":{"rendered":"FLEXIBLE CORNER"},"content":{"rendered":"\t\t<div data-elementor-type=\"wp-page\" data-elementor-id=\"3860\" class=\"elementor elementor-3860\">\n\t\t\t\t\t\t<div class=\"elementor-inner\">\n\t\t\t\t<div class=\"elementor-section-wrap\">\n\t\t\t\t\t\t\t\t\t<section class=\"elementor-section elementor-top-section elementor-element elementor-element-112cde09 elementor-section-boxed elementor-section-height-default elementor-section-height-default\" data-id=\"112cde09\" data-element_type=\"section\" data-settings=\"{&quot;background_background&quot;:&quot;classic&quot;}\">\n\t\t\t\t\t\t\t<div class=\"elementor-background-overlay\"><\/div>\n\t\t\t\t\t\t\t<div class=\"elementor-container elementor-column-gap-default\">\n\t\t\t\t\t\t\t<div class=\"elementor-row\">\n\t\t\t\t\t<div class=\"elementor-column elementor-col-100 elementor-top-column elementor-element elementor-element-bc5a877\" data-id=\"bc5a877\" data-element_type=\"column\">\n\t\t\t<div class=\"elementor-column-wrap elementor-element-populated\">\n\t\t\t\t\t\t\t<div class=\"elementor-widget-wrap\">\n\t\t\t\t\t\t<div class=\"elementor-element elementor-element-61813515 elementor-widget elementor-widget-heading\" data-id=\"61813515\" data-element_type=\"widget\" data-widget_type=\"heading.default\">\n\t\t\t\t<div class=\"elementor-widget-container\">\n\t\t\t<h1 class=\"elementor-heading-title elementor-size-default\">FLEXIBLE CORNER<\/h1>\t\t<\/div>\n\t\t\t\t<\/div>\n\t\t\t\t\t\t<\/div>\n\t\t\t\t\t<\/div>\n\t\t<\/div>\n\t\t\t\t\t\t\t\t<\/div>\n\t\t\t\t\t<\/div>\n\t\t<\/section>\n\t\t\t\t<section class=\"elementor-section elementor-top-section elementor-element elementor-element-60b677a3 elementor-section-boxed elementor-section-height-default elementor-section-height-default\" data-id=\"60b677a3\" data-element_type=\"section\">\n\t\t\t\t\t\t<div class=\"elementor-container elementor-column-gap-default\">\n\t\t\t\t\t\t\t<div class=\"elementor-row\">\n\t\t\t\t\t<div class=\"elementor-column elementor-col-100 elementor-top-column elementor-element elementor-element-140f571\" data-id=\"140f571\" data-element_type=\"column\">\n\t\t\t<div class=\"elementor-column-wrap elementor-element-populated\">\n\t\t\t\t\t\t\t<div class=\"elementor-widget-wrap\">\n\t\t\t\t\t\t<div class=\"elementor-element elementor-element-22735503 elementor-widget elementor-widget-text-editor\" data-id=\"22735503\" data-element_type=\"widget\" data-widget_type=\"text-editor.default\">\n\t\t\t\t<div class=\"elementor-widget-container\">\n\t\t\t\t\t\t\t\t<div class=\"elementor-text-editor elementor-clearfix\">\n\t\t\t\t<p>Protection and aesthetic finish for wall corners<\/p>\t\t\t\t\t<\/div>\n\t\t\t\t\t\t<\/div>\n\t\t\t\t<\/div>\n\t\t\t\t<div class=\"elementor-element elementor-element-6eb125d3 elementor-widget elementor-widget-text-editor\" data-id=\"6eb125d3\" data-element_type=\"widget\" data-widget_type=\"text-editor.default\">\n\t\t\t\t<div class=\"elementor-widget-container\">\n\t\t\t\t\t\t\t\t<div class=\"elementor-text-editor elementor-clearfix\">\n\t\t\t\t<p>Tecnoperfil angle brackets are resistant and durable profiles, made to protect corners against impacts, providing an excellent aesthetic finish.<br \/>They can be used for finishing in a variety of applications, such as ceramic tiles, plaster, wood, built-in cupboards, doors, partitions, elevator accesses, among others.<\/p><p>Made of PVC, the angles are great for protecting the walls in the environment where they are applied. They are inexpensive, do not require painting and help to avoid maintenance costs for wall corners.<\/p>\t\t\t\t\t<\/div>\n\t\t\t\t\t\t<\/div>\n\t\t\t\t<\/div>\n\t\t\t\t<div class=\"elementor-element elementor-element-40f58859 elementor-widget elementor-widget-text-editor\" data-id=\"40f58859\" data-element_type=\"widget\" data-widget_type=\"text-editor.default\">\n\t\t\t\t<div class=\"elementor-widget-container\">\n\t\t\t\t\t\t\t\t<div class=\"elementor-text-editor elementor-clearfix\">\n\t\t\t\t<p><strong>\u2713\u00a0 <\/strong>The PVC corners are hygienic and easy to clean;<\/p><p><strong>\u2713\u00a0 <\/strong>Profiles with a rounded finish, offering protection to users;<\/p><p><strong>\u2713\u00a0 <\/strong>Installed to protect corners against impacts, with an excellent aesthetic finish;<\/p><p><strong>\u2713\u00a0 <\/strong>Can be fixed with double-sided tape, silicone adhesive or contact adhesive;<\/p><p><strong>\u2713\u00a0 <\/strong>Available in colors that harmonize with the coverings.<\/p>\t\t\t\t\t<\/div>\n\t\t\t\t\t\t<\/div>\n\t\t\t\t<\/div>\n\t\t\t\t<div class=\"elementor-element elementor-element-2bdf6d1c elementor-align-left elementor-mobile-align-center elementor-widget elementor-widget-button\" data-id=\"2bdf6d1c\" data-element_type=\"widget\" data-widget_type=\"button.default\">\n\t\t\t\t<div class=\"elementor-widget-container\">\n\t\t\t\t\t<div class=\"elementor-button-wrapper\">\n\t\t\t<a href=\"\/downloads\" class=\"elementor-button-link elementor-button elementor-size-sm\" role=\"button\">\n\t\t\t\t\t\t<span class=\"elementor-button-content-wrapper\">\n\t\t\t\t\t\t\t<span class=\"elementor-button-icon elementor-align-icon-right\">\n\t\t\t\t<i aria-hidden=\"true\" class=\"fas fa-arrow-down\"><\/i>\t\t\t<\/span>\n\t\t\t\t\t\t<span class=\"elementor-button-text\">VIEW CATALOG<\/span>\n\t\t<\/span>\n\t\t\t\t\t<\/a>\n\t\t<\/div>\n\t\t\t\t<\/div>\n\t\t\t\t<\/div>\n\t\t\t\t\t\t<\/div>\n\t\t\t\t\t<\/div>\n\t\t<\/div>\n\t\t\t\t\t\t\t\t<\/div>\n\t\t\t\t\t<\/div>\n\t\t<\/section>\n\t\t\t\t<section class=\"elementor-section elementor-top-section elementor-element elementor-element-268e978f elementor-section-boxed elementor-section-height-default elementor-section-height-default\" data-id=\"268e978f\" data-element_type=\"section\">\n\t\t\t\t\t\t<div class=\"elementor-container elementor-column-gap-default\">\n\t\t\t\t\t\t\t<div class=\"elementor-row\">\n\t\t\t\t\t<div class=\"elementor-column elementor-col-100 elementor-top-column elementor-element elementor-element-7c859f54\" data-id=\"7c859f54\" data-element_type=\"column\">\n\t\t\t<div class=\"elementor-column-wrap\">\n\t\t\t\t\t\t\t<div class=\"elementor-widget-wrap\">\n\t\t\t\t\t\t\t\t<\/div>\n\t\t\t\t\t<\/div>\n\t\t<\/div>\n\t\t\t\t\t\t\t\t<\/div>\n\t\t\t\t\t<\/div>\n\t\t<\/section>\n\t\t\t\t<section class=\"elementor-section elementor-top-section elementor-element elementor-element-db1ed7e elementor-section-boxed elementor-section-height-default elementor-section-height-default\" data-id=\"db1ed7e\" data-element_type=\"section\">\n\t\t\t\t\t\t<div class=\"elementor-container elementor-column-gap-default\">\n\t\t\t\t\t\t\t<div class=\"elementor-row\">\n\t\t\t\t\t<div class=\"elementor-column elementor-col-100 elementor-top-column elementor-element elementor-element-4fe90b67\" data-id=\"4fe90b67\" data-element_type=\"column\">\n\t\t\t<div class=\"elementor-column-wrap elementor-element-populated\">\n\t\t\t\t\t\t\t<div class=\"elementor-widget-wrap\">\n\t\t\t\t\t\t<section class=\"elementor-section elementor-inner-section elementor-element elementor-element-1802c536 elementor-section-full_width elementor-section-height-default elementor-section-height-default\" data-id=\"1802c536\" data-element_type=\"section\">\n\t\t\t\t\t\t<div class=\"elementor-container elementor-column-gap-default\">\n\t\t\t\t\t\t\t<div class=\"elementor-row\">\n\t\t\t\t\t<div class=\"elementor-column elementor-col-33 elementor-inner-column elementor-element elementor-element-21835baf animated-fast elementor-invisible\" data-id=\"21835baf\" data-element_type=\"column\" data-settings=\"{&quot;animation&quot;:&quot;fadeInUp&quot;}\">\n\t\t\t<div class=\"elementor-column-wrap elementor-element-populated\">\n\t\t\t\t\t\t\t<div class=\"elementor-widget-wrap\">\n\t\t\t\t\t\t<div class=\"elementor-element elementor-element-6d9866e5 elementor-position-top elementor-vertical-align-top elementor-widget elementor-widget-image-box\" data-id=\"6d9866e5\" data-element_type=\"widget\" data-widget_type=\"image-box.default\">\n\t\t\t\t<div class=\"elementor-widget-container\">\n\t\t\t<div class=\"elementor-image-box-wrapper\"><figure class=\"elementor-image-box-img\"><a href=\"https:\/\/www.tecnoperfil.com.br\/en\/flexible-corner-guard-tec-911\/\"><img decoding=\"async\" width=\"800\" height=\"764\" src=\"https:\/\/www.tecnoperfil.com.br\/en\/wp-content\/uploads\/2020\/10\/PERFIL-CANTONEIRA-FLEXIVEL-40MM-E-70MM-TEC-911-E-TEC-912.jpg\" class=\"elementor-animation-float attachment-full size-full wp-image-587\" alt=\"PERFIL CANTONEIRA FLEX\u00cdVEL 40MM E 70MM - TEC 911 E TEC 912\" loading=\"lazy\" srcset=\"https:\/\/www.tecnoperfil.com.br\/en\/wp-content\/uploads\/2020\/10\/PERFIL-CANTONEIRA-FLEXIVEL-40MM-E-70MM-TEC-911-E-TEC-912.jpg 800w, https:\/\/www.tecnoperfil.com.br\/en\/wp-content\/uploads\/2020\/10\/PERFIL-CANTONEIRA-FLEXIVEL-40MM-E-70MM-TEC-911-E-TEC-912-300x287.jpg 300w, https:\/\/www.tecnoperfil.com.br\/en\/wp-content\/uploads\/2020\/10\/PERFIL-CANTONEIRA-FLEXIVEL-40MM-E-70MM-TEC-911-E-TEC-912-768x733.jpg 768w\" sizes=\"(max-width: 800px) 100vw, 800px\" \/><\/a><\/figure><div class=\"elementor-image-box-content\"><h3 class=\"elementor-image-box-title\"><a href=\"https:\/\/www.tecnoperfil.com.br\/en\/flexible-corner-guard-tec-911\/\">FLEXIBLE CORNER \u2013 TEC 911 <\/a><\/h3><\/div><\/div>\t\t<\/div>\n\t\t\t\t<\/div>\n\t\t\t\t<div class=\"elementor-element elementor-element-31135da8 elementor-align-center elementor-mobile-align-center elementor-widget elementor-widget-button\" data-id=\"31135da8\" data-element_type=\"widget\" data-widget_type=\"button.default\">\n\t\t\t\t<div class=\"elementor-widget-container\">\n\t\t\t\t\t<div class=\"elementor-button-wrapper\">\n\t\t\t<a href=\"https:\/\/www.tecnoperfil.com.br\/en\/flexible-corner-guard-tec-911\/\" class=\"elementor-button-link elementor-button elementor-size-sm\" role=\"button\">\n\t\t\t\t\t\t<span class=\"elementor-button-content-wrapper\">\n\t\t\t\t\t\t<span class=\"elementor-button-text\">SEE MORE<\/span>\n\t\t<\/span>\n\t\t\t\t\t<\/a>\n\t\t<\/div>\n\t\t\t\t<\/div>\n\t\t\t\t<\/div>\n\t\t\t\t\t\t<\/div>\n\t\t\t\t\t<\/div>\n\t\t<\/div>\n\t\t\t\t<div class=\"elementor-column elementor-col-33 elementor-inner-column elementor-element elementor-element-1972477f animated-fast elementor-invisible\" data-id=\"1972477f\" data-element_type=\"column\" data-settings=\"{&quot;animation&quot;:&quot;fadeInUp&quot;}\">\n\t\t\t<div class=\"elementor-column-wrap elementor-element-populated\">\n\t\t\t\t\t\t\t<div class=\"elementor-widget-wrap\">\n\t\t\t\t\t\t<div class=\"elementor-element elementor-element-57a28d97 elementor-position-top elementor-vertical-align-top elementor-widget elementor-widget-image-box\" data-id=\"57a28d97\" data-element_type=\"widget\" data-widget_type=\"image-box.default\">\n\t\t\t\t<div class=\"elementor-widget-container\">\n\t\t\t<div class=\"elementor-image-box-wrapper\"><figure class=\"elementor-image-box-img\"><a href=\"https:\/\/www.tecnoperfil.com.br\/en\/flexible-corner-guard-tec-912\/\"><img decoding=\"async\" width=\"976\" height=\"930\" src=\"https:\/\/www.tecnoperfil.com.br\/en\/wp-content\/uploads\/2021\/01\/tec-912_01.jpg\" class=\"elementor-animation-float attachment-full size-full wp-image-3048\" alt=\"\" loading=\"lazy\" srcset=\"https:\/\/www.tecnoperfil.com.br\/en\/wp-content\/uploads\/2021\/01\/tec-912_01.jpg 976w, https:\/\/www.tecnoperfil.com.br\/en\/wp-content\/uploads\/2021\/01\/tec-912_01-300x286.jpg 300w, https:\/\/www.tecnoperfil.com.br\/en\/wp-content\/uploads\/2021\/01\/tec-912_01-768x732.jpg 768w\" sizes=\"(max-width: 976px) 100vw, 976px\" \/><\/a><\/figure><div class=\"elementor-image-box-content\"><h3 class=\"elementor-image-box-title\"><a href=\"https:\/\/www.tecnoperfil.com.br\/en\/flexible-corner-guard-tec-912\/\">FLEXIBLE CORNER \u2013 TEC 912 <\/a><\/h3><\/div><\/div>\t\t<\/div>\n\t\t\t\t<\/div>\n\t\t\t\t<div class=\"elementor-element elementor-element-245ea39b elementor-align-center elementor-mobile-align-center elementor-widget elementor-widget-button\" data-id=\"245ea39b\" data-element_type=\"widget\" data-widget_type=\"button.default\">\n\t\t\t\t<div class=\"elementor-widget-container\">\n\t\t\t\t\t<div class=\"elementor-button-wrapper\">\n\t\t\t<a href=\"https:\/\/www.tecnoperfil.com.br\/en\/flexible-corner-guard-tec-912\/\" class=\"elementor-button-link elementor-button elementor-size-sm\" role=\"button\">\n\t\t\t\t\t\t<span class=\"elementor-button-content-wrapper\">\n\t\t\t\t\t\t<span class=\"elementor-button-text\">SEE MORE<\/span>\n\t\t<\/span>\n\t\t\t\t\t<\/a>\n\t\t<\/div>\n\t\t\t\t<\/div>\n\t\t\t\t<\/div>\n\t\t\t\t\t\t<\/div>\n\t\t\t\t\t<\/div>\n\t\t<\/div>\n\t\t\t\t<div class=\"elementor-column elementor-col-33 elementor-inner-column elementor-element elementor-element-7ed73a82 animated-fast elementor-invisible\" data-id=\"7ed73a82\" data-element_type=\"column\" data-settings=\"{&quot;animation&quot;:&quot;fadeInUp&quot;}\">\n\t\t\t<div class=\"elementor-column-wrap\">\n\t\t\t\t\t\t\t<div class=\"elementor-widget-wrap\">\n\t\t\t\t\t\t\t\t<\/div>\n\t\t\t\t\t<\/div>\n\t\t<\/div>\n\t\t\t\t\t\t\t\t<\/div>\n\t\t\t\t\t<\/div>\n\t\t<\/section>\n\t\t\t\t\t\t<\/div>\n\t\t\t\t\t<\/div>\n\t\t<\/div>\n\t\t\t\t\t\t\t\t<\/div>\n\t\t\t\t\t<\/div>\n\t\t<\/section>\n\t\t\t\t<section class=\"elementor-section elementor-top-section elementor-element elementor-element-48a6f337 elementor-section-boxed elementor-section-height-default elementor-section-height-default\" data-id=\"48a6f337\" data-element_type=\"section\" data-settings=\"{&quot;background_background&quot;:&quot;classic&quot;}\">\n\t\t\t\t\t\t\t<div class=\"elementor-background-overlay\"><\/div>\n\t\t\t\t\t\t\t<div class=\"elementor-container elementor-column-gap-default\">\n\t\t\t\t\t\t\t<div class=\"elementor-row\">\n\t\t\t\t\t<div class=\"elementor-column elementor-col-100 elementor-top-column elementor-element elementor-element-3c5359c0\" data-id=\"3c5359c0\" data-element_type=\"column\">\n\t\t\t<div class=\"elementor-column-wrap elementor-element-populated\">\n\t\t\t\t\t\t\t<div class=\"elementor-widget-wrap\">\n\t\t\t\t\t\t<div class=\"elementor-element elementor-element-25e19f02 elementor-widget elementor-widget-heading\" data-id=\"25e19f02\" data-element_type=\"widget\" data-widget_type=\"heading.default\">\n\t\t\t\t<div class=\"elementor-widget-container\">\n\t\t\t<h2 class=\"elementor-heading-title elementor-size-default\">FALE COM A TECNOPERFIL<\/h2>\t\t<\/div>\n\t\t\t\t<\/div>\n\t\t\t\t<div class=\"elementor-element elementor-element-7b530411 elementor-widget-divider--view-line elementor-widget elementor-widget-divider\" data-id=\"7b530411\" data-element_type=\"widget\" data-widget_type=\"divider.default\">\n\t\t\t\t<div class=\"elementor-widget-container\">\n\t\t\t\t\t<div class=\"elementor-divider\">\n\t\t\t<span class=\"elementor-divider-separator\">\n\t\t\t\t\t\t<\/span>\n\t\t<\/div>\n\t\t\t\t<\/div>\n\t\t\t\t<\/div>\n\t\t\t\t<div class=\"elementor-element elementor-element-3f2ef022 elementor-widget elementor-widget-text-editor\" data-id=\"3f2ef022\" data-element_type=\"widget\" data-widget_type=\"text-editor.default\">\n\t\t\t\t<div class=\"elementor-widget-container\">\n\t\t\t\t\t\t\t\t<div class=\"elementor-text-editor elementor-clearfix\">\n\t\t\t\t<p>Conte com a Tecnoperfil: preencha o formul\u00e1rio e clique em enviar que retornaremos em breve poss\u00edvel.<\/p>\t\t\t\t\t<\/div>\n\t\t\t\t\t\t<\/div>\n\t\t\t\t<\/div>\n\t\t\t\t\t\t<\/div>\n\t\t\t\t\t<\/div>\n\t\t<\/div>\n\t\t\t\t\t\t\t\t<\/div>\n\t\t\t\t\t<\/div>\n\t\t<\/section>\n\t\t\t\t<section class=\"elementor-section elementor-inner-section elementor-element elementor-element-22ab5776 animated-fast elementor-section-boxed elementor-section-height-default elementor-section-height-default elementor-invisible\" data-id=\"22ab5776\" data-element_type=\"section\" data-settings=\"{&quot;animation&quot;:&quot;fadeInUp&quot;}\">\n\t\t\t\t\t\t<div class=\"elementor-container elementor-column-gap-default\">\n\t\t\t\t\t\t\t<div class=\"elementor-row\">\n\t\t\t\t\t<div class=\"elementor-column elementor-col-33 elementor-inner-column elementor-element elementor-element-2b4229eb\" data-id=\"2b4229eb\" data-element_type=\"column\">\n\t\t\t<div class=\"elementor-column-wrap\">\n\t\t\t\t\t\t\t<div class=\"elementor-widget-wrap\">\n\t\t\t\t\t\t\t\t<\/div>\n\t\t\t\t\t<\/div>\n\t\t<\/div>\n\t\t\t\t<div class=\"elementor-column elementor-col-33 elementor-inner-column elementor-element elementor-element-2727c6e2\" data-id=\"2727c6e2\" data-element_type=\"column\" data-settings=\"{&quot;background_background&quot;:&quot;classic&quot;}\">\n\t\t\t<div class=\"elementor-column-wrap elementor-element-populated\">\n\t\t\t\t\t\t\t<div class=\"elementor-widget-wrap\">\n\t\t\t\t\t\t<div class=\"elementor-element elementor-element-df0749a elementor-widget elementor-widget-html\" data-id=\"df0749a\" data-element_type=\"widget\" data-widget_type=\"html.default\">\n\t\t\t\t<div class=\"elementor-widget-container\">\n\t\t\t<script data-b24-form=\"inline\/101\/y9rqem\" data-skip-moving=\"true\">\n(function(w,d,u){\nvar s=d.createElement('script');s.async=true;s.src=u+'?'+(Date.now()\/180000|0);\nvar h=d.getElementsByTagName('script')[0];h.parentNode.insertBefore(s,h);\n})(window,document,'https:\/\/cdn.bitrix24.com.br\/b11949843\/crm\/form\/loader_101.js');\n<\/script>\t\t<\/div>\n\t\t\t\t<\/div>\n\t\t\t\t\t\t<\/div>\n\t\t\t\t\t<\/div>\n\t\t<\/div>\n\t\t\t\t<div class=\"elementor-column elementor-col-33 elementor-inner-column elementor-element elementor-element-6b030078\" data-id=\"6b030078\" data-element_type=\"column\">\n\t\t\t<div class=\"elementor-column-wrap\">\n\t\t\t\t\t\t\t<div class=\"elementor-widget-wrap\">\n\t\t\t\t\t\t\t\t<\/div>\n\t\t\t\t\t<\/div>\n\t\t<\/div>\n\t\t\t\t\t\t\t\t<\/div>\n\t\t\t\t\t<\/div>\n\t\t<\/section>\n\t\t\t\t<section class=\"elementor-section elementor-top-section elementor-element elementor-element-11d53a02 elementor-section-boxed elementor-section-height-default elementor-section-height-default\" data-id=\"11d53a02\" data-element_type=\"section\" data-settings=\"{&quot;background_background&quot;:&quot;classic&quot;}\">\n\t\t\t\t\t\t<div class=\"elementor-container elementor-column-gap-default\">\n\t\t\t\t\t\t\t<div class=\"elementor-row\">\n\t\t\t\t\t<div class=\"elementor-column elementor-col-100 elementor-top-column elementor-element elementor-element-144d1d95\" data-id=\"144d1d95\" data-element_type=\"column\">\n\t\t\t<div class=\"elementor-column-wrap\">\n\t\t\t\t\t\t\t<div class=\"elementor-widget-wrap\">\n\t\t\t\t\t\t\t\t<\/div>\n\t\t\t\t\t<\/div>\n\t\t<\/div>\n\t\t\t\t\t\t\t\t<\/div>\n\t\t\t\t\t<\/div>\n\t\t<\/section>\n\t\t\t\t\t\t\t\t\t<\/div>\n\t\t\t<\/div>\n\t\t\t\t\t<\/div>\n\t\t","protected":false},"excerpt":{"rendered":"<p>FLEXIBLE CORNER Protection and aesthetic finish for wall corners Tecnoperfil angle brackets are resistant and durable profiles, made to protect corners against impacts, providing an excellent aesthetic finish.They can be used for finishing in a variety of applications, such as ceramic tiles, plaster, wood, built-in cupboards, doors, partitions, elevator accesses, among others. Made of PVC, [&hellip;]<\/p>\n","protected":false},"author":1,"featured_media":0,"parent":0,"menu_order":0,"comment_status":"closed","ping_status":"closed","template":"","meta":[],"yoast_head":"<!-- This site is optimized with the Yoast SEO plugin v20.8 - https:\/\/yoast.com\/wordpress\/plugins\/seo\/ -->\n<title>Flexible Corner | PVC Profile | Tecnoperfil<\/title>\n<meta name=\"description\" content=\"Flexible corners for garages and parking lots. Made of PVC, resistant for durability and easy cleaning. Check them out.\" \/>\n<meta name=\"robots\" content=\"index, follow, max-snippet:-1, max-image-preview:large, max-video-preview:-1\" \/>\n<link rel=\"canonical\" href=\"https:\/\/www.tecnoperfil.com.br\/en\/flexible-corner\/\" \/>\n<meta property=\"og:locale\" content=\"en_US\" \/>\n<meta property=\"og:type\" content=\"article\" \/>\n<meta property=\"og:title\" content=\"Flexible Corner | PVC Profile | Tecnoperfil\" \/>\n<meta property=\"og:description\" content=\"Flexible corners for garages and parking lots. Made of PVC, resistant for durability and easy cleaning. Check them out.\" \/>\n<meta property=\"og:url\" content=\"https:\/\/www.tecnoperfil.com.br\/en\/flexible-corner\/\" \/>\n<meta property=\"og:site_name\" content=\"Tecnoperfil | Perfis Pl\u00e1sticos e de PVC\" \/>\n<meta property=\"article:publisher\" content=\"https:\/\/www.facebook.com\/tecnoperfilplasticos\/\" \/>\n<meta property=\"article:modified_time\" content=\"2024-03-13T19:12:02+00:00\" \/>\n<meta property=\"og:image\" content=\"https:\/\/www.tecnoperfil.com.br\/en\/wp-content\/uploads\/2020\/10\/PERFIL-CANTONEIRA-FLEXIVEL-40MM-E-70MM-TEC-911-E-TEC-912.jpg\" \/>\n<meta name=\"twitter:card\" content=\"summary_large_image\" \/>\n<meta name=\"twitter:label1\" content=\"Est. reading time\" \/>\n\t<meta name=\"twitter:data1\" content=\"2 minutes\" \/>\n<script type=\"application\/ld+json\" class=\"yoast-schema-graph\">{\"@context\":\"https:\/\/schema.org\",\"@graph\":[{\"@type\":\"WebPage\",\"@id\":\"https:\/\/www.tecnoperfil.com.br\/en\/flexible-corner\/\",\"url\":\"https:\/\/www.tecnoperfil.com.br\/en\/flexible-corner\/\",\"name\":\"Flexible Corner | PVC Profile | Tecnoperfil\",\"isPartOf\":{\"@id\":\"https:\/\/www.tecnoperfil.com.br\/en\/#website\"},\"datePublished\":\"2021-01-26T04:18:45+00:00\",\"dateModified\":\"2024-03-13T19:12:02+00:00\",\"description\":\"Flexible corners for garages and parking lots. Made of PVC, resistant for durability and easy cleaning. Check them out.\",\"breadcrumb\":{\"@id\":\"https:\/\/www.tecnoperfil.com.br\/en\/flexible-corner\/#breadcrumb\"},\"inLanguage\":\"en-US\",\"potentialAction\":[{\"@type\":\"ReadAction\",\"target\":[\"https:\/\/www.tecnoperfil.com.br\/en\/flexible-corner\/\"]}]},{\"@type\":\"BreadcrumbList\",\"@id\":\"https:\/\/www.tecnoperfil.com.br\/en\/flexible-corner\/#breadcrumb\",\"itemListElement\":[{\"@type\":\"ListItem\",\"position\":1,\"name\":\"Home\",\"item\":\"https:\/\/www.tecnoperfil.com.br\/en\/\"},{\"@type\":\"ListItem\",\"position\":2,\"name\":\"FLEXIBLE CORNER\"}]},{\"@type\":\"WebSite\",\"@id\":\"https:\/\/www.tecnoperfil.com.br\/en\/#website\",\"url\":\"https:\/\/www.tecnoperfil.com.br\/en\/\",\"name\":\"Tecnoperfil | Perfis Pl\u00e1sticos e de PVC\",\"description\":\"Tecnoperfil Pl\u00e1sticos h\u00e1 25 anos produzindo solu\u00e7\u00f5es em PVC. Ampla Linha Para Ind\u00fastria, Varejo e Hidroponia. Entre conhe\u00e7a nossa linha de produtos.\",\"potentialAction\":[{\"@type\":\"SearchAction\",\"target\":{\"@type\":\"EntryPoint\",\"urlTemplate\":\"https:\/\/www.tecnoperfil.com.br\/en\/?s={search_term_string}\"},\"query-input\":\"required name=search_term_string\"}],\"inLanguage\":\"en-US\"}]}<\/script>\n<!-- \/ Yoast SEO plugin. -->","yoast_head_json":{"title":"Flexible Corner | PVC Profile | Tecnoperfil","description":"Flexible corners for garages and parking lots. Made of PVC, resistant for durability and easy cleaning. Check them out.","robots":{"index":"index","follow":"follow","max-snippet":"max-snippet:-1","max-image-preview":"max-image-preview:large","max-video-preview":"max-video-preview:-1"},"canonical":"https:\/\/www.tecnoperfil.com.br\/en\/flexible-corner\/","og_locale":"en_US","og_type":"article","og_title":"Flexible Corner | PVC Profile | Tecnoperfil","og_description":"Flexible corners for garages and parking lots. Made of PVC, resistant for durability and easy cleaning. Check them out.","og_url":"https:\/\/www.tecnoperfil.com.br\/en\/flexible-corner\/","og_site_name":"Tecnoperfil | Perfis Pl\u00e1sticos e de PVC","article_publisher":"https:\/\/www.facebook.com\/tecnoperfilplasticos\/","article_modified_time":"2024-03-13T19:12:02+00:00","og_image":[{"url":"https:\/\/www.tecnoperfil.com.br\/en\/wp-content\/uploads\/2020\/10\/PERFIL-CANTONEIRA-FLEXIVEL-40MM-E-70MM-TEC-911-E-TEC-912.jpg"}],"twitter_card":"summary_large_image","twitter_misc":{"Est. reading time":"2 minutes"},"schema":{"@context":"https:\/\/schema.org","@graph":[{"@type":"WebPage","@id":"https:\/\/www.tecnoperfil.com.br\/en\/flexible-corner\/","url":"https:\/\/www.tecnoperfil.com.br\/en\/flexible-corner\/","name":"Flexible Corner | PVC Profile | Tecnoperfil","isPartOf":{"@id":"https:\/\/www.tecnoperfil.com.br\/en\/#website"},"datePublished":"2021-01-26T04:18:45+00:00","dateModified":"2024-03-13T19:12:02+00:00","description":"Flexible corners for garages and parking lots. Made of PVC, resistant for durability and easy cleaning. Check them out.","breadcrumb":{"@id":"https:\/\/www.tecnoperfil.com.br\/en\/flexible-corner\/#breadcrumb"},"inLanguage":"en-US","potentialAction":[{"@type":"ReadAction","target":["https:\/\/www.tecnoperfil.com.br\/en\/flexible-corner\/"]}]},{"@type":"BreadcrumbList","@id":"https:\/\/www.tecnoperfil.com.br\/en\/flexible-corner\/#breadcrumb","itemListElement":[{"@type":"ListItem","position":1,"name":"Home","item":"https:\/\/www.tecnoperfil.com.br\/en\/"},{"@type":"ListItem","position":2,"name":"FLEXIBLE CORNER"}]},{"@type":"WebSite","@id":"https:\/\/www.tecnoperfil.com.br\/en\/#website","url":"https:\/\/www.tecnoperfil.com.br\/en\/","name":"Tecnoperfil | Perfis Pl\u00e1sticos e de PVC","description":"Tecnoperfil Pl\u00e1sticos h\u00e1 25 anos produzindo solu\u00e7\u00f5es em PVC. Ampla Linha Para Ind\u00fastria, Varejo e Hidroponia. Entre conhe\u00e7a nossa linha de produtos.","potentialAction":[{"@type":"SearchAction","target":{"@type":"EntryPoint","urlTemplate":"https:\/\/www.tecnoperfil.com.br\/en\/?s={search_term_string}"},"query-input":"required name=search_term_string"}],"inLanguage":"en-US"}]}},"_links":{"self":[{"href":"https:\/\/www.tecnoperfil.com.br\/en\/wp-json\/wp\/v2\/pages\/3860"}],"collection":[{"href":"https:\/\/www.tecnoperfil.com.br\/en\/wp-json\/wp\/v2\/pages"}],"about":[{"href":"https:\/\/www.tecnoperfil.com.br\/en\/wp-json\/wp\/v2\/types\/page"}],"author":[{"embeddable":true,"href":"https:\/\/www.tecnoperfil.com.br\/en\/wp-json\/wp\/v2\/users\/1"}],"replies":[{"embeddable":true,"href":"https:\/\/www.tecnoperfil.com.br\/en\/wp-json\/wp\/v2\/comments?post=3860"}],"version-history":[{"count":23,"href":"https:\/\/www.tecnoperfil.com.br\/en\/wp-json\/wp\/v2\/pages\/3860\/revisions"}],"predecessor-version":[{"id":8261,"href":"https:\/\/www.tecnoperfil.com.br\/en\/wp-json\/wp\/v2\/pages\/3860\/revisions\/8261"}],"wp:attachment":[{"href":"https:\/\/www.tecnoperfil.com.br\/en\/wp-json\/wp\/v2\/media?parent=3860"}],"curies":[{"name":"wp","href":"https:\/\/api.w.org\/{rel}","templated":true}]}}