{"id":2309,"date":"2020-12-16T04:07:38","date_gmt":"2020-12-16T04:07:38","guid":{"rendered":"https:\/\/www.tecnoperfil.com.br\/en\/?page_id=2309"},"modified":"2024-03-11T13:44:33","modified_gmt":"2024-03-11T16:44:33","slug":"development-of-custom-profiles","status":"publish","type":"page","link":"https:\/\/www.tecnoperfil.com.br\/en\/development-of-custom-profiles\/","title":{"rendered":"DEVELOPMENT OF CUSTOM PROFILES"},"content":{"rendered":"\t\t<div data-elementor-type=\"wp-page\" data-elementor-id=\"2309\" class=\"elementor elementor-2309\">\n\t\t\t\t\t\t<div class=\"elementor-inner\">\n\t\t\t\t<div class=\"elementor-section-wrap\">\n\t\t\t\t\t\t\t\t\t<section class=\"elementor-section elementor-top-section elementor-element elementor-element-9955888 elementor-section-boxed elementor-section-height-default elementor-section-height-default\" data-id=\"9955888\" data-element_type=\"section\" data-settings=\"{&quot;background_background&quot;:&quot;classic&quot;}\">\n\t\t\t\t\t\t\t<div class=\"elementor-background-overlay\"><\/div>\n\t\t\t\t\t\t\t<div class=\"elementor-container elementor-column-gap-default\">\n\t\t\t\t\t\t\t<div class=\"elementor-row\">\n\t\t\t\t\t<div class=\"elementor-column elementor-col-100 elementor-top-column elementor-element elementor-element-8da5817\" data-id=\"8da5817\" data-element_type=\"column\">\n\t\t\t<div class=\"elementor-column-wrap elementor-element-populated\">\n\t\t\t\t\t\t\t<div class=\"elementor-widget-wrap\">\n\t\t\t\t\t\t<div class=\"elementor-element elementor-element-8140a30 elementor-widget elementor-widget-spacer\" data-id=\"8140a30\" data-element_type=\"widget\" data-widget_type=\"spacer.default\">\n\t\t\t\t<div class=\"elementor-widget-container\">\n\t\t\t\t\t<div class=\"elementor-spacer\">\n\t\t\t<div class=\"elementor-spacer-inner\"><\/div>\n\t\t<\/div>\n\t\t\t\t<\/div>\n\t\t\t\t<\/div>\n\t\t\t\t<div class=\"elementor-element elementor-element-562d6d2 elementor-widget elementor-widget-spacer\" data-id=\"562d6d2\" data-element_type=\"widget\" data-widget_type=\"spacer.default\">\n\t\t\t\t<div class=\"elementor-widget-container\">\n\t\t\t\t\t<div class=\"elementor-spacer\">\n\t\t\t<div class=\"elementor-spacer-inner\"><\/div>\n\t\t<\/div>\n\t\t\t\t<\/div>\n\t\t\t\t<\/div>\n\t\t\t\t\t\t<\/div>\n\t\t\t\t\t<\/div>\n\t\t<\/div>\n\t\t\t\t\t\t\t\t<\/div>\n\t\t\t\t\t<\/div>\n\t\t<\/section>\n\t\t\t\t<section class=\"elementor-section elementor-top-section elementor-element elementor-element-70ed1f6e elementor-section-boxed elementor-section-height-default elementor-section-height-default\" data-id=\"70ed1f6e\" data-element_type=\"section\">\n\t\t\t\t\t\t<div class=\"elementor-container elementor-column-gap-default\">\n\t\t\t\t\t\t\t<div class=\"elementor-row\">\n\t\t\t\t\t<div class=\"elementor-column elementor-col-100 elementor-top-column elementor-element elementor-element-3e0a359c\" data-id=\"3e0a359c\" data-element_type=\"column\">\n\t\t\t<div class=\"elementor-column-wrap\">\n\t\t\t\t\t\t\t<div class=\"elementor-widget-wrap\">\n\t\t\t\t\t\t\t\t<\/div>\n\t\t\t\t\t<\/div>\n\t\t<\/div>\n\t\t\t\t\t\t\t\t<\/div>\n\t\t\t\t\t<\/div>\n\t\t<\/section>\n\t\t\t\t<section class=\"elementor-section elementor-top-section elementor-element elementor-element-630f82e elementor-section-boxed elementor-section-height-default elementor-section-height-default\" data-id=\"630f82e\" data-element_type=\"section\">\n\t\t\t\t\t\t<div class=\"elementor-container elementor-column-gap-default\">\n\t\t\t\t\t\t\t<div class=\"elementor-row\">\n\t\t\t\t\t<div class=\"elementor-column elementor-col-50 elementor-top-column elementor-element elementor-element-432e83e8\" data-id=\"432e83e8\" data-element_type=\"column\">\n\t\t\t<div class=\"elementor-column-wrap elementor-element-populated\">\n\t\t\t\t\t\t\t<div class=\"elementor-widget-wrap\">\n\t\t\t\t\t\t<div class=\"elementor-element elementor-element-57a4e5ff elementor-widget elementor-widget-heading\" data-id=\"57a4e5ff\" data-element_type=\"widget\" data-widget_type=\"heading.default\">\n\t\t\t\t<div class=\"elementor-widget-container\">\n\t\t\t<h1 class=\"elementor-heading-title elementor-size-default\">DEVELOPMENT OF CUSTOM PROFILES<\/h1>\t\t<\/div>\n\t\t\t\t<\/div>\n\t\t\t\t<div class=\"elementor-element elementor-element-0861ed8 elementor-widget elementor-widget-text-editor\" data-id=\"0861ed8\" data-element_type=\"widget\" data-widget_type=\"text-editor.default\">\n\t\t\t\t<div class=\"elementor-widget-container\">\n\t\t\t\t\t\t\t\t<div class=\"elementor-text-editor elementor-clearfix\">\n\t\t\t\t<p>Technical profiles designed to meet your needs. Customize Tecnoperfil\u00b4 s quality to your design!<\/p>\n<p>In addition to its vast product portfolio, Tecnoperfil develops custom profiles tailored to the needs and technical specifications of each customer.<\/p>\n<p>Almost three decades ago of experience in producing plastic profiles, Tecnoperfil has a highly trained development team and specialized production technology. In addition, it uses the best raw materials used worldwide.<\/p>\n<p>The company is certified in NBR &#8211; ISO 9001, version 2015 and was recognized as one of the three best companies in Santa Catarina in practicing the 5S Program (2019). Its production uses Lean management based on Lean Thinking, focused, above all, on customer satisfaction and continuous improvement of teams.<\/p>\t\t\t\t\t<\/div>\n\t\t\t\t\t\t<\/div>\n\t\t\t\t<\/div>\n\t\t\t\t<div class=\"elementor-element elementor-element-4f113b6 elementor-widget elementor-widget-spacer\" data-id=\"4f113b6\" data-element_type=\"widget\" data-widget_type=\"spacer.default\">\n\t\t\t\t<div class=\"elementor-widget-container\">\n\t\t\t\t\t<div class=\"elementor-spacer\">\n\t\t\t<div class=\"elementor-spacer-inner\"><\/div>\n\t\t<\/div>\n\t\t\t\t<\/div>\n\t\t\t\t<\/div>\n\t\t\t\t\t\t<\/div>\n\t\t\t\t\t<\/div>\n\t\t<\/div>\n\t\t\t\t<div class=\"elementor-column elementor-col-50 elementor-top-column elementor-element elementor-element-d157665\" data-id=\"d157665\" data-element_type=\"column\">\n\t\t\t<div class=\"elementor-column-wrap elementor-element-populated\">\n\t\t\t\t\t\t\t<div class=\"elementor-widget-wrap\">\n\t\t\t\t\t\t<div class=\"elementor-element elementor-element-2566e23 elementor-widget elementor-widget-text-editor\" data-id=\"2566e23\" data-element_type=\"widget\" data-widget_type=\"text-editor.default\">\n\t\t\t\t<div class=\"elementor-widget-container\">\n\t\t\t\t\t\t\t\t<div class=\"elementor-text-editor elementor-clearfix\">\n\t\t\t\tAdd quality and customized trust to your design!\t\t\t\t\t<\/div>\n\t\t\t\t\t\t<\/div>\n\t\t\t\t<\/div>\n\t\t\t\t<div class=\"elementor-element elementor-element-7c15073 elementor-icon-list--layout-traditional elementor-list-item-link-full_width elementor-widget elementor-widget-icon-list\" data-id=\"7c15073\" data-element_type=\"widget\" data-widget_type=\"icon-list.default\">\n\t\t\t\t<div class=\"elementor-widget-container\">\n\t\t\t\t\t<ul class=\"elementor-icon-list-items\">\n\t\t\t\t\t\t\t<li class=\"elementor-icon-list-item\">\n\t\t\t\t\t\t\t\t\t\t\t<span class=\"elementor-icon-list-icon\">\n\t\t\t\t\t\t\t<i aria-hidden=\"true\" class=\"fas fa-check\"><\/i>\t\t\t\t\t\t<\/span>\n\t\t\t\t\t\t\t\t\t\t<span class=\"elementor-icon-list-text\">Security in the secrecy of designs,<\/span>\n\t\t\t\t\t\t\t\t\t<\/li>\n\t\t\t\t\t\t\t\t<li class=\"elementor-icon-list-item\">\n\t\t\t\t\t\t\t\t\t\t\t<span class=\"elementor-icon-list-icon\">\n\t\t\t\t\t\t\t<i aria-hidden=\"true\" class=\"fas fa-check\"><\/i>\t\t\t\t\t\t<\/span>\n\t\t\t\t\t\t\t\t\t\t<span class=\"elementor-icon-list-text\">On-time service;<\/span>\n\t\t\t\t\t\t\t\t\t<\/li>\n\t\t\t\t\t\t\t\t<li class=\"elementor-icon-list-item\">\n\t\t\t\t\t\t\t\t\t\t\t<span class=\"elementor-icon-list-icon\">\n\t\t\t\t\t\t\t<i aria-hidden=\"true\" class=\"fas fa-check\"><\/i>\t\t\t\t\t\t<\/span>\n\t\t\t\t\t\t\t\t\t\t<span class=\"elementor-icon-list-text\">Production through standards, allowing continuity in the manufacturing process;<\/span>\n\t\t\t\t\t\t\t\t\t<\/li>\n\t\t\t\t\t\t\t\t<li class=\"elementor-icon-list-item\">\n\t\t\t\t\t\t\t\t\t\t\t<span class=\"elementor-icon-list-icon\">\n\t\t\t\t\t\t\t<i aria-hidden=\"true\" class=\"fas fa-check\"><\/i>\t\t\t\t\t\t<\/span>\n\t\t\t\t\t\t\t\t\t\t<span class=\"elementor-icon-list-text\">Logistics focused on meeting deadlines and preserving products for the customer;<\/span>\n\t\t\t\t\t\t\t\t\t<\/li>\n\t\t\t\t\t\t\t\t<li class=\"elementor-icon-list-item\">\n\t\t\t\t\t\t\t\t\t\t\t<span class=\"elementor-icon-list-icon\">\n\t\t\t\t\t\t\t<i aria-hidden=\"true\" class=\"fas fa-check\"><\/i>\t\t\t\t\t\t<\/span>\n\t\t\t\t\t\t\t\t\t\t<span class=\"elementor-icon-list-text\">After-sales with technical support in applying the product;<\/span>\n\t\t\t\t\t\t\t\t\t<\/li>\n\t\t\t\t\t\t\t\t<li class=\"elementor-icon-list-item\">\n\t\t\t\t\t\t\t\t\t\t\t<span class=\"elementor-icon-list-icon\">\n\t\t\t\t\t\t\t<i aria-hidden=\"true\" class=\"fas fa-check\"><\/i>\t\t\t\t\t\t<\/span>\n\t\t\t\t\t\t\t\t\t\t<span class=\"elementor-icon-list-text\">Compliance with Regulatory Requirements.<\/span>\n\t\t\t\t\t\t\t\t\t<\/li>\n\t\t\t\t\t\t<\/ul>\n\t\t\t\t<\/div>\n\t\t\t\t<\/div>\n\t\t\t\t\t\t<\/div>\n\t\t\t\t\t<\/div>\n\t\t<\/div>\n\t\t\t\t\t\t\t\t<\/div>\n\t\t\t\t\t<\/div>\n\t\t<\/section>\n\t\t\t\t<section class=\"elementor-section elementor-top-section elementor-element elementor-element-6088bf40 elementor-section-boxed elementor-section-height-default elementor-section-height-default\" data-id=\"6088bf40\" data-element_type=\"section\" data-settings=\"{&quot;background_background&quot;:&quot;classic&quot;}\">\n\t\t\t\t\t\t\t<div class=\"elementor-background-overlay\"><\/div>\n\t\t\t\t\t\t\t<div class=\"elementor-container elementor-column-gap-default\">\n\t\t\t\t\t\t\t<div class=\"elementor-row\">\n\t\t\t\t\t<div class=\"elementor-column elementor-col-100 elementor-top-column elementor-element elementor-element-15053380\" data-id=\"15053380\" data-element_type=\"column\">\n\t\t\t<div class=\"elementor-column-wrap elementor-element-populated\">\n\t\t\t\t\t\t\t<div class=\"elementor-widget-wrap\">\n\t\t\t\t\t\t<div class=\"elementor-element elementor-element-3faaf7ab elementor-widget elementor-widget-heading\" data-id=\"3faaf7ab\" data-element_type=\"widget\" data-widget_type=\"heading.default\">\n\t\t\t\t<div class=\"elementor-widget-container\">\n\t\t\t<h2 class=\"elementor-heading-title elementor-size-default\">CONTACT US<\/h2>\t\t<\/div>\n\t\t\t\t<\/div>\n\t\t\t\t<div class=\"elementor-element elementor-element-3c612cf1 elementor-widget-divider--view-line elementor-widget elementor-widget-divider\" data-id=\"3c612cf1\" data-element_type=\"widget\" data-widget_type=\"divider.default\">\n\t\t\t\t<div class=\"elementor-widget-container\">\n\t\t\t\t\t<div class=\"elementor-divider\">\n\t\t\t<span class=\"elementor-divider-separator\">\n\t\t\t\t\t\t<\/span>\n\t\t<\/div>\n\t\t\t\t<\/div>\n\t\t\t\t<\/div>\n\t\t\t\t<div class=\"elementor-element elementor-element-647424f7 elementor-widget elementor-widget-text-editor\" data-id=\"647424f7\" data-element_type=\"widget\" data-widget_type=\"text-editor.default\">\n\t\t\t\t<div class=\"elementor-widget-container\">\n\t\t\t\t\t\t\t\t<div class=\"elementor-text-editor elementor-clearfix\">\n\t\t\t\tContact us. We will be happy to help you.\t\t\t\t\t<\/div>\n\t\t\t\t\t\t<\/div>\n\t\t\t\t<\/div>\n\t\t\t\t<div class=\"elementor-element elementor-element-635fc54 elementor-widget elementor-widget-html\" data-id=\"635fc54\" data-element_type=\"widget\" data-widget_type=\"html.default\">\n\t\t\t\t<div class=\"elementor-widget-container\">\n\t\t\t<script data-b24-form=\"inline\/115\/r5l8uh\" data-skip-moving=\"true\">\n(function(w,d,u){\nvar s=d.createElement('script');s.async=true;s.src=u+'?'+(Date.now()\/180000|0);\nvar h=d.getElementsByTagName('script')[0];h.parentNode.insertBefore(s,h);\n})(window,document,'https:\/\/cdn.bitrix24.com.br\/b11949843\/crm\/form\/loader_115.js');\n<\/script>\t\t<\/div>\n\t\t\t\t<\/div>\n\t\t\t\t\t\t<\/div>\n\t\t\t\t\t<\/div>\n\t\t<\/div>\n\t\t\t\t\t\t\t\t<\/div>\n\t\t\t\t\t<\/div>\n\t\t<\/section>\n\t\t\t\t<section class=\"elementor-section elementor-top-section elementor-element elementor-element-7d93c052 elementor-section-boxed elementor-section-height-default elementor-section-height-default\" data-id=\"7d93c052\" data-element_type=\"section\" data-settings=\"{&quot;background_background&quot;:&quot;classic&quot;}\">\n\t\t\t\t\t\t<div class=\"elementor-container elementor-column-gap-default\">\n\t\t\t\t\t\t\t<div class=\"elementor-row\">\n\t\t\t\t\t<div class=\"elementor-column elementor-col-100 elementor-top-column elementor-element elementor-element-38fea6e0\" data-id=\"38fea6e0\" data-element_type=\"column\">\n\t\t\t<div class=\"elementor-column-wrap\">\n\t\t\t\t\t\t\t<div class=\"elementor-widget-wrap\">\n\t\t\t\t\t\t\t\t<\/div>\n\t\t\t\t\t<\/div>\n\t\t<\/div>\n\t\t\t\t\t\t\t\t<\/div>\n\t\t\t\t\t<\/div>\n\t\t<\/section>\n\t\t\t\t\t\t\t\t\t<\/div>\n\t\t\t<\/div>\n\t\t\t\t\t<\/div>\n\t\t","protected":false},"excerpt":{"rendered":"<p>DEVELOPMENT OF CUSTOM PROFILES Technical profiles designed to meet your needs. Customize Tecnoperfil\u00b4 s quality to your design! In addition to its vast product portfolio, Tecnoperfil develops custom profiles tailored to the needs and technical specifications of each customer. Almost three decades ago of experience in producing plastic profiles, Tecnoperfil has a highly trained development [&hellip;]<\/p>\n","protected":false},"author":1,"featured_media":0,"parent":0,"menu_order":0,"comment_status":"closed","ping_status":"closed","template":"","meta":[],"yoast_head":"<!-- This site is optimized with the Yoast SEO plugin v20.8 - https:\/\/yoast.com\/wordpress\/plugins\/seo\/ -->\n<title>Development of Custom Profiles | Custom-made | Tecnoperfil<\/title>\n<meta name=\"description\" content=\"In addition to our wide-ranging product portfolio, we develop customized profiles according to the technical needs of each client.\" \/>\n<meta name=\"robots\" content=\"index, follow, max-snippet:-1, max-image-preview:large, max-video-preview:-1\" \/>\n<link rel=\"canonical\" href=\"https:\/\/www.tecnoperfil.com.br\/en\/development-of-custom-profiles\/\" \/>\n<meta property=\"og:locale\" content=\"en_US\" \/>\n<meta property=\"og:type\" content=\"article\" \/>\n<meta property=\"og:title\" content=\"Development of Custom Profiles | Custom-made | Tecnoperfil\" \/>\n<meta property=\"og:description\" content=\"In addition to our wide-ranging product portfolio, we develop customized profiles according to the technical needs of each client.\" \/>\n<meta property=\"og:url\" content=\"https:\/\/www.tecnoperfil.com.br\/en\/development-of-custom-profiles\/\" \/>\n<meta property=\"og:site_name\" content=\"Tecnoperfil | Perfis Pl\u00e1sticos e de PVC\" \/>\n<meta property=\"article:publisher\" content=\"https:\/\/www.facebook.com\/tecnoperfilplasticos\/\" \/>\n<meta property=\"article:modified_time\" content=\"2024-03-11T16:44:33+00:00\" \/>\n<meta name=\"twitter:card\" content=\"summary_large_image\" \/>\n<meta name=\"twitter:label1\" content=\"Est. reading time\" \/>\n\t<meta name=\"twitter:data1\" content=\"1 minute\" \/>\n<script type=\"application\/ld+json\" class=\"yoast-schema-graph\">{\"@context\":\"https:\/\/schema.org\",\"@graph\":[{\"@type\":\"WebPage\",\"@id\":\"https:\/\/www.tecnoperfil.com.br\/en\/development-of-custom-profiles\/\",\"url\":\"https:\/\/www.tecnoperfil.com.br\/en\/development-of-custom-profiles\/\",\"name\":\"Development of Custom Profiles | Custom-made | Tecnoperfil\",\"isPartOf\":{\"@id\":\"https:\/\/www.tecnoperfil.com.br\/en\/#website\"},\"datePublished\":\"2020-12-16T04:07:38+00:00\",\"dateModified\":\"2024-03-11T16:44:33+00:00\",\"description\":\"In addition to our wide-ranging product portfolio, we develop customized profiles according to the technical needs of each client.\",\"breadcrumb\":{\"@id\":\"https:\/\/www.tecnoperfil.com.br\/en\/development-of-custom-profiles\/#breadcrumb\"},\"inLanguage\":\"en-US\",\"potentialAction\":[{\"@type\":\"ReadAction\",\"target\":[\"https:\/\/www.tecnoperfil.com.br\/en\/development-of-custom-profiles\/\"]}]},{\"@type\":\"BreadcrumbList\",\"@id\":\"https:\/\/www.tecnoperfil.com.br\/en\/development-of-custom-profiles\/#breadcrumb\",\"itemListElement\":[{\"@type\":\"ListItem\",\"position\":1,\"name\":\"Home\",\"item\":\"https:\/\/www.tecnoperfil.com.br\/en\/\"},{\"@type\":\"ListItem\",\"position\":2,\"name\":\"DEVELOPMENT OF CUSTOM PROFILES\"}]},{\"@type\":\"WebSite\",\"@id\":\"https:\/\/www.tecnoperfil.com.br\/en\/#website\",\"url\":\"https:\/\/www.tecnoperfil.com.br\/en\/\",\"name\":\"Tecnoperfil | Perfis Pl\u00e1sticos e de PVC\",\"description\":\"Tecnoperfil Pl\u00e1sticos h\u00e1 25 anos produzindo solu\u00e7\u00f5es em PVC. Ampla Linha Para Ind\u00fastria, Varejo e Hidroponia. Entre conhe\u00e7a nossa linha de produtos.\",\"potentialAction\":[{\"@type\":\"SearchAction\",\"target\":{\"@type\":\"EntryPoint\",\"urlTemplate\":\"https:\/\/www.tecnoperfil.com.br\/en\/?s={search_term_string}\"},\"query-input\":\"required name=search_term_string\"}],\"inLanguage\":\"en-US\"}]}<\/script>\n<!-- \/ Yoast SEO plugin. -->","yoast_head_json":{"title":"Development of Custom Profiles | Custom-made | Tecnoperfil","description":"In addition to our wide-ranging product portfolio, we develop customized profiles according to the technical needs of each client.","robots":{"index":"index","follow":"follow","max-snippet":"max-snippet:-1","max-image-preview":"max-image-preview:large","max-video-preview":"max-video-preview:-1"},"canonical":"https:\/\/www.tecnoperfil.com.br\/en\/development-of-custom-profiles\/","og_locale":"en_US","og_type":"article","og_title":"Development of Custom Profiles | Custom-made | Tecnoperfil","og_description":"In addition to our wide-ranging product portfolio, we develop customized profiles according to the technical needs of each client.","og_url":"https:\/\/www.tecnoperfil.com.br\/en\/development-of-custom-profiles\/","og_site_name":"Tecnoperfil | Perfis Pl\u00e1sticos e de PVC","article_publisher":"https:\/\/www.facebook.com\/tecnoperfilplasticos\/","article_modified_time":"2024-03-11T16:44:33+00:00","twitter_card":"summary_large_image","twitter_misc":{"Est. reading time":"1 minute"},"schema":{"@context":"https:\/\/schema.org","@graph":[{"@type":"WebPage","@id":"https:\/\/www.tecnoperfil.com.br\/en\/development-of-custom-profiles\/","url":"https:\/\/www.tecnoperfil.com.br\/en\/development-of-custom-profiles\/","name":"Development of Custom Profiles | Custom-made | Tecnoperfil","isPartOf":{"@id":"https:\/\/www.tecnoperfil.com.br\/en\/#website"},"datePublished":"2020-12-16T04:07:38+00:00","dateModified":"2024-03-11T16:44:33+00:00","description":"In addition to our wide-ranging product portfolio, we develop customized profiles according to the technical needs of each client.","breadcrumb":{"@id":"https:\/\/www.tecnoperfil.com.br\/en\/development-of-custom-profiles\/#breadcrumb"},"inLanguage":"en-US","potentialAction":[{"@type":"ReadAction","target":["https:\/\/www.tecnoperfil.com.br\/en\/development-of-custom-profiles\/"]}]},{"@type":"BreadcrumbList","@id":"https:\/\/www.tecnoperfil.com.br\/en\/development-of-custom-profiles\/#breadcrumb","itemListElement":[{"@type":"ListItem","position":1,"name":"Home","item":"https:\/\/www.tecnoperfil.com.br\/en\/"},{"@type":"ListItem","position":2,"name":"DEVELOPMENT OF CUSTOM PROFILES"}]},{"@type":"WebSite","@id":"https:\/\/www.tecnoperfil.com.br\/en\/#website","url":"https:\/\/www.tecnoperfil.com.br\/en\/","name":"Tecnoperfil | Perfis Pl\u00e1sticos e de PVC","description":"Tecnoperfil Pl\u00e1sticos h\u00e1 25 anos produzindo solu\u00e7\u00f5es em PVC. Ampla Linha Para Ind\u00fastria, Varejo e Hidroponia. Entre conhe\u00e7a nossa linha de produtos.","potentialAction":[{"@type":"SearchAction","target":{"@type":"EntryPoint","urlTemplate":"https:\/\/www.tecnoperfil.com.br\/en\/?s={search_term_string}"},"query-input":"required name=search_term_string"}],"inLanguage":"en-US"}]}},"_links":{"self":[{"href":"https:\/\/www.tecnoperfil.com.br\/en\/wp-json\/wp\/v2\/pages\/2309"}],"collection":[{"href":"https:\/\/www.tecnoperfil.com.br\/en\/wp-json\/wp\/v2\/pages"}],"about":[{"href":"https:\/\/www.tecnoperfil.com.br\/en\/wp-json\/wp\/v2\/types\/page"}],"author":[{"embeddable":true,"href":"https:\/\/www.tecnoperfil.com.br\/en\/wp-json\/wp\/v2\/users\/1"}],"replies":[{"embeddable":true,"href":"https:\/\/www.tecnoperfil.com.br\/en\/wp-json\/wp\/v2\/comments?post=2309"}],"version-history":[{"count":93,"href":"https:\/\/www.tecnoperfil.com.br\/en\/wp-json\/wp\/v2\/pages\/2309\/revisions"}],"predecessor-version":[{"id":7615,"href":"https:\/\/www.tecnoperfil.com.br\/en\/wp-json\/wp\/v2\/pages\/2309\/revisions\/7615"}],"wp:attachment":[{"href":"https:\/\/www.tecnoperfil.com.br\/en\/wp-json\/wp\/v2\/media?parent=2309"}],"curies":[{"name":"wp","href":"https:\/\/api.w.org\/{rel}","templated":true}]}}