{"id":1488,"date":"2020-10-29T05:29:23","date_gmt":"2020-10-29T05:29:23","guid":{"rendered":"https:\/\/www.tecnoperfil.com.br\/en\/?page_id=1488"},"modified":"2024-03-13T16:09:23","modified_gmt":"2024-03-13T19:09:23","slug":"7mm-pvc-joint-tec-246","status":"publish","type":"page","link":"https:\/\/www.tecnoperfil.com.br\/en\/7mm-pvc-joint-tec-246\/","title":{"rendered":"7MM PVC JOINT &#8211; TEC 246"},"content":{"rendered":"\t\t<div data-elementor-type=\"wp-page\" data-elementor-id=\"1488\" class=\"elementor elementor-1488\">\n\t\t\t\t\t\t<div class=\"elementor-inner\">\n\t\t\t\t<div class=\"elementor-section-wrap\">\n\t\t\t\t\t\t\t\t\t<section class=\"elementor-section elementor-top-section elementor-element elementor-element-67205f60 elementor-section-boxed elementor-section-height-default elementor-section-height-default\" data-id=\"67205f60\" data-element_type=\"section\">\n\t\t\t\t\t\t<div class=\"elementor-container elementor-column-gap-default\">\n\t\t\t\t\t\t\t<div class=\"elementor-row\">\n\t\t\t\t\t<div class=\"elementor-column elementor-col-100 elementor-top-column elementor-element elementor-element-52a8b07f\" data-id=\"52a8b07f\" data-element_type=\"column\">\n\t\t\t<div class=\"elementor-column-wrap elementor-element-populated\">\n\t\t\t\t\t\t\t<div class=\"elementor-widget-wrap\">\n\t\t\t\t\t\t<div class=\"elementor-element elementor-element-57e39ca6 elementor-widget elementor-widget-heading\" data-id=\"57e39ca6\" data-element_type=\"widget\" data-widget_type=\"heading.default\">\n\t\t\t\t<div class=\"elementor-widget-container\">\n\t\t\t<h2 class=\"elementor-heading-title elementor-size-default\">7MM PVC JOINT - TEC 246<\/h2>\t\t<\/div>\n\t\t\t\t<\/div>\n\t\t\t\t<div class=\"elementor-element elementor-element-4e24653 elementor-widget-divider--view-line elementor-widget elementor-widget-divider\" data-id=\"4e24653\" data-element_type=\"widget\" data-widget_type=\"divider.default\">\n\t\t\t\t<div class=\"elementor-widget-container\">\n\t\t\t\t\t<div class=\"elementor-divider\">\n\t\t\t<span class=\"elementor-divider-separator\">\n\t\t\t\t\t\t<\/span>\n\t\t<\/div>\n\t\t\t\t<\/div>\n\t\t\t\t<\/div>\n\t\t\t\t\t\t<\/div>\n\t\t\t\t\t<\/div>\n\t\t<\/div>\n\t\t\t\t\t\t\t\t<\/div>\n\t\t\t\t\t<\/div>\n\t\t<\/section>\n\t\t\t\t<section class=\"elementor-section elementor-top-section elementor-element elementor-element-43f2ea54 elementor-section-boxed elementor-section-height-default elementor-section-height-default\" data-id=\"43f2ea54\" data-element_type=\"section\">\n\t\t\t\t\t\t<div class=\"elementor-container elementor-column-gap-default\">\n\t\t\t\t\t\t\t<div class=\"elementor-row\">\n\t\t\t\t\t<div class=\"elementor-column elementor-col-50 elementor-top-column elementor-element elementor-element-4537809d\" data-id=\"4537809d\" data-element_type=\"column\">\n\t\t\t<div class=\"elementor-column-wrap elementor-element-populated\">\n\t\t\t\t\t\t\t<div class=\"elementor-widget-wrap\">\n\t\t\t\t\t\t<div class=\"elementor-element elementor-element-1c671085 elementor-arrows-position-inside elementor-pagination-position-outside elementor-widget elementor-widget-image-carousel\" data-id=\"1c671085\" data-element_type=\"widget\" data-settings=\"{&quot;slides_to_show&quot;:&quot;1&quot;,&quot;navigation&quot;:&quot;both&quot;,&quot;autoplay&quot;:&quot;yes&quot;,&quot;pause_on_hover&quot;:&quot;yes&quot;,&quot;pause_on_interaction&quot;:&quot;yes&quot;,&quot;autoplay_speed&quot;:5000,&quot;infinite&quot;:&quot;yes&quot;,&quot;effect&quot;:&quot;slide&quot;,&quot;speed&quot;:500}\" data-widget_type=\"image-carousel.default\">\n\t\t\t\t<div class=\"elementor-widget-container\">\n\t\t\t\t\t<div class=\"elementor-image-carousel-wrapper swiper-container\" dir=\"ltr\">\n\t\t\t<div class=\"elementor-image-carousel swiper-wrapper\">\n\t\t\t\t\t\t\t\t<div class=\"swiper-slide\"><figure class=\"swiper-slide-inner\"><img decoding=\"async\" class=\"swiper-slide-image\" src=\"https:\/\/www.tecnoperfil.com.br\/en\/wp-content\/uploads\/2020\/10\/tec246_01-555x555-1.jpg\" alt=\"tec246_01-555x555\" \/><\/figure><\/div><div class=\"swiper-slide\"><figure class=\"swiper-slide-inner\"><img decoding=\"async\" class=\"swiper-slide-image\" src=\"https:\/\/www.tecnoperfil.com.br\/en\/wp-content\/uploads\/2020\/10\/0211-555x555-1.jpg\" alt=\"0211-555x555\" \/><\/figure><\/div>\t\t\t<\/div>\n\t\t\t\t\t\t\t\t\t\t\t\t<div class=\"swiper-pagination\"><\/div>\n\t\t\t\t\t\t\t\t\t\t\t\t\t<div class=\"elementor-swiper-button elementor-swiper-button-prev\" role=\"button\" tabindex=\"0\">\n\t\t\t\t\t\t<i aria-hidden=\"true\" class=\"eicon-chevron-left\"><\/i>\t\t\t\t\t\t<span class=\"elementor-screen-only\">Previous image<\/span>\n\t\t\t\t\t<\/div>\n\t\t\t\t\t<div class=\"elementor-swiper-button elementor-swiper-button-next\" role=\"button\" tabindex=\"0\">\n\t\t\t\t\t\t<i aria-hidden=\"true\" class=\"eicon-chevron-right\"><\/i>\t\t\t\t\t\t<span class=\"elementor-screen-only\">Next image<\/span>\n\t\t\t\t\t<\/div>\n\t\t\t\t\t\t\t\t\t<\/div>\n\t\t\t\t<\/div>\n\t\t\t\t<\/div>\n\t\t\t\t\t\t<\/div>\n\t\t\t\t\t<\/div>\n\t\t<\/div>\n\t\t\t\t<div class=\"elementor-column elementor-col-50 elementor-top-column elementor-element elementor-element-2eed54e7\" data-id=\"2eed54e7\" data-element_type=\"column\">\n\t\t\t<div class=\"elementor-column-wrap elementor-element-populated\">\n\t\t\t\t\t\t\t<div class=\"elementor-widget-wrap\">\n\t\t\t\t\t\t<div class=\"elementor-element elementor-element-5558d412 elementor-widget elementor-widget-heading\" data-id=\"5558d412\" data-element_type=\"widget\" data-widget_type=\"heading.default\">\n\t\t\t\t<div class=\"elementor-widget-container\">\n\t\t\t<h2 class=\"elementor-heading-title elementor-size-default\">To install Tecnoperfil\u00b4s Panels<\/h2>\t\t<\/div>\n\t\t\t\t<\/div>\n\t\t\t\t<div class=\"elementor-element elementor-element-4bae0be5 elementor-widget elementor-widget-text-editor\" data-id=\"4bae0be5\" data-element_type=\"widget\" data-widget_type=\"text-editor.default\">\n\t\t\t\t<div class=\"elementor-widget-container\">\n\t\t\t\t\t\t\t\t<div class=\"elementor-text-editor elementor-clearfix\">\n\t\t\t\t<p>The PVC 7mm Joint is used to assemble Tecnoperfil\u00b4s Panels, providing a perfect finish when installing the product. It can also be used to join Tecnoperfil\u00b4s Wall Coverings.<\/p><p>Made of flameproof PVC, manufactured in accordance with ABNT standard NBR-14285 and limits the optical density of smoke, required by fire brigades. Product exclusively for internal use.\u00a0<\/p>\t\t\t\t\t<\/div>\n\t\t\t\t\t\t<\/div>\n\t\t\t\t<\/div>\n\t\t\t\t<section class=\"elementor-section elementor-inner-section elementor-element elementor-element-5c8cc498 elementor-section-boxed elementor-section-height-default elementor-section-height-default\" data-id=\"5c8cc498\" data-element_type=\"section\">\n\t\t\t\t\t\t<div class=\"elementor-container elementor-column-gap-default\">\n\t\t\t\t\t\t\t<div class=\"elementor-row\">\n\t\t\t\t\t<div class=\"elementor-column elementor-col-33 elementor-inner-column elementor-element elementor-element-5a598078\" data-id=\"5a598078\" data-element_type=\"column\">\n\t\t\t<div class=\"elementor-column-wrap elementor-element-populated\">\n\t\t\t\t\t\t\t<div class=\"elementor-widget-wrap\">\n\t\t\t\t\t\t<div class=\"elementor-element elementor-element-6ec32a4d elementor-align-left elementor-mobile-align-center elementor-widget elementor-widget-button\" data-id=\"6ec32a4d\" data-element_type=\"widget\" data-widget_type=\"button.default\">\n\t\t\t\t<div class=\"elementor-widget-container\">\n\t\t\t\t\t<div class=\"elementor-button-wrapper\">\n\t\t\t<a href=\"\/downloads\" class=\"elementor-button-link elementor-button elementor-size-sm\" role=\"button\">\n\t\t\t\t\t\t<span class=\"elementor-button-content-wrapper\">\n\t\t\t\t\t\t\t<span class=\"elementor-button-icon elementor-align-icon-right\">\n\t\t\t\t<i aria-hidden=\"true\" class=\"fas fa-arrow-down\"><\/i>\t\t\t<\/span>\n\t\t\t\t\t\t<span class=\"elementor-button-text\">VIEW CATALOG<\/span>\n\t\t<\/span>\n\t\t\t\t\t<\/a>\n\t\t<\/div>\n\t\t\t\t<\/div>\n\t\t\t\t<\/div>\n\t\t\t\t\t\t<\/div>\n\t\t\t\t\t<\/div>\n\t\t<\/div>\n\t\t\t\t<div class=\"elementor-column elementor-col-33 elementor-inner-column elementor-element elementor-element-5408fea6\" data-id=\"5408fea6\" data-element_type=\"column\">\n\t\t\t<div class=\"elementor-column-wrap elementor-element-populated\">\n\t\t\t\t\t\t\t<div class=\"elementor-widget-wrap\">\n\t\t\t\t\t\t<div class=\"elementor-element elementor-element-55fbe66a elementor-align-left elementor-mobile-align-center elementor-widget elementor-widget-button\" data-id=\"55fbe66a\" data-element_type=\"widget\" data-widget_type=\"button.default\">\n\t\t\t\t<div class=\"elementor-widget-container\">\n\t\t\t\t\t<div class=\"elementor-button-wrapper\">\n\t\t\t<a href=\"https:\/\/www.tecnoperfil.com.br\/en\/orcamento\/\" class=\"elementor-button-link elementor-button elementor-size-sm\" role=\"button\">\n\t\t\t\t\t\t<span class=\"elementor-button-content-wrapper\">\n\t\t\t\t\t\t\t<span class=\"elementor-button-icon elementor-align-icon-right\">\n\t\t\t\t<i aria-hidden=\"true\" class=\"fas fa-phone\"><\/i>\t\t\t<\/span>\n\t\t\t\t\t\t<span class=\"elementor-button-text\">REQUEST A QUOTE<\/span>\n\t\t<\/span>\n\t\t\t\t\t<\/a>\n\t\t<\/div>\n\t\t\t\t<\/div>\n\t\t\t\t<\/div>\n\t\t\t\t\t\t<\/div>\n\t\t\t\t\t<\/div>\n\t\t<\/div>\n\t\t\t\t<div class=\"elementor-column elementor-col-33 elementor-inner-column elementor-element elementor-element-56a75358\" data-id=\"56a75358\" data-element_type=\"column\">\n\t\t\t<div class=\"elementor-column-wrap\">\n\t\t\t\t\t\t\t<div class=\"elementor-widget-wrap\">\n\t\t\t\t\t\t\t\t<\/div>\n\t\t\t\t\t<\/div>\n\t\t<\/div>\n\t\t\t\t\t\t\t\t<\/div>\n\t\t\t\t\t<\/div>\n\t\t<\/section>\n\t\t\t\t\t\t<\/div>\n\t\t\t\t\t<\/div>\n\t\t<\/div>\n\t\t\t\t\t\t\t\t<\/div>\n\t\t\t\t\t<\/div>\n\t\t<\/section>\n\t\t\t\t<section class=\"elementor-section elementor-top-section elementor-element elementor-element-82ae0ab elementor-section-boxed elementor-section-height-default elementor-section-height-default\" data-id=\"82ae0ab\" data-element_type=\"section\">\n\t\t\t\t\t\t<div class=\"elementor-container elementor-column-gap-default\">\n\t\t\t\t\t\t\t<div class=\"elementor-row\">\n\t\t\t\t\t<div class=\"elementor-column elementor-col-100 elementor-top-column elementor-element elementor-element-125a1734\" data-id=\"125a1734\" data-element_type=\"column\">\n\t\t\t<div class=\"elementor-column-wrap elementor-element-populated\">\n\t\t\t\t\t\t\t<div class=\"elementor-widget-wrap\">\n\t\t\t\t\t\t<section class=\"elementor-section elementor-inner-section elementor-element elementor-element-1f517349 elementor-section-boxed elementor-section-height-default elementor-section-height-default\" data-id=\"1f517349\" data-element_type=\"section\">\n\t\t\t\t\t\t<div class=\"elementor-container elementor-column-gap-default\">\n\t\t\t\t\t\t\t<div class=\"elementor-row\">\n\t\t\t\t\t<div class=\"elementor-column elementor-col-100 elementor-inner-column elementor-element elementor-element-57e5aca7\" data-id=\"57e5aca7\" data-element_type=\"column\">\n\t\t\t<div class=\"elementor-column-wrap elementor-element-populated\">\n\t\t\t\t\t\t\t<div class=\"elementor-widget-wrap\">\n\t\t\t\t\t\t<div class=\"elementor-element elementor-element-739534d2 elementor-tabs-view-horizontal elementor-widget elementor-widget-tabs\" data-id=\"739534d2\" data-element_type=\"widget\" data-widget_type=\"tabs.default\">\n\t\t\t\t<div class=\"elementor-widget-container\">\n\t\t\t\t\t<div class=\"elementor-tabs\">\n\t\t\t<div class=\"elementor-tabs-wrapper\" role=\"tablist\" >\n\t\t\t\t\t\t\t\t\t<div id=\"elementor-tab-title-1931\" class=\"elementor-tab-title elementor-tab-desktop-title\" aria-selected=\"true\" data-tab=\"1\" role=\"tab\" tabindex=\"0\" aria-controls=\"elementor-tab-content-1931\" aria-expanded=\"false\">APPLICATION<\/div>\n\t\t\t\t\t\t\t\t\t<div id=\"elementor-tab-title-1932\" class=\"elementor-tab-title elementor-tab-desktop-title\" aria-selected=\"false\" data-tab=\"2\" role=\"tab\" tabindex=\"-1\" aria-controls=\"elementor-tab-content-1932\" aria-expanded=\"false\">TECHNICAL FEATURES<\/div>\n\t\t\t\t\t\t\t\t\t<div id=\"elementor-tab-title-1933\" class=\"elementor-tab-title elementor-tab-desktop-title\" aria-selected=\"false\" data-tab=\"3\" role=\"tab\" tabindex=\"-1\" aria-controls=\"elementor-tab-content-1933\" aria-expanded=\"false\">COLORS<\/div>\n\t\t\t\t\t\t\t<\/div>\n\t\t\t<div class=\"elementor-tabs-content-wrapper\" role=\"tablist\" aria-orientation=\"vertical\">\n\t\t\t\t\t\t\t\t\t<div class=\"elementor-tab-title elementor-tab-mobile-title\" aria-selected=\"true\" data-tab=\"1\" role=\"tab\" tabindex=\"0\" aria-controls=\"elementor-tab-content-1931\" aria-expanded=\"false\">APPLICATION<\/div>\n\t\t\t\t\t<div id=\"elementor-tab-content-1931\" class=\"elementor-tab-content elementor-clearfix\" data-tab=\"1\" role=\"tabpanel\" aria-labelledby=\"elementor-tab-title-1931\" tabindex=\"0\" hidden=\"false\">Used to assemble Tecnoperfil\u00b4s Panels and Wall Coverings. <\/div>\n\t\t\t\t\t\t\t\t\t<div class=\"elementor-tab-title elementor-tab-mobile-title\" aria-selected=\"false\" data-tab=\"2\" role=\"tab\" tabindex=\"-1\" aria-controls=\"elementor-tab-content-1932\" aria-expanded=\"false\">TECHNICAL FEATURES<\/div>\n\t\t\t\t\t<div id=\"elementor-tab-content-1932\" class=\"elementor-tab-content elementor-clearfix\" data-tab=\"2\" role=\"tabpanel\" aria-labelledby=\"elementor-tab-title-1932\" tabindex=\"0\" hidden=\"hidden\">Available in 6m pieces; \nDimensions: 59 x 11mm \nWeight: 170g\/m<\/div>\n\t\t\t\t\t\t\t\t\t<div class=\"elementor-tab-title elementor-tab-mobile-title\" aria-selected=\"false\" data-tab=\"3\" role=\"tab\" tabindex=\"-1\" aria-controls=\"elementor-tab-content-1933\" aria-expanded=\"false\">COLORS<\/div>\n\t\t\t\t\t<div id=\"elementor-tab-content-1933\" class=\"elementor-tab-content elementor-clearfix\" data-tab=\"3\" role=\"tabpanel\" aria-labelledby=\"elementor-tab-title-1933\" tabindex=\"0\" hidden=\"hidden\">Snow white, ice white, ivory, black and yellow.<\/div>\n\t\t\t\t\t\t\t<\/div>\n\t\t<\/div>\n\t\t\t\t<\/div>\n\t\t\t\t<\/div>\n\t\t\t\t\t\t<\/div>\n\t\t\t\t\t<\/div>\n\t\t<\/div>\n\t\t\t\t\t\t\t\t<\/div>\n\t\t\t\t\t<\/div>\n\t\t<\/section>\n\t\t\t\t\t\t<\/div>\n\t\t\t\t\t<\/div>\n\t\t<\/div>\n\t\t\t\t\t\t\t\t<\/div>\n\t\t\t\t\t<\/div>\n\t\t<\/section>\n\t\t\t\t<section class=\"elementor-section elementor-top-section elementor-element elementor-element-6247bd6 elementor-section-boxed elementor-section-height-default elementor-section-height-default\" data-id=\"6247bd6\" data-element_type=\"section\" data-settings=\"{&quot;background_background&quot;:&quot;classic&quot;}\">\n\t\t\t\t\t\t\t<div class=\"elementor-background-overlay\"><\/div>\n\t\t\t\t\t\t\t<div class=\"elementor-container elementor-column-gap-default\">\n\t\t\t\t\t\t\t<div class=\"elementor-row\">\n\t\t\t\t\t<div class=\"elementor-column elementor-col-100 elementor-top-column elementor-element elementor-element-22afa2bf\" data-id=\"22afa2bf\" data-element_type=\"column\">\n\t\t\t<div class=\"elementor-column-wrap elementor-element-populated\">\n\t\t\t\t\t\t\t<div class=\"elementor-widget-wrap\">\n\t\t\t\t\t\t<div class=\"elementor-element elementor-element-caf4567 elementor-widget elementor-widget-heading\" data-id=\"caf4567\" data-element_type=\"widget\" data-widget_type=\"heading.default\">\n\t\t\t\t<div class=\"elementor-widget-container\">\n\t\t\t<h2 class=\"elementor-heading-title elementor-size-default\">CONTACT US\n<\/h2>\t\t<\/div>\n\t\t\t\t<\/div>\n\t\t\t\t<div class=\"elementor-element elementor-element-23b9f18 elementor-widget-divider--view-line elementor-widget elementor-widget-divider\" data-id=\"23b9f18\" data-element_type=\"widget\" data-widget_type=\"divider.default\">\n\t\t\t\t<div class=\"elementor-widget-container\">\n\t\t\t\t\t<div class=\"elementor-divider\">\n\t\t\t<span class=\"elementor-divider-separator\">\n\t\t\t\t\t\t<\/span>\n\t\t<\/div>\n\t\t\t\t<\/div>\n\t\t\t\t<\/div>\n\t\t\t\t<div class=\"elementor-element elementor-element-7bb866b3 elementor-widget elementor-widget-text-editor\" data-id=\"7bb866b3\" data-element_type=\"widget\" data-widget_type=\"text-editor.default\">\n\t\t\t\t<div class=\"elementor-widget-container\">\n\t\t\t\t\t\t\t\t<div class=\"elementor-text-editor elementor-clearfix\">\n\t\t\t\tContact us. We will be happy to help you.\t\t\t\t\t<\/div>\n\t\t\t\t\t\t<\/div>\n\t\t\t\t<\/div>\n\t\t\t\t<section class=\"elementor-section elementor-inner-section elementor-element elementor-element-3bcff8e7 elementor-section-boxed elementor-section-height-default elementor-section-height-default\" data-id=\"3bcff8e7\" data-element_type=\"section\">\n\t\t\t\t\t\t<div class=\"elementor-container elementor-column-gap-default\">\n\t\t\t\t\t\t\t<div class=\"elementor-row\">\n\t\t\t\t\t<div class=\"elementor-column elementor-col-33 elementor-inner-column elementor-element elementor-element-5f66a9d8\" data-id=\"5f66a9d8\" data-element_type=\"column\">\n\t\t\t<div class=\"elementor-column-wrap\">\n\t\t\t\t\t\t\t<div class=\"elementor-widget-wrap\">\n\t\t\t\t\t\t\t\t<\/div>\n\t\t\t\t\t<\/div>\n\t\t<\/div>\n\t\t\t\t<div class=\"elementor-column elementor-col-33 elementor-inner-column elementor-element elementor-element-771eae24\" data-id=\"771eae24\" data-element_type=\"column\" data-settings=\"{&quot;background_background&quot;:&quot;classic&quot;}\">\n\t\t\t<div class=\"elementor-column-wrap elementor-element-populated\">\n\t\t\t\t\t\t\t<div class=\"elementor-widget-wrap\">\n\t\t\t\t\t\t<div class=\"elementor-element elementor-element-da85e6b elementor-widget elementor-widget-html\" data-id=\"da85e6b\" data-element_type=\"widget\" data-widget_type=\"html.default\">\n\t\t\t\t<div class=\"elementor-widget-container\">\n\t\t\t<script data-b24-form=\"inline\/101\/y9rqem\" data-skip-moving=\"true\">\n(function(w,d,u){\nvar s=d.createElement('script');s.async=true;s.src=u+'?'+(Date.now()\/180000|0);\nvar h=d.getElementsByTagName('script')[0];h.parentNode.insertBefore(s,h);\n})(window,document,'https:\/\/cdn.bitrix24.com.br\/b11949843\/crm\/form\/loader_101.js');\n<\/script>\t\t<\/div>\n\t\t\t\t<\/div>\n\t\t\t\t\t\t<\/div>\n\t\t\t\t\t<\/div>\n\t\t<\/div>\n\t\t\t\t<div class=\"elementor-column elementor-col-33 elementor-inner-column elementor-element elementor-element-2553c312\" data-id=\"2553c312\" data-element_type=\"column\">\n\t\t\t<div class=\"elementor-column-wrap\">\n\t\t\t\t\t\t\t<div class=\"elementor-widget-wrap\">\n\t\t\t\t\t\t\t\t<\/div>\n\t\t\t\t\t<\/div>\n\t\t<\/div>\n\t\t\t\t\t\t\t\t<\/div>\n\t\t\t\t\t<\/div>\n\t\t<\/section>\n\t\t\t\t\t\t<\/div>\n\t\t\t\t\t<\/div>\n\t\t<\/div>\n\t\t\t\t\t\t\t\t<\/div>\n\t\t\t\t\t<\/div>\n\t\t<\/section>\n\t\t\t\t\t\t\t\t\t<\/div>\n\t\t\t<\/div>\n\t\t\t\t\t<\/div>\n\t\t","protected":false},"excerpt":{"rendered":"<p>7MM PVC JOINT &#8211; TEC 246 Previous image Next image To install Tecnoperfil\u00b4s Panels The PVC 7mm Joint is used to assemble Tecnoperfil\u00b4s Panels, providing a perfect finish when installing the product. It can also be used to join Tecnoperfil\u00b4s Wall Coverings. Made of flameproof PVC, manufactured in accordance with ABNT standard NBR-14285 and limits [&hellip;]<\/p>\n","protected":false},"author":1,"featured_media":0,"parent":0,"menu_order":0,"comment_status":"closed","ping_status":"closed","template":"","meta":[],"yoast_head":"<!-- This site is optimized with the Yoast SEO plugin v20.8 - https:\/\/yoast.com\/wordpress\/plugins\/seo\/ -->\n<title>7MM PVC Joint | Tec 246 | Tecnoperfil<\/title>\n<meta name=\"description\" content=\"The 7mm PVC Joint is used to assemble Tecnoperfil ceilings. It can also be used to splice cladding boards.\" \/>\n<meta name=\"robots\" content=\"index, follow, max-snippet:-1, max-image-preview:large, max-video-preview:-1\" \/>\n<link rel=\"canonical\" href=\"https:\/\/www.tecnoperfil.com.br\/en\/7mm-pvc-joint-tec-246\/\" \/>\n<meta property=\"og:locale\" content=\"en_US\" \/>\n<meta property=\"og:type\" content=\"article\" \/>\n<meta property=\"og:title\" content=\"7MM PVC Joint | Tec 246 | Tecnoperfil\" \/>\n<meta property=\"og:description\" content=\"The 7mm PVC Joint is used to assemble Tecnoperfil ceilings. It can also be used to splice cladding boards.\" \/>\n<meta property=\"og:url\" content=\"https:\/\/www.tecnoperfil.com.br\/en\/7mm-pvc-joint-tec-246\/\" \/>\n<meta property=\"og:site_name\" content=\"Tecnoperfil | Perfis Pl\u00e1sticos e de PVC\" \/>\n<meta property=\"article:publisher\" content=\"https:\/\/www.facebook.com\/tecnoperfilplasticos\/\" \/>\n<meta property=\"article:modified_time\" content=\"2024-03-13T19:09:23+00:00\" \/>\n<meta property=\"og:image\" content=\"https:\/\/www.tecnoperfil.com.br\/en\/wp-content\/uploads\/2020\/10\/tec246_01-555x555-1.jpg\" \/>\n<meta name=\"twitter:card\" content=\"summary_large_image\" \/>\n<meta name=\"twitter:label1\" content=\"Est. reading time\" \/>\n\t<meta name=\"twitter:data1\" content=\"2 minutes\" \/>\n<script type=\"application\/ld+json\" class=\"yoast-schema-graph\">{\"@context\":\"https:\/\/schema.org\",\"@graph\":[{\"@type\":\"WebPage\",\"@id\":\"https:\/\/www.tecnoperfil.com.br\/en\/7mm-pvc-joint-tec-246\/\",\"url\":\"https:\/\/www.tecnoperfil.com.br\/en\/7mm-pvc-joint-tec-246\/\",\"name\":\"7MM PVC Joint | Tec 246 | Tecnoperfil\",\"isPartOf\":{\"@id\":\"https:\/\/www.tecnoperfil.com.br\/en\/#website\"},\"datePublished\":\"2020-10-29T05:29:23+00:00\",\"dateModified\":\"2024-03-13T19:09:23+00:00\",\"description\":\"The 7mm PVC Joint is used to assemble Tecnoperfil ceilings. It can also be used to splice cladding boards.\",\"breadcrumb\":{\"@id\":\"https:\/\/www.tecnoperfil.com.br\/en\/7mm-pvc-joint-tec-246\/#breadcrumb\"},\"inLanguage\":\"en-US\",\"potentialAction\":[{\"@type\":\"ReadAction\",\"target\":[\"https:\/\/www.tecnoperfil.com.br\/en\/7mm-pvc-joint-tec-246\/\"]}]},{\"@type\":\"BreadcrumbList\",\"@id\":\"https:\/\/www.tecnoperfil.com.br\/en\/7mm-pvc-joint-tec-246\/#breadcrumb\",\"itemListElement\":[{\"@type\":\"ListItem\",\"position\":1,\"name\":\"Home\",\"item\":\"https:\/\/www.tecnoperfil.com.br\/en\/\"},{\"@type\":\"ListItem\",\"position\":2,\"name\":\"7MM PVC JOINT &#8211; TEC 246\"}]},{\"@type\":\"WebSite\",\"@id\":\"https:\/\/www.tecnoperfil.com.br\/en\/#website\",\"url\":\"https:\/\/www.tecnoperfil.com.br\/en\/\",\"name\":\"Tecnoperfil | Perfis Pl\u00e1sticos e de PVC\",\"description\":\"Tecnoperfil Pl\u00e1sticos h\u00e1 25 anos produzindo solu\u00e7\u00f5es em PVC. Ampla Linha Para Ind\u00fastria, Varejo e Hidroponia. Entre conhe\u00e7a nossa linha de produtos.\",\"potentialAction\":[{\"@type\":\"SearchAction\",\"target\":{\"@type\":\"EntryPoint\",\"urlTemplate\":\"https:\/\/www.tecnoperfil.com.br\/en\/?s={search_term_string}\"},\"query-input\":\"required name=search_term_string\"}],\"inLanguage\":\"en-US\"}]}<\/script>\n<!-- \/ Yoast SEO plugin. -->","yoast_head_json":{"title":"7MM PVC Joint | Tec 246 | Tecnoperfil","description":"The 7mm PVC Joint is used to assemble Tecnoperfil ceilings. It can also be used to splice cladding boards.","robots":{"index":"index","follow":"follow","max-snippet":"max-snippet:-1","max-image-preview":"max-image-preview:large","max-video-preview":"max-video-preview:-1"},"canonical":"https:\/\/www.tecnoperfil.com.br\/en\/7mm-pvc-joint-tec-246\/","og_locale":"en_US","og_type":"article","og_title":"7MM PVC Joint | Tec 246 | Tecnoperfil","og_description":"The 7mm PVC Joint is used to assemble Tecnoperfil ceilings. It can also be used to splice cladding boards.","og_url":"https:\/\/www.tecnoperfil.com.br\/en\/7mm-pvc-joint-tec-246\/","og_site_name":"Tecnoperfil | Perfis Pl\u00e1sticos e de PVC","article_publisher":"https:\/\/www.facebook.com\/tecnoperfilplasticos\/","article_modified_time":"2024-03-13T19:09:23+00:00","og_image":[{"url":"https:\/\/www.tecnoperfil.com.br\/en\/wp-content\/uploads\/2020\/10\/tec246_01-555x555-1.jpg"}],"twitter_card":"summary_large_image","twitter_misc":{"Est. reading time":"2 minutes"},"schema":{"@context":"https:\/\/schema.org","@graph":[{"@type":"WebPage","@id":"https:\/\/www.tecnoperfil.com.br\/en\/7mm-pvc-joint-tec-246\/","url":"https:\/\/www.tecnoperfil.com.br\/en\/7mm-pvc-joint-tec-246\/","name":"7MM PVC Joint | Tec 246 | Tecnoperfil","isPartOf":{"@id":"https:\/\/www.tecnoperfil.com.br\/en\/#website"},"datePublished":"2020-10-29T05:29:23+00:00","dateModified":"2024-03-13T19:09:23+00:00","description":"The 7mm PVC Joint is used to assemble Tecnoperfil ceilings. It can also be used to splice cladding boards.","breadcrumb":{"@id":"https:\/\/www.tecnoperfil.com.br\/en\/7mm-pvc-joint-tec-246\/#breadcrumb"},"inLanguage":"en-US","potentialAction":[{"@type":"ReadAction","target":["https:\/\/www.tecnoperfil.com.br\/en\/7mm-pvc-joint-tec-246\/"]}]},{"@type":"BreadcrumbList","@id":"https:\/\/www.tecnoperfil.com.br\/en\/7mm-pvc-joint-tec-246\/#breadcrumb","itemListElement":[{"@type":"ListItem","position":1,"name":"Home","item":"https:\/\/www.tecnoperfil.com.br\/en\/"},{"@type":"ListItem","position":2,"name":"7MM PVC JOINT &#8211; TEC 246"}]},{"@type":"WebSite","@id":"https:\/\/www.tecnoperfil.com.br\/en\/#website","url":"https:\/\/www.tecnoperfil.com.br\/en\/","name":"Tecnoperfil | Perfis Pl\u00e1sticos e de PVC","description":"Tecnoperfil Pl\u00e1sticos h\u00e1 25 anos produzindo solu\u00e7\u00f5es em PVC. Ampla Linha Para Ind\u00fastria, Varejo e Hidroponia. Entre conhe\u00e7a nossa linha de produtos.","potentialAction":[{"@type":"SearchAction","target":{"@type":"EntryPoint","urlTemplate":"https:\/\/www.tecnoperfil.com.br\/en\/?s={search_term_string}"},"query-input":"required name=search_term_string"}],"inLanguage":"en-US"}]}},"_links":{"self":[{"href":"https:\/\/www.tecnoperfil.com.br\/en\/wp-json\/wp\/v2\/pages\/1488"}],"collection":[{"href":"https:\/\/www.tecnoperfil.com.br\/en\/wp-json\/wp\/v2\/pages"}],"about":[{"href":"https:\/\/www.tecnoperfil.com.br\/en\/wp-json\/wp\/v2\/types\/page"}],"author":[{"embeddable":true,"href":"https:\/\/www.tecnoperfil.com.br\/en\/wp-json\/wp\/v2\/users\/1"}],"replies":[{"embeddable":true,"href":"https:\/\/www.tecnoperfil.com.br\/en\/wp-json\/wp\/v2\/comments?post=1488"}],"version-history":[{"count":30,"href":"https:\/\/www.tecnoperfil.com.br\/en\/wp-json\/wp\/v2\/pages\/1488\/revisions"}],"predecessor-version":[{"id":8231,"href":"https:\/\/www.tecnoperfil.com.br\/en\/wp-json\/wp\/v2\/pages\/1488\/revisions\/8231"}],"wp:attachment":[{"href":"https:\/\/www.tecnoperfil.com.br\/en\/wp-json\/wp\/v2\/media?parent=1488"}],"curies":[{"name":"wp","href":"https:\/\/api.w.org\/{rel}","templated":true}]}}